{"id":9156,"date":"2017-06-20T00:13:18","date_gmt":"2017-06-19T22:13:18","guid":{"rendered":"https:\/\/www.artfilmfest.sk\/en\/?page_id=9156"},"modified":"2025-06-20T22:26:36","modified_gmt":"2025-06-20T20:26:36","slug":"commandments","status":"publish","type":"page","link":"https:\/\/iffartfilm.com\/en\/current-edition\/commandments\/","title":{"rendered":"The Festivalgoer\u2019s Ten Commandments"},"content":{"rendered":"<p><strong>We kindly ask each visitor to acquaint themselves with and abide by the following festival rules. Doing so will make everyone\u2019s IFF ART FILM experience all the more enjoyable. Thank you.<\/strong><\/p>\n<ol>\n<li><strong>Entry to a screening venue<\/strong> is granted to visitors with a valid cinepass, accreditation credential or single-entry ticket. Admission usually begins 15 minutes before show time. Priority entry is granted to holders of single-entry tickets for the given screening and cinepass holders\/accredited guests with a reservation for the given screening. If there are still available seats five minutes before show time, the usher will admit valid cinepass holders and accredited guests without reservations.<\/li>\n<li><strong>Late arrivals.<\/strong> If you have a reservation or a single-entry ticket but fail to arrive at the screening venue by five minutes before show time, your ticket\/reservation will expire, and the festival may admit other cinepass holders or accredited guests in your place.<\/li>\n<li><strong>Seating in screening venues<\/strong> is on a general admission basis.\u00a0 The earlier you come, the wider choice of seats you will have. At certain screenings, some seats are reserved for invited guests, the film delegation, or the festival jury. Such seats are marked \u201creserv\u00e9\u201d; please don\u2019t sit in them.<\/li>\n<li><strong>Reservations.<\/strong>\u00a0 Cinepass holders and accredited guests can make reservations for individual screenings in the following ways:\n<ul>\n<li>on a computer, mobile or tablet using the <a href=\"https:\/\/aff.cinepass.sk\/en\/\">MyCinepass<\/a> reservation system<\/li>\n<li>by asking festival staff at a registration point<\/li>\n<li>at one of the several self-service reservation terminals located in certain venues<\/li>\n<\/ul>\n<p>The reservation system allows a maximum of five active reservations per cinepass or accreditation. When a reserved screening begins, another reservation can be made in its place. Reservations can be made for any public festival screening at any time up to 60 minutes before show time, as long as there are still seats available. All unused reservations and tickets expire five minutes before the screening begins.<br \/>\nReservations cannot be made for free-entry screenings and events (see Rule 9).<\/p>\n<\/li>\n<li><strong>Verification of cinepass and accreditation pass validity. <\/strong><strong>Cinepasses and accreditation passes <\/strong>are plastic cards which it is forbidden to duplicate or lend. It is also <strong>forbidden to store the codes from these cards in any mobile application.<\/strong><\/li>\n<li>Every visitor possessing a cinepass or accreditation pass is required to clearly display their card, without being prompted, upon entering a screening venue and allow the venue staff to electronically verify it.\n<ul>\n<li><strong>Single-entry tickets <\/strong>can be purchased at festival sales points during the festival for an unlimited number of screenings and at any time. Single-entry tickets can also be purchased via the <a href=\"https:\/\/aff.cinepass.sk\/en\/\">MyCinepass<\/a> reservation system.<\/li>\n<li><strong>Single-entry tickets<\/strong> can be purchased at any time for any number of screenings for the amount listed on the current price list.<\/li>\n<\/ul>\n<\/li>\n<li><strong>Food and beverages<\/strong> in screening venues. For safety, sanitary and operational reasons, alcoholic beverages, glass containers and food are forbidden from screenings.<\/li>\n<li><strong>Help us improve screening quality.<\/strong> If technical problems arise during a screening and you feel they aren\u2019t being addressed, please inform the cinema manager, identified by their accreditation credential or clothing bearing the ART FILM STAFF logo.<\/li>\n<li><strong>For public accompanying events<\/strong> such as special screenings, press conferences, discussions and talks, reservations cannot be made, nor tickets purchased. Admission is free for the general public, but priority is given to: 1) invited guests, 2) accredited festival guests, 3) cinepass holders. These conditions may vary \u2013 see the festival bulletin for information on specific events.<\/li>\n<li><strong>Loss of accreditation credential or cinepass<\/strong> and issuing of a new credential\/cinepass is subject to the fee listed on the box office price list.<\/li>\n<\/ol>\n","protected":false},"excerpt":{"rendered":"<p>We kindly ask each visitor to acquaint themselves with and abide by the following festival rules. Doing so will make<span","protected":false},"author":2,"featured_media":20117,"parent":8397,"menu_order":0,"comment_status":"closed","ping_status":"closed","template":"","meta":{"_acf_changed":false,"footnotes":""},"class_list":["post-9156","page","type-page","status-publish","has-post-thumbnail","hentry"],"acf":[],"yoast_head":"<!-- This site is optimized with the Yoast SEO Premium plugin v27.2 (Yoast SEO v27.4) - https:\/\/yoast.com\/product\/yoast-seo-premium-wordpress\/ -->\n<title>The Festivalgoer\u2019s Ten Commandments &#8226; IFF ART FILM<\/title>\n<meta name=\"robots\" content=\"index, follow, max-snippet:-1, max-image-preview:large, max-video-preview:-1\" \/>\n<link rel=\"canonical\" href=\"https:\/\/iffartfilm.com\/en\/current-edition\/commandments\/\" \/>\n<meta property=\"og:locale\" content=\"en_US\" \/>\n<meta property=\"og:type\" content=\"article\" \/>\n<meta property=\"og:title\" content=\"The Festivalgoer\u2019s Ten Commandments\" \/>\n<meta property=\"og:description\" content=\"We kindly ask each visitor to acquaint themselves with and abide by the following festival rules. Doing so will make everyone\u2019s IFF ART FILM experience\" \/>\n<meta property=\"og:url\" content=\"https:\/\/iffartfilm.com\/en\/current-edition\/commandments\/\" \/>\n<meta property=\"og:site_name\" content=\"IFF ART FILM\" \/>\n<meta property=\"article:publisher\" content=\"https:\/\/www.facebook.com\/IFFArtFilmKosice\" \/>\n<meta property=\"article:modified_time\" content=\"2025-06-20T20:26:36+00:00\" \/>\n<meta property=\"og:image\" content=\"https:\/\/iffartfilm.com\/wp-content\/uploads\/2020\/01\/AFF_web_okienka_2.jpg\" \/>\n\t<meta property=\"og:image:width\" content=\"800\" \/>\n\t<meta property=\"og:image:height\" content=\"400\" \/>\n\t<meta property=\"og:image:type\" content=\"image\/jpeg\" \/>\n<meta name=\"twitter:card\" content=\"summary_large_image\" \/>\n<meta name=\"twitter:site\" content=\"@ArtFilmFestSVK\" \/>\n<meta name=\"twitter:label1\" content=\"Est. reading time\" \/>\n\t<meta name=\"twitter:data1\" content=\"4 minutes\" \/>\n<script type=\"application\/ld+json\" class=\"yoast-schema-graph\">{\"@context\":\"https:\\\/\\\/schema.org\",\"@graph\":[{\"@type\":\"WebPage\",\"@id\":\"https:\\\/\\\/iffartfilm.com\\\/en\\\/current-edition\\\/commandments\\\/\",\"url\":\"https:\\\/\\\/iffartfilm.com\\\/en\\\/current-edition\\\/commandments\\\/\",\"name\":\"The Festivalgoer\u2019s Ten Commandments &#8226; IFF ART FILM\",\"isPartOf\":{\"@id\":\"https:\\\/\\\/iffartfilm.com\\\/en\\\/#website\"},\"primaryImageOfPage\":{\"@id\":\"https:\\\/\\\/iffartfilm.com\\\/en\\\/current-edition\\\/commandments\\\/#primaryimage\"},\"image\":{\"@id\":\"https:\\\/\\\/iffartfilm.com\\\/en\\\/current-edition\\\/commandments\\\/#primaryimage\"},\"thumbnailUrl\":\"https:\\\/\\\/iffartfilm.com\\\/wp-content\\\/uploads\\\/2020\\\/01\\\/AFF_web_okienka_2.jpg\",\"datePublished\":\"2017-06-19T22:13:18+00:00\",\"dateModified\":\"2025-06-20T20:26:36+00:00\",\"breadcrumb\":{\"@id\":\"https:\\\/\\\/iffartfilm.com\\\/en\\\/current-edition\\\/commandments\\\/#breadcrumb\"},\"inLanguage\":\"en-US\",\"potentialAction\":[{\"@type\":\"ReadAction\",\"target\":[\"https:\\\/\\\/iffartfilm.com\\\/en\\\/current-edition\\\/commandments\\\/\"]}]},{\"@type\":\"ImageObject\",\"inLanguage\":\"en-US\",\"@id\":\"https:\\\/\\\/iffartfilm.com\\\/en\\\/current-edition\\\/commandments\\\/#primaryimage\",\"url\":\"https:\\\/\\\/iffartfilm.com\\\/wp-content\\\/uploads\\\/2020\\\/01\\\/AFF_web_okienka_2.jpg\",\"contentUrl\":\"https:\\\/\\\/iffartfilm.com\\\/wp-content\\\/uploads\\\/2020\\\/01\\\/AFF_web_okienka_2.jpg\",\"width\":800,\"height\":400},{\"@type\":\"BreadcrumbList\",\"@id\":\"https:\\\/\\\/iffartfilm.com\\\/en\\\/current-edition\\\/commandments\\\/#breadcrumb\",\"itemListElement\":[{\"@type\":\"ListItem\",\"position\":1,\"name\":\"Dom\u00e1ca str\u00e1nka\",\"item\":\"https:\\\/\\\/iffartfilm.com\\\/en\\\/\"},{\"@type\":\"ListItem\",\"position\":2,\"name\":\"IFF ART FILM 2025\",\"item\":\"https:\\\/\\\/iffartfilm.com\\\/en\\\/current-edition\\\/\"},{\"@type\":\"ListItem\",\"position\":3,\"name\":\"The Festivalgoer\u2019s Ten Commandments\"}]},{\"@type\":\"WebSite\",\"@id\":\"https:\\\/\\\/iffartfilm.com\\\/en\\\/#website\",\"url\":\"https:\\\/\\\/iffartfilm.com\\\/en\\\/\",\"name\":\"IFF ART FILM\",\"description\":\"Medzin\u00e1rodn\u00fd filmov\u00fd festival\",\"publisher\":{\"@id\":\"https:\\\/\\\/iffartfilm.com\\\/en\\\/#organization\"},\"alternateName\":\"Art Film\",\"potentialAction\":[{\"@type\":\"SearchAction\",\"target\":{\"@type\":\"EntryPoint\",\"urlTemplate\":\"https:\\\/\\\/iffartfilm.com\\\/en\\\/?s={search_term_string}\"},\"query-input\":{\"@type\":\"PropertyValueSpecification\",\"valueRequired\":true,\"valueName\":\"search_term_string\"}}],\"inLanguage\":\"en-US\"},{\"@type\":\"Organization\",\"@id\":\"https:\\\/\\\/iffartfilm.com\\\/en\\\/#organization\",\"name\":\"ART FILM FEST, s.r.o.\",\"url\":\"https:\\\/\\\/iffartfilm.com\\\/en\\\/\",\"logo\":{\"@type\":\"ImageObject\",\"inLanguage\":\"en-US\",\"@id\":\"https:\\\/\\\/iffartfilm.com\\\/en\\\/#\\\/schema\\\/logo\\\/image\\\/\",\"url\":\"https:\\\/\\\/iffartfilm.com\\\/wp-content\\\/uploads\\\/2024\\\/11\\\/aff-cinepass-2025.png\",\"contentUrl\":\"https:\\\/\\\/iffartfilm.com\\\/wp-content\\\/uploads\\\/2024\\\/11\\\/aff-cinepass-2025.png\",\"width\":486,\"height\":215,\"caption\":\"ART FILM FEST, s.r.o.\"},\"image\":{\"@id\":\"https:\\\/\\\/iffartfilm.com\\\/en\\\/#\\\/schema\\\/logo\\\/image\\\/\"},\"sameAs\":[\"https:\\\/\\\/www.facebook.com\\\/IFFArtFilmKosice\",\"https:\\\/\\\/x.com\\\/ArtFilmFestSVK\",\"https:\\\/\\\/www.instagram.com\\\/iffartfilmkosice\\\/\",\"https:\\\/\\\/www.youtube.com\\\/user\\\/artfilmfest81\\\/\",\"https:\\\/\\\/www.linkedin.com\\\/company\\\/international-film-festival-art-film\"]}]}<\/script>\n<!-- \/ Yoast SEO Premium plugin. -->","yoast_head_json":{"title":"The Festivalgoer\u2019s Ten Commandments &#8226; IFF ART FILM","robots":{"index":"index","follow":"follow","max-snippet":"max-snippet:-1","max-image-preview":"max-image-preview:large","max-video-preview":"max-video-preview:-1"},"canonical":"https:\/\/iffartfilm.com\/en\/current-edition\/commandments\/","og_locale":"en_US","og_type":"article","og_title":"The Festivalgoer\u2019s Ten Commandments","og_description":"We kindly ask each visitor to acquaint themselves with and abide by the following festival rules. Doing so will make everyone\u2019s IFF ART FILM experience","og_url":"https:\/\/iffartfilm.com\/en\/current-edition\/commandments\/","og_site_name":"IFF ART FILM","article_publisher":"https:\/\/www.facebook.com\/IFFArtFilmKosice","article_modified_time":"2025-06-20T20:26:36+00:00","og_image":[{"width":800,"height":400,"url":"https:\/\/iffartfilm.com\/wp-content\/uploads\/2020\/01\/AFF_web_okienka_2.jpg","type":"image\/jpeg"}],"twitter_card":"summary_large_image","twitter_site":"@ArtFilmFestSVK","twitter_misc":{"Est. reading time":"4 minutes"},"schema":{"@context":"https:\/\/schema.org","@graph":[{"@type":"WebPage","@id":"https:\/\/iffartfilm.com\/en\/current-edition\/commandments\/","url":"https:\/\/iffartfilm.com\/en\/current-edition\/commandments\/","name":"The Festivalgoer\u2019s Ten Commandments &#8226; IFF ART FILM","isPartOf":{"@id":"https:\/\/iffartfilm.com\/en\/#website"},"primaryImageOfPage":{"@id":"https:\/\/iffartfilm.com\/en\/current-edition\/commandments\/#primaryimage"},"image":{"@id":"https:\/\/iffartfilm.com\/en\/current-edition\/commandments\/#primaryimage"},"thumbnailUrl":"https:\/\/iffartfilm.com\/wp-content\/uploads\/2020\/01\/AFF_web_okienka_2.jpg","datePublished":"2017-06-19T22:13:18+00:00","dateModified":"2025-06-20T20:26:36+00:00","breadcrumb":{"@id":"https:\/\/iffartfilm.com\/en\/current-edition\/commandments\/#breadcrumb"},"inLanguage":"en-US","potentialAction":[{"@type":"ReadAction","target":["https:\/\/iffartfilm.com\/en\/current-edition\/commandments\/"]}]},{"@type":"ImageObject","inLanguage":"en-US","@id":"https:\/\/iffartfilm.com\/en\/current-edition\/commandments\/#primaryimage","url":"https:\/\/iffartfilm.com\/wp-content\/uploads\/2020\/01\/AFF_web_okienka_2.jpg","contentUrl":"https:\/\/iffartfilm.com\/wp-content\/uploads\/2020\/01\/AFF_web_okienka_2.jpg","width":800,"height":400},{"@type":"BreadcrumbList","@id":"https:\/\/iffartfilm.com\/en\/current-edition\/commandments\/#breadcrumb","itemListElement":[{"@type":"ListItem","position":1,"name":"Dom\u00e1ca str\u00e1nka","item":"https:\/\/iffartfilm.com\/en\/"},{"@type":"ListItem","position":2,"name":"IFF ART FILM 2025","item":"https:\/\/iffartfilm.com\/en\/current-edition\/"},{"@type":"ListItem","position":3,"name":"The Festivalgoer\u2019s Ten Commandments"}]},{"@type":"WebSite","@id":"https:\/\/iffartfilm.com\/en\/#website","url":"https:\/\/iffartfilm.com\/en\/","name":"IFF ART FILM","description":"Medzin\u00e1rodn\u00fd filmov\u00fd festival","publisher":{"@id":"https:\/\/iffartfilm.com\/en\/#organization"},"alternateName":"Art Film","potentialAction":[{"@type":"SearchAction","target":{"@type":"EntryPoint","urlTemplate":"https:\/\/iffartfilm.com\/en\/?s={search_term_string}"},"query-input":{"@type":"PropertyValueSpecification","valueRequired":true,"valueName":"search_term_string"}}],"inLanguage":"en-US"},{"@type":"Organization","@id":"https:\/\/iffartfilm.com\/en\/#organization","name":"ART FILM FEST, s.r.o.","url":"https:\/\/iffartfilm.com\/en\/","logo":{"@type":"ImageObject","inLanguage":"en-US","@id":"https:\/\/iffartfilm.com\/en\/#\/schema\/logo\/image\/","url":"https:\/\/iffartfilm.com\/wp-content\/uploads\/2024\/11\/aff-cinepass-2025.png","contentUrl":"https:\/\/iffartfilm.com\/wp-content\/uploads\/2024\/11\/aff-cinepass-2025.png","width":486,"height":215,"caption":"ART FILM FEST, s.r.o."},"image":{"@id":"https:\/\/iffartfilm.com\/en\/#\/schema\/logo\/image\/"},"sameAs":["https:\/\/www.facebook.com\/IFFArtFilmKosice","https:\/\/x.com\/ArtFilmFestSVK","https:\/\/www.instagram.com\/iffartfilmkosice\/","https:\/\/www.youtube.com\/user\/artfilmfest81\/","https:\/\/www.linkedin.com\/company\/international-film-festival-art-film"]}]}},"_links":{"self":[{"href":"https:\/\/iffartfilm.com\/en\/wp-json\/wp\/v2\/pages\/9156","targetHints":{"allow":["GET"]}}],"collection":[{"href":"https:\/\/iffartfilm.com\/en\/wp-json\/wp\/v2\/pages"}],"about":[{"href":"https:\/\/iffartfilm.com\/en\/wp-json\/wp\/v2\/types\/page"}],"author":[{"embeddable":true,"href":"https:\/\/iffartfilm.com\/en\/wp-json\/wp\/v2\/users\/2"}],"replies":[{"embeddable":true,"href":"https:\/\/iffartfilm.com\/en\/wp-json\/wp\/v2\/comments?post=9156"}],"version-history":[{"count":0,"href":"https:\/\/iffartfilm.com\/en\/wp-json\/wp\/v2\/pages\/9156\/revisions"}],"up":[{"embeddable":true,"href":"https:\/\/iffartfilm.com\/en\/wp-json\/wp\/v2\/pages\/8397"}],"wp:featuredmedia":[{"embeddable":true,"href":"https:\/\/iffartfilm.com\/en\/wp-json\/wp\/v2\/media\/20117"}],"wp:attachment":[{"href":"https:\/\/iffartfilm.com\/en\/wp-json\/wp\/v2\/media?parent=9156"}],"curies":[{"name":"wp","href":"https:\/\/api.w.org\/{rel}","templated":true}]}}