{"id":9005,"date":"2017-06-17T15:21:26","date_gmt":"2017-06-17T13:21:26","guid":{"rendered":"https:\/\/www.artfilmfest.sk\/en\/?page_id=9005"},"modified":"2025-07-08T10:11:01","modified_gmt":"2025-07-08T08:11:01","slug":"festival-daily-2","status":"publish","type":"page","link":"https:\/\/iffartfilm.com\/en\/current-edition\/festival-daily-2\/","title":{"rendered":"Festival Newspaper"},"content":{"rendered":"<div class=\"wpb-content-wrapper\"><p>[vc_row][vc_column][vc_column_text css=&#8221;&#8221;]<\/p>\n<p><span class=\"HwtZe\" lang=\"en\"><span class=\"jCAhz ChMk0b\"><span class=\"ryNqvb\">See the current events at IFF ART FILM 2025 in the Festival newspaper.<\/span><\/span><\/span><\/p>\n<p>[\/vc_column_text][vc_column_text]<em>Note: <span class=\"HwtZe\" lang=\"en\"><span class=\"jCAhz JxVs2d ChMk0b\"><span class=\"ryNqvb\">only in the Slovak language<\/span><\/span><\/span><br \/>\n<\/em>[\/vc_column_text][\/vc_column][\/vc_row][vc_row][vc_column width=&#8221;1\/4&#8243;][vc_single_image image=&#8221;43255&#8243; img_size=&#8221;220&#215;300&#8243; alignment=&#8221;center&#8221; style=&#8221;vc_box_border&#8221; onclick=&#8221;custom_link&#8221; img_link_target=&#8221;_blank&#8221; css=&#8221;&#8221; link=&#8221;\/wp-content\/uploads\/2025\/07\/20_06_2025_IFFAF_noviny.pdf&#8221;][\/vc_column][vc_column width=&#8221;1\/4&#8243;][vc_single_image image=&#8221;43518&#8243; img_size=&#8221;220&#215;300&#8243; alignment=&#8221;center&#8221; style=&#8221;vc_box_border&#8221; onclick=&#8221;custom_link&#8221; img_link_target=&#8221;_blank&#8221; css=&#8221;&#8221; link=&#8221;\/wp-content\/uploads\/2025\/07\/22_06_2025_IFFAF_noviny.pdf&#8221;][\/vc_column][vc_column width=&#8221;1\/4&#8243;][vc_single_image image=&#8221;44469&#8243; img_size=&#8221;220&#215;300&#8243; alignment=&#8221;center&#8221; style=&#8221;vc_box_border&#8221; onclick=&#8221;custom_link&#8221; img_link_target=&#8221;_blank&#8221; css=&#8221;&#8221; link=&#8221;\/wp-content\/uploads\/2025\/07\/24_06_2025_IFFAF_noviny.pdf&#8221;][\/vc_column][vc_column width=&#8221;1\/4&#8243;][vc_single_image image=&#8221;45183&#8243; img_size=&#8221;220&#215;300&#8243; alignment=&#8221;center&#8221; style=&#8221;vc_box_border&#8221; onclick=&#8221;custom_link&#8221; img_link_target=&#8221;_blank&#8221; css=&#8221;&#8221; link=&#8221;\/wp-content\/uploads\/2025\/07\/27_06_2025_IFFAF_noviny.pdf&#8221;][\/vc_column][\/vc_row][vc_row disable_element=&#8221;yes&#8221;][vc_column width=&#8221;1\/4&#8243;][vc_single_image image=&#8221;32214&#8243; img_size=&#8221;220&#215;290&#8243; alignment=&#8221;center&#8221; style=&#8221;vc_box_border&#8221; onclick=&#8221;custom_link&#8221; img_link_target=&#8221;_blank&#8221; link=&#8221;\/wp-content\/uploads\/2024\/06\/22_06_2024_fest-dennik.pdf&#8221;][vc_single_image image=&#8221;34413&#8243; img_size=&#8221;220&#215;290&#8243; alignment=&#8221;center&#8221; style=&#8221;vc_box_border&#8221; onclick=&#8221;custom_link&#8221; img_link_target=&#8221;_blank&#8221; link=&#8221;\/wp-content\/uploads\/2024\/06\/23_06_2024_fest-dennik.pdf&#8221;][vc_single_image image=&#8221;34993&#8243; img_size=&#8221;220&#215;290&#8243; alignment=&#8221;center&#8221; style=&#8221;vc_box_border&#8221; onclick=&#8221;custom_link&#8221; img_link_target=&#8221;_blank&#8221; link=&#8221;\/wp-content\/uploads\/2024\/06\/24_06_2024_fest-dennik.pdf&#8221;][vc_single_image image=&#8221;35755&#8243; img_size=&#8221;220&#215;290&#8243; alignment=&#8221;center&#8221; style=&#8221;vc_box_border&#8221; onclick=&#8221;custom_link&#8221; link=&#8221;\/wp-content\/uploads\/2024\/06\/25_06_2024_fest-dennik.pdf&#8221;][\/vc_column][vc_column width=&#8221;1\/4&#8243;][vc_single_image image=&#8221;37921&#8243; img_size=&#8221;220&#215;290&#8243; alignment=&#8221;center&#8221; style=&#8221;vc_box_border&#8221; onclick=&#8221;custom_link&#8221; img_link_target=&#8221;_blank&#8221; link=&#8221;\/wp-content\/uploads\/2024\/06\/26_06_2024_fest-dennik.pdf&#8221;][\/vc_column][vc_column width=&#8221;1\/4&#8243;][vc_single_image image=&#8221;38123&#8243; img_size=&#8221;220&#215;290&#8243; alignment=&#8221;center&#8221; style=&#8221;vc_box_border&#8221; onclick=&#8221;custom_link&#8221; img_link_target=&#8221;_blank&#8221; link=&#8221;\/wp-content\/uploads\/2024\/06\/27_06_2024_fest-dennik-02.pdf&#8221;][\/vc_column][vc_column width=&#8221;1\/4&#8243;][vc_single_image image=&#8221;38537&#8243; img_size=&#8221;220&#215;290&#8243; alignment=&#8221;center&#8221; style=&#8221;vc_box_border&#8221; onclick=&#8221;custom_link&#8221; img_link_target=&#8221;_blank&#8221; link=&#8221;\/wp-content\/uploads\/2024\/06\/28_06_2024_fest-dennik-02.pdf&#8221;][\/vc_column][\/vc_row][vc_row][vc_column][vc_column_text css=&#8221;&#8221;]<span class=\"HwtZe\" lang=\"en\"><span class=\"jCAhz ChMk0b\"><span class=\"ryNqvb\">Older issues can be found in the archive of individual years.<\/span><\/span><\/span>[\/vc_column_text][\/vc_column][\/vc_row]<\/p>\n<\/div>","protected":false},"excerpt":{"rendered":"<p>[vc_row][vc_column][vc_column_text css=&#8221;&#8221;] See the current events at IFF ART FILM 2025 in the Festival newspaper.","protected":false},"author":2,"featured_media":26029,"parent":8397,"menu_order":0,"comment_status":"closed","ping_status":"closed","template":"","meta":{"_acf_changed":false,"footnotes":""},"class_list":["post-9005","page","type-page","status-publish","has-post-thumbnail","hentry"],"acf":[],"yoast_head":"<!-- This site is optimized with the Yoast SEO Premium plugin v27.2 (Yoast SEO v27.4) - https:\/\/yoast.com\/product\/yoast-seo-premium-wordpress\/ -->\n<title>Festival Newspaper &#8226; IFF ART FILM<\/title>\n<meta name=\"robots\" content=\"index, follow, max-snippet:-1, max-image-preview:large, max-video-preview:-1\" \/>\n<link rel=\"canonical\" href=\"https:\/\/iffartfilm.com\/en\/current-edition\/festival-daily-2\/\" \/>\n<meta property=\"og:locale\" content=\"en_US\" \/>\n<meta property=\"og:type\" content=\"article\" \/>\n<meta property=\"og:title\" content=\"Festival Newspaper\" \/>\n<meta property=\"og:description\" content=\"See the current events at IFF ART FILM 2025 in the Festival newspaper. Note: only in the Slovak language Older issues can be found in the archive of\" \/>\n<meta property=\"og:url\" content=\"https:\/\/iffartfilm.com\/en\/current-edition\/festival-daily-2\/\" \/>\n<meta property=\"og:site_name\" content=\"IFF ART FILM\" \/>\n<meta property=\"article:publisher\" content=\"https:\/\/www.facebook.com\/IFFArtFilmKosice\" \/>\n<meta property=\"article:modified_time\" content=\"2025-07-08T08:11:01+00:00\" \/>\n<meta property=\"og:image\" content=\"https:\/\/iffartfilm.com\/wp-content\/uploads\/2020\/01\/AFF_web_okienka_5.jpg\" \/>\n\t<meta property=\"og:image:width\" content=\"800\" \/>\n\t<meta property=\"og:image:height\" content=\"400\" \/>\n\t<meta property=\"og:image:type\" content=\"image\/jpeg\" \/>\n<meta name=\"twitter:card\" content=\"summary_large_image\" \/>\n<meta name=\"twitter:site\" content=\"@ArtFilmFestSVK\" \/>\n<meta name=\"twitter:label1\" content=\"Est. reading time\" \/>\n\t<meta name=\"twitter:data1\" content=\"4 minutes\" \/>\n<script type=\"application\/ld+json\" class=\"yoast-schema-graph\">{\"@context\":\"https:\\\/\\\/schema.org\",\"@graph\":[{\"@type\":\"WebPage\",\"@id\":\"https:\\\/\\\/iffartfilm.com\\\/en\\\/current-edition\\\/festival-daily-2\\\/\",\"url\":\"https:\\\/\\\/iffartfilm.com\\\/en\\\/current-edition\\\/festival-daily-2\\\/\",\"name\":\"Festival Newspaper &#8226; IFF ART FILM\",\"isPartOf\":{\"@id\":\"https:\\\/\\\/iffartfilm.com\\\/en\\\/#website\"},\"primaryImageOfPage\":{\"@id\":\"https:\\\/\\\/iffartfilm.com\\\/en\\\/current-edition\\\/festival-daily-2\\\/#primaryimage\"},\"image\":{\"@id\":\"https:\\\/\\\/iffartfilm.com\\\/en\\\/current-edition\\\/festival-daily-2\\\/#primaryimage\"},\"thumbnailUrl\":\"https:\\\/\\\/iffartfilm.com\\\/wp-content\\\/uploads\\\/2020\\\/01\\\/AFF_web_okienka_5.jpg\",\"datePublished\":\"2017-06-17T13:21:26+00:00\",\"dateModified\":\"2025-07-08T08:11:01+00:00\",\"breadcrumb\":{\"@id\":\"https:\\\/\\\/iffartfilm.com\\\/en\\\/current-edition\\\/festival-daily-2\\\/#breadcrumb\"},\"inLanguage\":\"en-US\",\"potentialAction\":[{\"@type\":\"ReadAction\",\"target\":[\"https:\\\/\\\/iffartfilm.com\\\/en\\\/current-edition\\\/festival-daily-2\\\/\"]}]},{\"@type\":\"ImageObject\",\"inLanguage\":\"en-US\",\"@id\":\"https:\\\/\\\/iffartfilm.com\\\/en\\\/current-edition\\\/festival-daily-2\\\/#primaryimage\",\"url\":\"https:\\\/\\\/iffartfilm.com\\\/wp-content\\\/uploads\\\/2020\\\/01\\\/AFF_web_okienka_5.jpg\",\"contentUrl\":\"https:\\\/\\\/iffartfilm.com\\\/wp-content\\\/uploads\\\/2020\\\/01\\\/AFF_web_okienka_5.jpg\",\"width\":800,\"height\":400},{\"@type\":\"BreadcrumbList\",\"@id\":\"https:\\\/\\\/iffartfilm.com\\\/en\\\/current-edition\\\/festival-daily-2\\\/#breadcrumb\",\"itemListElement\":[{\"@type\":\"ListItem\",\"position\":1,\"name\":\"Dom\u00e1ca str\u00e1nka\",\"item\":\"https:\\\/\\\/iffartfilm.com\\\/en\\\/\"},{\"@type\":\"ListItem\",\"position\":2,\"name\":\"IFF ART FILM 2025\",\"item\":\"https:\\\/\\\/iffartfilm.com\\\/en\\\/current-edition\\\/\"},{\"@type\":\"ListItem\",\"position\":3,\"name\":\"Festival Newspaper\"}]},{\"@type\":\"WebSite\",\"@id\":\"https:\\\/\\\/iffartfilm.com\\\/en\\\/#website\",\"url\":\"https:\\\/\\\/iffartfilm.com\\\/en\\\/\",\"name\":\"IFF ART FILM\",\"description\":\"Medzin\u00e1rodn\u00fd filmov\u00fd festival\",\"publisher\":{\"@id\":\"https:\\\/\\\/iffartfilm.com\\\/en\\\/#organization\"},\"alternateName\":\"Art Film\",\"potentialAction\":[{\"@type\":\"SearchAction\",\"target\":{\"@type\":\"EntryPoint\",\"urlTemplate\":\"https:\\\/\\\/iffartfilm.com\\\/en\\\/?s={search_term_string}\"},\"query-input\":{\"@type\":\"PropertyValueSpecification\",\"valueRequired\":true,\"valueName\":\"search_term_string\"}}],\"inLanguage\":\"en-US\"},{\"@type\":\"Organization\",\"@id\":\"https:\\\/\\\/iffartfilm.com\\\/en\\\/#organization\",\"name\":\"ART FILM FEST, s.r.o.\",\"url\":\"https:\\\/\\\/iffartfilm.com\\\/en\\\/\",\"logo\":{\"@type\":\"ImageObject\",\"inLanguage\":\"en-US\",\"@id\":\"https:\\\/\\\/iffartfilm.com\\\/en\\\/#\\\/schema\\\/logo\\\/image\\\/\",\"url\":\"https:\\\/\\\/iffartfilm.com\\\/wp-content\\\/uploads\\\/2024\\\/11\\\/aff-cinepass-2025.png\",\"contentUrl\":\"https:\\\/\\\/iffartfilm.com\\\/wp-content\\\/uploads\\\/2024\\\/11\\\/aff-cinepass-2025.png\",\"width\":486,\"height\":215,\"caption\":\"ART FILM FEST, s.r.o.\"},\"image\":{\"@id\":\"https:\\\/\\\/iffartfilm.com\\\/en\\\/#\\\/schema\\\/logo\\\/image\\\/\"},\"sameAs\":[\"https:\\\/\\\/www.facebook.com\\\/IFFArtFilmKosice\",\"https:\\\/\\\/x.com\\\/ArtFilmFestSVK\",\"https:\\\/\\\/www.instagram.com\\\/iffartfilmkosice\\\/\",\"https:\\\/\\\/www.youtube.com\\\/user\\\/artfilmfest81\\\/\",\"https:\\\/\\\/www.linkedin.com\\\/company\\\/international-film-festival-art-film\"]}]}<\/script>\n<!-- \/ Yoast SEO Premium plugin. -->","yoast_head_json":{"title":"Festival Newspaper &#8226; IFF ART FILM","robots":{"index":"index","follow":"follow","max-snippet":"max-snippet:-1","max-image-preview":"max-image-preview:large","max-video-preview":"max-video-preview:-1"},"canonical":"https:\/\/iffartfilm.com\/en\/current-edition\/festival-daily-2\/","og_locale":"en_US","og_type":"article","og_title":"Festival Newspaper","og_description":"See the current events at IFF ART FILM 2025 in the Festival newspaper. Note: only in the Slovak language Older issues can be found in the archive of","og_url":"https:\/\/iffartfilm.com\/en\/current-edition\/festival-daily-2\/","og_site_name":"IFF ART FILM","article_publisher":"https:\/\/www.facebook.com\/IFFArtFilmKosice","article_modified_time":"2025-07-08T08:11:01+00:00","og_image":[{"width":800,"height":400,"url":"https:\/\/iffartfilm.com\/wp-content\/uploads\/2020\/01\/AFF_web_okienka_5.jpg","type":"image\/jpeg"}],"twitter_card":"summary_large_image","twitter_site":"@ArtFilmFestSVK","twitter_misc":{"Est. reading time":"4 minutes"},"schema":{"@context":"https:\/\/schema.org","@graph":[{"@type":"WebPage","@id":"https:\/\/iffartfilm.com\/en\/current-edition\/festival-daily-2\/","url":"https:\/\/iffartfilm.com\/en\/current-edition\/festival-daily-2\/","name":"Festival Newspaper &#8226; IFF ART FILM","isPartOf":{"@id":"https:\/\/iffartfilm.com\/en\/#website"},"primaryImageOfPage":{"@id":"https:\/\/iffartfilm.com\/en\/current-edition\/festival-daily-2\/#primaryimage"},"image":{"@id":"https:\/\/iffartfilm.com\/en\/current-edition\/festival-daily-2\/#primaryimage"},"thumbnailUrl":"https:\/\/iffartfilm.com\/wp-content\/uploads\/2020\/01\/AFF_web_okienka_5.jpg","datePublished":"2017-06-17T13:21:26+00:00","dateModified":"2025-07-08T08:11:01+00:00","breadcrumb":{"@id":"https:\/\/iffartfilm.com\/en\/current-edition\/festival-daily-2\/#breadcrumb"},"inLanguage":"en-US","potentialAction":[{"@type":"ReadAction","target":["https:\/\/iffartfilm.com\/en\/current-edition\/festival-daily-2\/"]}]},{"@type":"ImageObject","inLanguage":"en-US","@id":"https:\/\/iffartfilm.com\/en\/current-edition\/festival-daily-2\/#primaryimage","url":"https:\/\/iffartfilm.com\/wp-content\/uploads\/2020\/01\/AFF_web_okienka_5.jpg","contentUrl":"https:\/\/iffartfilm.com\/wp-content\/uploads\/2020\/01\/AFF_web_okienka_5.jpg","width":800,"height":400},{"@type":"BreadcrumbList","@id":"https:\/\/iffartfilm.com\/en\/current-edition\/festival-daily-2\/#breadcrumb","itemListElement":[{"@type":"ListItem","position":1,"name":"Dom\u00e1ca str\u00e1nka","item":"https:\/\/iffartfilm.com\/en\/"},{"@type":"ListItem","position":2,"name":"IFF ART FILM 2025","item":"https:\/\/iffartfilm.com\/en\/current-edition\/"},{"@type":"ListItem","position":3,"name":"Festival Newspaper"}]},{"@type":"WebSite","@id":"https:\/\/iffartfilm.com\/en\/#website","url":"https:\/\/iffartfilm.com\/en\/","name":"IFF ART FILM","description":"Medzin\u00e1rodn\u00fd filmov\u00fd festival","publisher":{"@id":"https:\/\/iffartfilm.com\/en\/#organization"},"alternateName":"Art Film","potentialAction":[{"@type":"SearchAction","target":{"@type":"EntryPoint","urlTemplate":"https:\/\/iffartfilm.com\/en\/?s={search_term_string}"},"query-input":{"@type":"PropertyValueSpecification","valueRequired":true,"valueName":"search_term_string"}}],"inLanguage":"en-US"},{"@type":"Organization","@id":"https:\/\/iffartfilm.com\/en\/#organization","name":"ART FILM FEST, s.r.o.","url":"https:\/\/iffartfilm.com\/en\/","logo":{"@type":"ImageObject","inLanguage":"en-US","@id":"https:\/\/iffartfilm.com\/en\/#\/schema\/logo\/image\/","url":"https:\/\/iffartfilm.com\/wp-content\/uploads\/2024\/11\/aff-cinepass-2025.png","contentUrl":"https:\/\/iffartfilm.com\/wp-content\/uploads\/2024\/11\/aff-cinepass-2025.png","width":486,"height":215,"caption":"ART FILM FEST, s.r.o."},"image":{"@id":"https:\/\/iffartfilm.com\/en\/#\/schema\/logo\/image\/"},"sameAs":["https:\/\/www.facebook.com\/IFFArtFilmKosice","https:\/\/x.com\/ArtFilmFestSVK","https:\/\/www.instagram.com\/iffartfilmkosice\/","https:\/\/www.youtube.com\/user\/artfilmfest81\/","https:\/\/www.linkedin.com\/company\/international-film-festival-art-film"]}]}},"_links":{"self":[{"href":"https:\/\/iffartfilm.com\/en\/wp-json\/wp\/v2\/pages\/9005","targetHints":{"allow":["GET"]}}],"collection":[{"href":"https:\/\/iffartfilm.com\/en\/wp-json\/wp\/v2\/pages"}],"about":[{"href":"https:\/\/iffartfilm.com\/en\/wp-json\/wp\/v2\/types\/page"}],"author":[{"embeddable":true,"href":"https:\/\/iffartfilm.com\/en\/wp-json\/wp\/v2\/users\/2"}],"replies":[{"embeddable":true,"href":"https:\/\/iffartfilm.com\/en\/wp-json\/wp\/v2\/comments?post=9005"}],"version-history":[{"count":0,"href":"https:\/\/iffartfilm.com\/en\/wp-json\/wp\/v2\/pages\/9005\/revisions"}],"up":[{"embeddable":true,"href":"https:\/\/iffartfilm.com\/en\/wp-json\/wp\/v2\/pages\/8397"}],"wp:featuredmedia":[{"embeddable":true,"href":"https:\/\/iffartfilm.com\/en\/wp-json\/wp\/v2\/media\/26029"}],"wp:attachment":[{"href":"https:\/\/iffartfilm.com\/en\/wp-json\/wp\/v2\/media?parent=9005"}],"curies":[{"name":"wp","href":"https:\/\/api.w.org\/{rel}","templated":true}]}}