{"id":8688,"date":"2017-05-24T22:03:37","date_gmt":"2017-05-24T20:03:37","guid":{"rendered":"https:\/\/www.artfilmfest.sk\/en\/?page_id=8688"},"modified":"2026-04-02T09:15:08","modified_gmt":"2026-04-02T07:15:08","slug":"film-professional-accreditation","status":"publish","type":"page","link":"https:\/\/iffartfilm.com\/en\/current-edition\/film-professional-accreditation\/","title":{"rendered":"Film Professional Accreditation"},"content":{"rendered":"<div class=\"wpb-content-wrapper\"><p>[vc_row][vc_column][vc_column_text]This type of accreditation is exclusively for active professionals in the audiovisual sphere (filmmakers, distributors, producers, film school teachers, representatives of film festivals or film institutions etc).[\/vc_column_text][vc_empty_space][vc_message css=&#8221;&#8221;]<\/p>\n<h4 style=\"text-align: center;\"><span lang=\"EN-GB\">PRICE OF FILM PROFESSIONAL ACCREDITATION is 20 EUR including VAT (<span class=\"HwtZe\" lang=\"en\"><span class=\"jCAhz ChMk0b\"><span class=\"ryNqvb\">until<\/span><\/span><\/span> 10.6.2026)<\/span><\/h4>\n<p>[\/vc_message][vc_empty_space height=&#8221;20px&#8221;][vc_message css=&#8221;&#8221;]<\/p>\n<h4 style=\"text-align: center;\"><span lang=\"EN-GB\">PRICE OF FILM PROFESSIONAL ACCREDITATION is 25 EUR including VAT (<span class=\"HwtZe\" lang=\"en\"><span class=\"jCAhz ChMk0b\"><span class=\"ryNqvb\">from<\/span><\/span><\/span> 11.6.2026)<\/span><\/h4>\n<p>[\/vc_message][vc_empty_space][vc_column_text css=&#8221;&#8221;]<strong>Film Professional Accreditation entitles its holder to:<\/strong><\/p>\n<ul>\n<li>attend public festival screenings and events<\/li>\n<li>participate in events for professionals<\/li>\n<li>participate in press conferences<\/li>\n<\/ul>\n<p>The award of the FILM PROFESSIONAL festival accreditation requires pre-registration via the registration form below. For the internal use of the festival only, the applicant shall provide basic information about his\/her background and profession in the audiovisual field. After a positive evaluation of the data, the applicant will then receive an official invitation from the festival&#8217;s MyCinepass system, which will also include the specified payment of the accreditation price. Accreditation can only be paid online through the official festival payment gateway. We will inform you of the acceptance of your pre-registration within 5 working days of its submission. You will only receive a follow-up invitation once the festival has started the official invitation process.<\/p>\n<p>The accreditation is valid for the entire festival, is non-transferable and tied to a specific person. It allows the holder access to an unlimited number of public screenings of the festival and selected accompanying events, of which will inform in the programme. You can have a <strong>maximum of 7 bookings<\/strong> on this pass at any one time, but once the booked screening has started, a space will open up for you to make another booking, so you can add your bookings from time to time. A booking is cancelled 5 minutes before the start of the screening. We recommend reading the <a href=\"https:\/\/iffartfilm.com\/en\/current-edition\/commandments\/\">Ten Commandments of a Festival Spectator<\/a> to avoid misunderstandings when entering a cinema hall.<\/p>\n<p>The Film Professional accreditation is granted automatically and free of charge to SFTA members, employees of the Slovak Film Institute and the Audiovisual Fund. It is also not necessary for these applicants to prove their professional status by completing the\u00a0 <em>\u201cShort professional CV of the applicant<\/em> \u201c section of the form.<\/p>\n<hr \/>\n<p class=\"align-justify\"><strong>APPLICATION FORM FOR FILM PROFESSIONAL ACCREDITATION<br \/>\n<\/strong><\/p>\n<p><span id=\"result_box\" class=\"short_text\" lang=\"en\"><\/span>\n<div class=\"wpcf7 no-js\" id=\"wpcf7-f44-o1\" lang=\"sk-SK\" dir=\"ltr\" data-wpcf7-id=\"44\">\n<div class=\"screen-reader-response\"><p role=\"status\" aria-live=\"polite\" aria-atomic=\"true\"><\/p> <ul><\/ul><\/div>\n<form action=\"\/en\/wp-json\/wp\/v2\/pages\/8688#wpcf7-f44-o1\" method=\"post\" class=\"wpcf7-form init\" aria-label=\"Kontaktn\u00fd formul\u00e1r\" enctype=\"multipart\/form-data\" novalidate=\"novalidate\" data-status=\"init\">\n<fieldset class=\"hidden-fields-container\"><input type=\"hidden\" name=\"_wpcf7\" value=\"44\" \/><input type=\"hidden\" name=\"_wpcf7_version\" value=\"6.1.4\" \/><input type=\"hidden\" name=\"_wpcf7_locale\" value=\"sk_SK\" \/><input type=\"hidden\" name=\"_wpcf7_unit_tag\" value=\"wpcf7-f44-o1\" \/><input type=\"hidden\" name=\"_wpcf7_container_post\" value=\"0\" \/><input type=\"hidden\" name=\"_wpcf7_posted_data_hash\" value=\"\" \/>\n<\/fieldset>\n<table>\n\t<tbody>\n\t\t<tr>\n\t\t\t<td>\n\t\t\t\t<p>Va\u0161e cel\u00e9 meno<br \/>\nYour full name\n\t\t\t\t<\/p>\n\t\t\t<\/td>\n\t\t\t<td>\n\t\t\t\t<p><span class=\"wpcf7-form-control-wrap\" data-name=\"your-name\"><input size=\"40\" maxlength=\"400\" class=\"wpcf7-form-control wpcf7-text wpcf7-validates-as-required\" aria-required=\"true\" aria-invalid=\"false\" value=\"\" type=\"text\" name=\"your-name\" \/><\/span>\n\t\t\t\t<\/p>\n\t\t\t<\/td>\n\t\t<\/tr>\n\t\t<tr>\n\t\t\t<td>\n\t\t\t\t<p>Spolo\u010dnos\u0165<br \/>\nCompany\n\t\t\t\t<\/p>\n\t\t\t<\/td>\n\t\t\t<td>\n\t\t\t\t<p><span class=\"wpcf7-form-control-wrap\" data-name=\"text-279\"><input size=\"40\" maxlength=\"400\" class=\"wpcf7-form-control wpcf7-text wpcf7-validates-as-required\" aria-required=\"true\" aria-invalid=\"false\" value=\"\" type=\"text\" name=\"text-279\" \/><\/span>\n\t\t\t\t<\/p>\n\t\t\t<\/td>\n\t\t<\/tr>\n\t\t<tr>\n\t\t\t<td>\n\t\t\t\t<p>Poz\u00edcia<br \/>\nJob title\n\t\t\t\t<\/p>\n\t\t\t<\/td>\n\t\t\t<td>\n\t\t\t\t<p><span class=\"wpcf7-form-control-wrap\" data-name=\"text-382\"><input size=\"40\" maxlength=\"400\" class=\"wpcf7-form-control wpcf7-text wpcf7-validates-as-required\" aria-required=\"true\" aria-invalid=\"false\" value=\"\" type=\"text\" name=\"text-382\" \/><\/span>\n\t\t\t\t<\/p>\n\t\t\t<\/td>\n\t\t<\/tr>\n\t\t<tr>\n\t\t\t<td>\n\t\t\t\t<p>Mesto<br \/>\nCity\n\t\t\t\t<\/p>\n\t\t\t<\/td>\n\t\t\t<td>\n\t\t\t\t<p><span class=\"wpcf7-form-control-wrap\" data-name=\"text-280\"><input size=\"40\" maxlength=\"400\" class=\"wpcf7-form-control wpcf7-text wpcf7-validates-as-required\" aria-required=\"true\" aria-invalid=\"false\" value=\"\" type=\"text\" name=\"text-280\" \/><\/span>\n\t\t\t\t<\/p>\n\t\t\t<\/td>\n\t\t<\/tr>\n\t\t<tr>\n\t\t\t<td>\n\t\t\t\t<p>Krajina<br \/>\nState\n\t\t\t\t<\/p>\n\t\t\t<\/td>\n\t\t\t<td>\n\t\t\t\t<p><span class=\"wpcf7-form-control-wrap\" data-name=\"text-281\"><input size=\"40\" maxlength=\"400\" class=\"wpcf7-form-control wpcf7-text wpcf7-validates-as-required\" aria-required=\"true\" aria-invalid=\"false\" value=\"\" type=\"text\" name=\"text-281\" \/><\/span>\n\t\t\t\t<\/p>\n\t\t\t<\/td>\n\t\t<\/tr>\n\t\t<tr>\n\t\t\t<td>\n\t\t\t\t<p>E-mail\n\t\t\t\t<\/p>\n\t\t\t<\/td>\n\t\t\t<td>\n\t\t\t\t<p><span class=\"wpcf7-form-control-wrap\" data-name=\"your-email\"><input size=\"40\" maxlength=\"400\" class=\"wpcf7-form-control wpcf7-email wpcf7-validates-as-required wpcf7-text wpcf7-validates-as-email\" aria-required=\"true\" aria-invalid=\"false\" value=\"\" type=\"email\" name=\"your-email\" \/><\/span>\n\t\t\t\t<\/p>\n\t\t\t<\/td>\n\t\t<\/tr>\n\t\t<tr>\n\t\t\t<td>\n\t\t\t\t<p>Telef\u00f3n<br \/>\nPhone\n\t\t\t\t<\/p>\n\t\t\t<\/td>\n\t\t\t<td>\n\t\t\t\t<p><span class=\"wpcf7-form-control-wrap\" data-name=\"tel-766\"><input size=\"40\" maxlength=\"400\" class=\"wpcf7-form-control wpcf7-tel wpcf7-validates-as-required wpcf7-text wpcf7-validates-as-tel\" aria-required=\"true\" aria-invalid=\"false\" placeholder=\"+421\" value=\"\" type=\"tel\" name=\"tel-766\" \/><\/span>\n\t\t\t\t<\/p>\n\t\t\t<\/td>\n\t\t<\/tr>\n\t\t<tr>\n\t\t\t<td>\n\t\t\t\t<p>Va\u0161a fotografia tv\u00e1re \/ Your face photo<br \/>\n(jpg\/png format, max. 300 kB)\n\t\t\t\t<\/p>\n\t\t\t<\/td>\n\t\t\t<td>\n\t\t\t\t<p><span class=\"wpcf7-form-control-wrap\" data-name=\"file-589\"><input size=\"40\" class=\"wpcf7-form-control wpcf7-file wpcf7-validates-as-required\" accept=\".jpg,.png\" aria-required=\"true\" aria-invalid=\"false\" type=\"file\" name=\"file-589\" \/><\/span>\n\t\t\t\t<\/p>\n\t\t\t<\/td>\n\t\t<\/tr>\n\t\t<tr>\n\t\t\t<td>\n\t\t\t\t<p>Ste \u010dlenom SFTA?<br \/>\nAre you a member of EFA?\n\t\t\t\t<\/p>\n\t\t\t<\/td>\n\t\t\t<td>\n\t\t\t\t<p><span class=\"wpcf7-form-control-wrap\" data-name=\"radio-202\"><span class=\"wpcf7-form-control wpcf7-radio\"><span class=\"wpcf7-list-item first\"><span class=\"wpcf7-list-item-label\">\u00e1no \/ yes<\/span><input type=\"radio\" name=\"radio-202\" value=\"\u00e1no \/ yes\" \/><\/span><span class=\"wpcf7-list-item last\"><span class=\"wpcf7-list-item-label\">nie \/ no<\/span><input type=\"radio\" name=\"radio-202\" value=\"nie \/ no\" checked=\"checked\" \/><\/span><\/span><\/span>\n\t\t\t\t<\/p>\n\t\t\t<\/td>\n\t\t<\/tr>\n\t\t<tr>\n\t\t\t<td>\n\t\t\t\t<p>S\u00fahlas\u00edm, \u017ee vydanie akredit\u00e1cie ak nie ste \u010dlenom SFTA bude spoplatnen\u00e9 pod\u013ea aktu\u00e1lneho cenn\u00edka.\n\t\t\t\t<\/p>\n\t\t\t<\/td>\n\t\t\t<td>\n\t\t\t\t<p><span class=\"wpcf7-form-control-wrap\" data-name=\"checkbox-333\"><span class=\"wpcf7-form-control wpcf7-checkbox wpcf7-validates-as-required\"><span class=\"wpcf7-list-item first last\"><input type=\"checkbox\" name=\"checkbox-333[]\" value=\"\u00e1no \/ yes\" \/><span class=\"wpcf7-list-item-label\">\u00e1no \/ yes<\/span><\/span><\/span><\/span>\n\t\t\t\t<\/p>\n\t\t\t<\/td>\n\t\t<\/tr>\n\t<\/tbody>\n<\/table>\n<tbody>\n\t<table>\n\t\t<tr>\n\t\t\t<td>\n\t\t\t\t<p>Stru\u010dn\u00e9 CV ak nie ste \u010dlenom SFTA<br \/>\nShort CV if you are not a member of EFA\n\t\t\t\t<\/p>\n\t\t\t<\/td>\n\t\t<\/tr>\n\t\t<tr>\n\t\t\t<td>\n\t\t\t\t<p><span class=\"wpcf7-form-control-wrap\" data-name=\"your-message\"><textarea cols=\"40\" rows=\"10\" maxlength=\"2000\" class=\"wpcf7-form-control wpcf7-textarea\" aria-invalid=\"false\" name=\"your-message\"><\/textarea><\/span>\n\t\t\t\t<\/p>\n\t\t\t<\/td>\n\t\t<\/tr>\n\t\t<tr>\n\t\t\t<td align=\"left\">\n\t\t\t\t<font size=\"2\">Sprac\u00favanie osobn\u00fdch \u00fadajov sa vykon\u00e1va v re\u017eime pod\u013ea \u010dl. 6 Nariadenia Eur\u00f3pskeho Parlamentu a Rady (E\u00da) 2016\/679 z 27. apr\u00edla 2016 o ochrane fyzick\u00fdch os\u00f4b pri sprac\u00favan\u00ed osobn\u00fdch \u00fadajov a o vo\u013enom pohybe tak\u00fdchto \u00fadajov (\u010falej len \u201enariadenie GDPR\u201c) a ust. \u00a7 13 z\u00e1kona \u010d. 18\/2018 Z.z. o ochrane osobn\u00fdch \u00fadajov a o zmene a doplnen\u00ed niektor\u00fdch z\u00e1konov (\u010falej len \u201eZ\u00e1kon\u201c).\nOsoba vyplnen\u00edm a odoslan\u00edm prihlasovacieho\/akredita\u010dn\u00e9ho formul\u00e1ra umiestnen\u00e9ho na iffartfilm.com\/info\/akreditacia-film-profesional\/ dobrovo\u013ene s\u00fahlas\u00ed so sprac\u00favan\u00edm osobn\u00fdch \u00fadajov v informa\u010dnom syst\u00e9me spolo\u010dnosti ART FILM FEST s.r.o., Kuku\u010d\u00ednova 81\/2, 040 01 Ko\u0161ice, I\u010cO: 48 284 254. Cel\u00e9 znenie ochrany osobn\u00fdch \u00fadajov si m\u00f4\u017eete pre\u010d\u00edta\u0165 v nasledovnom PDF dokumente:\n\t\t\t\t\t<p><a href=\"https:\/\/iffartfilm.com\/wp-content\/uploads\/2024\/03\/Ochrana_OU24_prihlaska_Akreditacia_Film_Profesional_SK.pdf\">Ochrana_OU24_prihlaska_Akreditacia_Film_Profesional_SK.pdf<\/a>\n\t\t\t\t\t<\/p>\n\t\t\t\t\t<p>The processing of personal data is carried out in accordance with Article 6 of the General Data Protection Regulation (EU) 2016\/679 of the European Parliament and Council of 27 April 2016 on the protection of natural persons with regard to the processing of personal data and on the free movement of such data (hereinafter referred to as \u201cthe GDPR\u201d) and Section 13 of Act No. 18\/2018 Coll. on the protection of personal data and the amendment of certain laws (hereinafter referred to as \u201cthe Act\u201d).<br \/>\nBy filling in and submitting the registration\/accreditation form at iffartfilm.com\/en\/current-edition\/film-professional-accreditation\/, the applicant voluntarily consents to the processing of their personal data in the information system of ART FILM FEST s.r.o., Kuku\u010d\u00ednova 81\/2, 040 01 Ko\u0161ice, company ID: 48 284 254. Read more: <a href=\"https:\/\/iffartfilm.com\/wp-content\/uploads\/2024\/03\/Ochrana_OU24_prihlaska_Akreditacia_Film_Profesional_EN.pdf\">Ochrana_OU24_prihlaska_Akreditacia_Film_Profesional_EN.pdf<\/a>\n\t\t\t\t\t<\/p>\n\t\t\t\t\t<p>S\u00fahlas s poskytnut\u00edm osobn\u00fdch \u00fadajov a ich n\u00e1sledn\u00fdm sprac\u00favan\u00edm<br \/>\nConsent to the provision and subsequent processing of personal data\n\t\t\t\t\t<\/p>\n\t\t\t\t<\/font>\n\t\t\t<\/td>\n\t\t<\/tr>\n\t\t<tr>\n\t\t\t<td>\n\t\t\t\t<p><span class=\"wpcf7-form-control-wrap\" data-name=\"checkbox-854\"><span class=\"wpcf7-form-control wpcf7-checkbox wpcf7-validates-as-required\"><span class=\"wpcf7-list-item first last\"><input type=\"checkbox\" name=\"checkbox-854[]\" value=\"\u00e1no \/ yes\" \/><span class=\"wpcf7-list-item-label\">\u00e1no \/ yes<\/span><\/span><\/span><\/span>\n\t\t\t\t<\/p>\n\t\t\t<\/td>\n\t\t<\/tr>\n\t\t<tr>\n\t\t\t<td>\n\t\t\t\t<p><input class=\"wpcf7-form-control wpcf7-submit has-spinner\" type=\"submit\" value=\"Odosla\u0165 \/ Sent\" \/>\n\t\t\t\t<\/p>\n\t\t\t<\/td>\n\t\t<\/tr>\n\t<\/table>\n&nbsp;\n<\/tbody><div class=\"wpcf7-response-output\" aria-hidden=\"true\"><\/div>\n<\/form>\n<\/div>\n<p class=\"align-justify\"><span lang=\"EN-GB\">Each online application will be responded to via email within two working days of its submission.<\/span> <span lang=\"EN-GB\">Thank you for your patience.<\/span><\/p>\n<p>[\/vc_column_text][\/vc_column][\/vc_row]<\/p>\n<\/div>","protected":false},"excerpt":{"rendered":"<p>[vc_row][vc_column][vc_column_text]This type of accreditation is exclusively for active professionals in the audiovisual","protected":false},"author":2,"featured_media":26023,"parent":8397,"menu_order":110,"comment_status":"closed","ping_status":"closed","template":"","meta":{"_acf_changed":false,"footnotes":""},"class_list":["post-8688","page","type-page","status-publish","has-post-thumbnail","hentry"],"acf":[],"yoast_head":"<!-- This site is optimized with the Yoast SEO Premium plugin v27.2 (Yoast SEO v27.4) - https:\/\/yoast.com\/product\/yoast-seo-premium-wordpress\/ -->\n<title>Film Professional Accreditation &#8226; IFF ART FILM<\/title>\n<meta name=\"robots\" content=\"index, follow, max-snippet:-1, max-image-preview:large, max-video-preview:-1\" \/>\n<link rel=\"canonical\" href=\"https:\/\/iffartfilm.com\/en\/current-edition\/film-professional-accreditation\/\" \/>\n<meta property=\"og:locale\" content=\"en_US\" \/>\n<meta property=\"og:type\" content=\"article\" \/>\n<meta property=\"og:title\" content=\"Film Professional Accreditation\" \/>\n<meta property=\"og:description\" content=\"This type of accreditation is exclusively for active professionals in the audiovisual sphere (filmmakers, distributors, producers, film school teachers,\" \/>\n<meta property=\"og:url\" content=\"https:\/\/iffartfilm.com\/en\/current-edition\/film-professional-accreditation\/\" \/>\n<meta property=\"og:site_name\" content=\"IFF ART FILM\" \/>\n<meta property=\"article:publisher\" content=\"https:\/\/www.facebook.com\/IFFArtFilmKosice\" \/>\n<meta property=\"article:modified_time\" content=\"2026-04-02T07:15:08+00:00\" \/>\n<meta property=\"og:image\" content=\"https:\/\/iffartfilm.com\/wp-content\/uploads\/2020\/01\/AFF_web_okienka_12.jpg\" \/>\n\t<meta property=\"og:image:width\" content=\"800\" \/>\n\t<meta property=\"og:image:height\" content=\"400\" \/>\n\t<meta property=\"og:image:type\" content=\"image\/jpeg\" \/>\n<meta name=\"twitter:card\" content=\"summary_large_image\" \/>\n<meta name=\"twitter:site\" content=\"@ArtFilmFestSVK\" \/>\n<meta name=\"twitter:label1\" content=\"Est. reading time\" \/>\n\t<meta name=\"twitter:data1\" content=\"3 minutes\" \/>\n<script type=\"application\/ld+json\" class=\"yoast-schema-graph\">{\"@context\":\"https:\\\/\\\/schema.org\",\"@graph\":[{\"@type\":\"WebPage\",\"@id\":\"https:\\\/\\\/iffartfilm.com\\\/en\\\/current-edition\\\/film-professional-accreditation\\\/\",\"url\":\"https:\\\/\\\/iffartfilm.com\\\/en\\\/current-edition\\\/film-professional-accreditation\\\/\",\"name\":\"Film Professional Accreditation &#8226; IFF ART FILM\",\"isPartOf\":{\"@id\":\"https:\\\/\\\/iffartfilm.com\\\/en\\\/#website\"},\"primaryImageOfPage\":{\"@id\":\"https:\\\/\\\/iffartfilm.com\\\/en\\\/current-edition\\\/film-professional-accreditation\\\/#primaryimage\"},\"image\":{\"@id\":\"https:\\\/\\\/iffartfilm.com\\\/en\\\/current-edition\\\/film-professional-accreditation\\\/#primaryimage\"},\"thumbnailUrl\":\"https:\\\/\\\/iffartfilm.com\\\/wp-content\\\/uploads\\\/2020\\\/01\\\/AFF_web_okienka_12.jpg\",\"datePublished\":\"2017-05-24T20:03:37+00:00\",\"dateModified\":\"2026-04-02T07:15:08+00:00\",\"breadcrumb\":{\"@id\":\"https:\\\/\\\/iffartfilm.com\\\/en\\\/current-edition\\\/film-professional-accreditation\\\/#breadcrumb\"},\"inLanguage\":\"en-US\",\"potentialAction\":[{\"@type\":\"ReadAction\",\"target\":[\"https:\\\/\\\/iffartfilm.com\\\/en\\\/current-edition\\\/film-professional-accreditation\\\/\"]}]},{\"@type\":\"ImageObject\",\"inLanguage\":\"en-US\",\"@id\":\"https:\\\/\\\/iffartfilm.com\\\/en\\\/current-edition\\\/film-professional-accreditation\\\/#primaryimage\",\"url\":\"https:\\\/\\\/iffartfilm.com\\\/wp-content\\\/uploads\\\/2020\\\/01\\\/AFF_web_okienka_12.jpg\",\"contentUrl\":\"https:\\\/\\\/iffartfilm.com\\\/wp-content\\\/uploads\\\/2020\\\/01\\\/AFF_web_okienka_12.jpg\",\"width\":800,\"height\":400},{\"@type\":\"BreadcrumbList\",\"@id\":\"https:\\\/\\\/iffartfilm.com\\\/en\\\/current-edition\\\/film-professional-accreditation\\\/#breadcrumb\",\"itemListElement\":[{\"@type\":\"ListItem\",\"position\":1,\"name\":\"Dom\u00e1ca str\u00e1nka\",\"item\":\"https:\\\/\\\/iffartfilm.com\\\/en\\\/\"},{\"@type\":\"ListItem\",\"position\":2,\"name\":\"IFF ART FILM 2025\",\"item\":\"https:\\\/\\\/iffartfilm.com\\\/en\\\/current-edition\\\/\"},{\"@type\":\"ListItem\",\"position\":3,\"name\":\"Film Professional Accreditation\"}]},{\"@type\":\"WebSite\",\"@id\":\"https:\\\/\\\/iffartfilm.com\\\/en\\\/#website\",\"url\":\"https:\\\/\\\/iffartfilm.com\\\/en\\\/\",\"name\":\"IFF ART FILM\",\"description\":\"Medzin\u00e1rodn\u00fd filmov\u00fd festival\",\"publisher\":{\"@id\":\"https:\\\/\\\/iffartfilm.com\\\/en\\\/#organization\"},\"alternateName\":\"Art Film\",\"potentialAction\":[{\"@type\":\"SearchAction\",\"target\":{\"@type\":\"EntryPoint\",\"urlTemplate\":\"https:\\\/\\\/iffartfilm.com\\\/en\\\/?s={search_term_string}\"},\"query-input\":{\"@type\":\"PropertyValueSpecification\",\"valueRequired\":true,\"valueName\":\"search_term_string\"}}],\"inLanguage\":\"en-US\"},{\"@type\":\"Organization\",\"@id\":\"https:\\\/\\\/iffartfilm.com\\\/en\\\/#organization\",\"name\":\"ART FILM FEST, s.r.o.\",\"url\":\"https:\\\/\\\/iffartfilm.com\\\/en\\\/\",\"logo\":{\"@type\":\"ImageObject\",\"inLanguage\":\"en-US\",\"@id\":\"https:\\\/\\\/iffartfilm.com\\\/en\\\/#\\\/schema\\\/logo\\\/image\\\/\",\"url\":\"https:\\\/\\\/iffartfilm.com\\\/wp-content\\\/uploads\\\/2024\\\/11\\\/aff-cinepass-2025.png\",\"contentUrl\":\"https:\\\/\\\/iffartfilm.com\\\/wp-content\\\/uploads\\\/2024\\\/11\\\/aff-cinepass-2025.png\",\"width\":486,\"height\":215,\"caption\":\"ART FILM FEST, s.r.o.\"},\"image\":{\"@id\":\"https:\\\/\\\/iffartfilm.com\\\/en\\\/#\\\/schema\\\/logo\\\/image\\\/\"},\"sameAs\":[\"https:\\\/\\\/www.facebook.com\\\/IFFArtFilmKosice\",\"https:\\\/\\\/x.com\\\/ArtFilmFestSVK\",\"https:\\\/\\\/www.instagram.com\\\/iffartfilmkosice\\\/\",\"https:\\\/\\\/www.youtube.com\\\/user\\\/artfilmfest81\\\/\",\"https:\\\/\\\/www.linkedin.com\\\/company\\\/international-film-festival-art-film\"]}]}<\/script>\n<!-- \/ Yoast SEO Premium plugin. -->","yoast_head_json":{"title":"Film Professional Accreditation &#8226; IFF ART FILM","robots":{"index":"index","follow":"follow","max-snippet":"max-snippet:-1","max-image-preview":"max-image-preview:large","max-video-preview":"max-video-preview:-1"},"canonical":"https:\/\/iffartfilm.com\/en\/current-edition\/film-professional-accreditation\/","og_locale":"en_US","og_type":"article","og_title":"Film Professional Accreditation","og_description":"This type of accreditation is exclusively for active professionals in the audiovisual sphere (filmmakers, distributors, producers, film school teachers,","og_url":"https:\/\/iffartfilm.com\/en\/current-edition\/film-professional-accreditation\/","og_site_name":"IFF ART FILM","article_publisher":"https:\/\/www.facebook.com\/IFFArtFilmKosice","article_modified_time":"2026-04-02T07:15:08+00:00","og_image":[{"width":800,"height":400,"url":"https:\/\/iffartfilm.com\/wp-content\/uploads\/2020\/01\/AFF_web_okienka_12.jpg","type":"image\/jpeg"}],"twitter_card":"summary_large_image","twitter_site":"@ArtFilmFestSVK","twitter_misc":{"Est. reading time":"3 minutes"},"schema":{"@context":"https:\/\/schema.org","@graph":[{"@type":"WebPage","@id":"https:\/\/iffartfilm.com\/en\/current-edition\/film-professional-accreditation\/","url":"https:\/\/iffartfilm.com\/en\/current-edition\/film-professional-accreditation\/","name":"Film Professional Accreditation &#8226; IFF ART FILM","isPartOf":{"@id":"https:\/\/iffartfilm.com\/en\/#website"},"primaryImageOfPage":{"@id":"https:\/\/iffartfilm.com\/en\/current-edition\/film-professional-accreditation\/#primaryimage"},"image":{"@id":"https:\/\/iffartfilm.com\/en\/current-edition\/film-professional-accreditation\/#primaryimage"},"thumbnailUrl":"https:\/\/iffartfilm.com\/wp-content\/uploads\/2020\/01\/AFF_web_okienka_12.jpg","datePublished":"2017-05-24T20:03:37+00:00","dateModified":"2026-04-02T07:15:08+00:00","breadcrumb":{"@id":"https:\/\/iffartfilm.com\/en\/current-edition\/film-professional-accreditation\/#breadcrumb"},"inLanguage":"en-US","potentialAction":[{"@type":"ReadAction","target":["https:\/\/iffartfilm.com\/en\/current-edition\/film-professional-accreditation\/"]}]},{"@type":"ImageObject","inLanguage":"en-US","@id":"https:\/\/iffartfilm.com\/en\/current-edition\/film-professional-accreditation\/#primaryimage","url":"https:\/\/iffartfilm.com\/wp-content\/uploads\/2020\/01\/AFF_web_okienka_12.jpg","contentUrl":"https:\/\/iffartfilm.com\/wp-content\/uploads\/2020\/01\/AFF_web_okienka_12.jpg","width":800,"height":400},{"@type":"BreadcrumbList","@id":"https:\/\/iffartfilm.com\/en\/current-edition\/film-professional-accreditation\/#breadcrumb","itemListElement":[{"@type":"ListItem","position":1,"name":"Dom\u00e1ca str\u00e1nka","item":"https:\/\/iffartfilm.com\/en\/"},{"@type":"ListItem","position":2,"name":"IFF ART FILM 2025","item":"https:\/\/iffartfilm.com\/en\/current-edition\/"},{"@type":"ListItem","position":3,"name":"Film Professional Accreditation"}]},{"@type":"WebSite","@id":"https:\/\/iffartfilm.com\/en\/#website","url":"https:\/\/iffartfilm.com\/en\/","name":"IFF ART FILM","description":"Medzin\u00e1rodn\u00fd filmov\u00fd festival","publisher":{"@id":"https:\/\/iffartfilm.com\/en\/#organization"},"alternateName":"Art Film","potentialAction":[{"@type":"SearchAction","target":{"@type":"EntryPoint","urlTemplate":"https:\/\/iffartfilm.com\/en\/?s={search_term_string}"},"query-input":{"@type":"PropertyValueSpecification","valueRequired":true,"valueName":"search_term_string"}}],"inLanguage":"en-US"},{"@type":"Organization","@id":"https:\/\/iffartfilm.com\/en\/#organization","name":"ART FILM FEST, s.r.o.","url":"https:\/\/iffartfilm.com\/en\/","logo":{"@type":"ImageObject","inLanguage":"en-US","@id":"https:\/\/iffartfilm.com\/en\/#\/schema\/logo\/image\/","url":"https:\/\/iffartfilm.com\/wp-content\/uploads\/2024\/11\/aff-cinepass-2025.png","contentUrl":"https:\/\/iffartfilm.com\/wp-content\/uploads\/2024\/11\/aff-cinepass-2025.png","width":486,"height":215,"caption":"ART FILM FEST, s.r.o."},"image":{"@id":"https:\/\/iffartfilm.com\/en\/#\/schema\/logo\/image\/"},"sameAs":["https:\/\/www.facebook.com\/IFFArtFilmKosice","https:\/\/x.com\/ArtFilmFestSVK","https:\/\/www.instagram.com\/iffartfilmkosice\/","https:\/\/www.youtube.com\/user\/artfilmfest81\/","https:\/\/www.linkedin.com\/company\/international-film-festival-art-film"]}]}},"_links":{"self":[{"href":"https:\/\/iffartfilm.com\/en\/wp-json\/wp\/v2\/pages\/8688","targetHints":{"allow":["GET"]}}],"collection":[{"href":"https:\/\/iffartfilm.com\/en\/wp-json\/wp\/v2\/pages"}],"about":[{"href":"https:\/\/iffartfilm.com\/en\/wp-json\/wp\/v2\/types\/page"}],"author":[{"embeddable":true,"href":"https:\/\/iffartfilm.com\/en\/wp-json\/wp\/v2\/users\/2"}],"replies":[{"embeddable":true,"href":"https:\/\/iffartfilm.com\/en\/wp-json\/wp\/v2\/comments?post=8688"}],"version-history":[{"count":0,"href":"https:\/\/iffartfilm.com\/en\/wp-json\/wp\/v2\/pages\/8688\/revisions"}],"up":[{"embeddable":true,"href":"https:\/\/iffartfilm.com\/en\/wp-json\/wp\/v2\/pages\/8397"}],"wp:featuredmedia":[{"embeddable":true,"href":"https:\/\/iffartfilm.com\/en\/wp-json\/wp\/v2\/media\/26023"}],"wp:attachment":[{"href":"https:\/\/iffartfilm.com\/en\/wp-json\/wp\/v2\/media?parent=8688"}],"curies":[{"name":"wp","href":"https:\/\/api.w.org\/{rel}","templated":true}]}}