{"id":8404,"date":"2017-04-03T22:50:14","date_gmt":"2017-04-03T20:50:14","guid":{"rendered":"https:\/\/www.artfilmfest.sk\/en\/?page_id=8404"},"modified":"2025-05-21T11:05:55","modified_gmt":"2025-05-21T09:05:55","slug":"location","status":"publish","type":"page","link":"https:\/\/iffartfilm.com\/en\/current-edition\/location\/","title":{"rendered":"Location"},"content":{"rendered":"<div class=\"wpb-content-wrapper\"><p>[vc_row][vc_column][vc_empty_space][vc_column_text css=&#8221;&#8221;]<\/p>\n<h1>The city of Ko\u0161ice<\/h1>\n<p class=\"lead\">In 2016, IFF ART FILM moved house to Ko\u0161ice, chiefly drawn by the city\u2019s more accommodating infrastructure. The cultural and economic hub of eastern Slovakia, Ko\u0161ice is an ideal location for a film festival.<\/p>\n<p>[\/vc_column_text][vc_empty_space][vc_column_text css=&#8221;&#8221;]<\/p>\n<h2>Cinemas and cultural venues<\/h2>\n<p>IFF ART FILM will be held in the centre of Ko\u0161ice. The programme of accompanying events for the wider public will take place on the city\u2019s <strong>Hlavn\u00e1 ulica <\/strong>(Main Street). Films will be screened at the venues listed below.[\/vc_column_text][vc_empty_space][vc_row_inner][vc_column_inner]<div class=\"promo_box has_border\"><div class=\"promo_box_wrapper promo_box_left\"><div class=\"photo_wrapper\"><img loading=\"lazy\" decoding=\"async\" class=\"scale-with-grid\" src=\"https:\/\/iffartfilm.com\/wp-content\/uploads\/2016\/04\/kurnsthalle-ok.jpg\" alt=\"kurnsthalle-ok\" width=\"433\" height=\"433\"\/><\/div><div class=\"desc_wrapper\"><h2 class=\"title\">Kunsthalle<\/h2><div class=\"desc\">Capacity: 550 seats. Thanks to its architectural features, Ko\u0161ice\u2019s Kunsthalle (Hall of Art) is primarily used for holding international exhibitions, workshops and more intimate events focused on the new generation.<\/div><a href=\"https:\/\/goo.gl\/maps\/oPW8HPSfz4B2\" class=\"button button_theme has-icon\" target=\"_blank\" title=\"\"><span class=\"button_icon\"><i class=\"icon-layout\" aria-hidden=\"true\"><\/i><\/span><span class=\"button_label\">Address: Rumanova, 040 01 Ko\u0161ice<\/span><\/a><\/div><\/div><\/div>\n[vc_empty_space]<div class=\"promo_box has_border\"><div class=\"promo_box_wrapper promo_box_left\"><div class=\"photo_wrapper\"><img loading=\"lazy\" decoding=\"async\" class=\"scale-with-grid\" src=\"https:\/\/iffartfilm.com\/wp-content\/uploads\/2016\/04\/kulturpark-1.jpg\" alt=\"kulturpark-1\" width=\"433\" height=\"433\"\/><\/div><div class=\"desc_wrapper\"><h2 class=\"title\">Kulturpark<\/h2><div class=\"desc\">Capacity: two screening rooms with 150 seats each. This former military area is now a creative district bristling with life. Ko\u0161ice\u2019s new cultural venue provides spaces for socializing, creative work and presenting various genres of modern art.<\/div><a href=\"https:\/\/goo.gl\/maps\/6ffej5WDyBK2\" class=\"button button_theme has-icon\" target=\"_blank\" title=\"\"><span class=\"button_icon\"><i class=\"icon-layout\" aria-hidden=\"true\"><\/i><\/span><span class=\"button_label\">Address: Kuku\u010d\u00ednova 2, 040 01 Ko\u0161ice<\/span><\/a><\/div><\/div><\/div>\n[vc_empty_space hide_element=&#8221;true&#8221;]<div class=\"promo_box has_border\"><div class=\"promo_box_wrapper promo_box_left\"><div class=\"photo_wrapper\"><img loading=\"lazy\" decoding=\"async\" class=\"scale-with-grid\" src=\"https:\/\/iffartfilm.com\/wp-content\/uploads\/2023\/04\/veritas-sala.jpg\" alt=\"veritas-sala\" width=\"433\" height=\"433\"\/><\/div><div class=\"desc_wrapper\"><h2 class=\"title\">Veritas<\/h2><div class=\"desc\">The cinema in Dominican Square with tradition. During the totalitarian regime, it was the memorable Dukla cinema. After the revolution, the Cinefil film club was built on its foundations. As of 2023, it has a total capacity of 234 seats and is equipped with the most modern technologies, spectacular acoustics and a cinema screen with digital projection.<\/div><a href=\"https:\/\/goo.gl\/maps\/mL5GjprRh4RZpQ3MA\" class=\"button button_theme has-icon\" target=\"_blank\" title=\"\"><span class=\"button_icon\"><i class=\"icon-layout\" aria-hidden=\"true\"><\/i><\/span><span class=\"button_label\">Adresa: Dominik\u00e1nske n\u00e1mestie 8, 040 01 Ko\u0161ice<\/span><\/a><\/div><\/div><\/div>\n[vc_empty_space]<div class=\"promo_box no_border\"><div class=\"promo_box_wrapper promo_box_left\"><div class=\"photo_wrapper\"><img loading=\"lazy\" decoding=\"async\" class=\"scale-with-grid\" src=\"https:\/\/iffartfilm.com\/wp-content\/uploads\/2016\/04\/kinousmev-ok.jpg\" alt=\"kinousmev-ok\" width=\"433\" height=\"433\"\/><\/div><div class=\"desc_wrapper\"><h2 class=\"title\">Kino \u00dasmev<\/h2><div class=\"desc\">Capacity: 300 seats. Kino \u00dasmev is a fully digital cinema with screenings all day, seven days a week. The latest technology delivers audiences a first-rate cinematic experience and offers businesses a unique way to present and promote on the big screen.<\/div><a href=\"https:\/\/goo.gl\/maps\/xqzHa6F5Lvw\" class=\"button button_theme has-icon\" target=\"_blank\" title=\"\"><span class=\"button_icon\"><i class=\"icon-layout\" aria-hidden=\"true\"><\/i><\/span><span class=\"button_label\">Address: Kas\u00e1rensk\u00e9 n\u00e1mestie 1, 040 01 Ko\u0161ice<\/span><\/a><\/div><\/div><\/div>\n[vc_empty_space]<div class=\"promo_box has_border\"><div class=\"promo_box_wrapper promo_box_left\"><div class=\"photo_wrapper\"><img loading=\"lazy\" decoding=\"async\" class=\"scale-with-grid\" src=\"https:\/\/iffartfilm.com\/wp-content\/uploads\/2024\/05\/zahradne_kino.jpg\" alt=\"zahradne_kino\" width=\"433\" height=\"433\"\/><\/div><div class=\"desc_wrapper\"><h2 class=\"title\">Garden cinema<\/h2><div class=\"desc\">The magical space hidden in the passage between Hlavn\u00e1 80 and M\u00e4siarska 37 in Ko\u0161ice offers a summer film program complemented by lectures, quizzes and concerts. The garden cinema was first opened in 1956 in the courtyard behind the former Partiz\u00e1n cinema, today&#8217;s Small Stage of the State Theatre. It was used for screenings until the mid-1980s. In 2021 it was partially reconstructed and reopened under the leadership of the Cinefil civic association.<br \/>\n<\/div><a href=\"https:\/\/maps.app.goo.gl\/9HAy8bZcSaSimb4Z6\" class=\"button button_theme has-icon\" target=\"_blank\" title=\"\"><span class=\"button_icon\"><i class=\"icon-layout\" aria-hidden=\"true\"><\/i><\/span><span class=\"button_label\">Address: Hlavn\u00e1 80, 040 01 Ko\u0161ice<\/span><\/a><\/div><\/div><\/div>\n[vc_empty_space]<div class=\"promo_box has_border\"><div class=\"promo_box_wrapper promo_box_left\"><div class=\"photo_wrapper\"><img loading=\"lazy\" decoding=\"async\" class=\"scale-with-grid\" src=\"https:\/\/iffartfilm.com\/wp-content\/uploads\/2016\/04\/kinoslovan-ok.jpg\" alt=\"kinoslovan-ok\" width=\"433\" height=\"433\"\/><\/div><div class=\"desc_wrapper\"><h2 class=\"title\">Historical Town Hall<\/h2><div class=\"desc\">Capacity: 310 + 144 seats. The Historical Town Hall in Ko\u0161ice is a Baroque-Classical building located at Hlavn\u00e1 Street, near the State Theatre building.<\/div><a href=\"https:\/\/goo.gl\/maps\/YQFj27171Bw\" class=\"button button_theme has-icon\" target=\"_blank\" title=\"\"><span class=\"button_icon\"><i class=\"icon-layout\" aria-hidden=\"true\"><\/i><\/span><span class=\"button_label\">Address: Hlavn\u00e1 59, 040 01 Ko\u0161ice<\/span><\/a><\/div><\/div><\/div>\n[vc_empty_space]<div class=\"promo_box no_border\"><div class=\"promo_box_wrapper promo_box_left\"><div class=\"photo_wrapper\"><img loading=\"lazy\" decoding=\"async\" class=\"scale-with-grid\" src=\"https:\/\/iffartfilm.com\/wp-content\/uploads\/2015\/12\/tabacka-kulturfabrik.jpg\" alt=\"tabacka-kulturfabrik\" width=\"1080\" height=\"1067\"\/><\/div><div class=\"desc_wrapper\"><h2 class=\"title\">Taba\u010dka Kulturfabrik<\/h2><div class=\"desc\">Taba\u010dka Kulturfabrik is an independent cultural centre with two auditoriums (300 and 80 seats, respectively). A versatile venue for exhibitions and residences, it is fully equipped for film, theatre, music\/dance and multimedia presentations.<\/div><a href=\"https:\/\/goo.gl\/maps\/cUFKR6enXBv\" class=\"button button_theme has-icon\" target=\"_blank\" title=\"\"><span class=\"button_icon\"><i class=\"icon-layout\" aria-hidden=\"true\"><\/i><\/span><span class=\"button_label\">Address: Gork\u00e9ho 2, 040 01 Ko\u0161ice<\/span><\/a><\/div><\/div><\/div>\n[vc_empty_space hide_element=&#8221;true&#8221;][\/vc_column_inner][\/vc_row_inner][vc_row_inner disable_element=&#8221;yes&#8221;][vc_column_inner]<div class=\"promo_box has_border\"><div class=\"promo_box_wrapper promo_box_left\"><div class=\"photo_wrapper\"><img loading=\"lazy\" decoding=\"async\" class=\"scale-with-grid\" src=\"https:\/\/iffartfilm.com\/wp-content\/uploads\/2021\/05\/katova-basta.jpg\" alt=\"katova-basta\" width=\"800\" height=\"800\"\/><\/div><div class=\"desc_wrapper\"><h2 class=\"title\">Executioner\u2019s Bastion<\/h2><div class=\"desc\">Executioner\u2019s Bastion, with a capacity of 200 seats, is a historical area from the second half of the 15th century. In the years 1940 &#8211; 1943, a replica of R\u00e1koczi&#8217;s exile house from Rodosto was built here. Inside of the building you can find an exhibition of firearms and the Bastion Gallery. Beautiful garden is regularly used for organizing various cultural events.<\/div><a href=\"https:\/\/goo.gl\/maps\/B7cFRMYqhpHsWi937\" class=\"button button_theme has-icon\" target=\"_blank\" title=\"\"><span class=\"button_icon\"><i class=\"icon-layout\" aria-hidden=\"true\"><\/i><\/span><span class=\"button_label\">Address: Hrn\u010diarska 7, 040 01 Ko\u0161ice<\/span><\/a><\/div><\/div><\/div>\n[vc_empty_space hide_element=&#8221;true&#8221;]<div class=\"promo_box has_border\"><div class=\"promo_box_wrapper promo_box_left\"><div class=\"photo_wrapper\"><img loading=\"lazy\" decoding=\"async\" class=\"scale-with-grid\" src=\"https:\/\/iffartfilm.com\/wp-content\/uploads\/2018\/05\/kino-mier-snv.jpg\" alt=\"kino-mier-snv\" width=\"433\" height=\"433\"\/><\/div><div class=\"desc_wrapper\"><h2 class=\"title\">Kino Mier in Spi\u0161sk\u00e1 Nov\u00e1 Ves<\/h2><div class=\"desc\">Kino Mier is a single-screen cinema with 378 seats in the town of Spi\u0161sk\u00e1 Nov\u00e1 Ves. It was built in 1980 and is located in the Mier housing estate, not far from the town centre.<\/div><a href=\"https:\/\/goo.gl\/maps\/M14zYvm19YG2\" class=\"button button_theme has-icon\" target=\"_blank\" title=\"\"><span class=\"button_icon\"><i class=\"icon-layout\" aria-hidden=\"true\"><\/i><\/span><span class=\"button_label\">Address: \u0160af\u00e1rikovo n\u00e1m. 7, 052 01 Spisska Nova Ves<\/span><\/a><\/div><\/div><\/div>\n[vc_empty_space hide_element=&#8221;true&#8221;]<div class=\"promo_box has_border\"><div class=\"promo_box_wrapper promo_box_left\"><div class=\"photo_wrapper\"><img loading=\"lazy\" decoding=\"async\" class=\"scale-with-grid\" src=\"https:\/\/iffartfilm.com\/wp-content\/uploads\/2016\/04\/amfiteater-ok.jpg\" alt=\"amfiteater-ok\" width=\"433\" height=\"433\"\/><\/div><div class=\"desc_wrapper\"><h2 class=\"title\">The Amphitheatre<\/h2><div class=\"desc\">Capacity: 3,000 seats. With seating for 3,000 spectators, Ko\u0161ice\u2019s Amphitheatre has been recognized throughout the region since its construction in 1954. The first summertime film screenings here date back to 1965\u2019s \u201cFilmov\u00fd Festival Pracuj\u00facich\u201d (Workers\u2019 Film Festival), which, after many years in the city\u2019s cinemas, had been relocated to the amphitheatre. It was here on Saturday, 19 June 1965, that the premiere of Oscar-winning film The Shop on Main Street, set in the Slovak town of Sabinov and starring Jozef Kroner, was seen by a whopping 20,000 viewers.<\/div><a href=\"https:\/\/goo.gl\/maps\/d7ybsbvNitv\" class=\"button button_theme has-icon\" target=\"_blank\" title=\"\"><span class=\"button_icon\"><i class=\"icon-layout\" aria-hidden=\"true\"><\/i><\/span><span class=\"button_label\">Address: Festivalov\u00e9 n\u00e1mestie, 040 01 Ko\u0161ice<\/span><\/a><\/div><\/div><\/div>\n[vc_empty_space][\/vc_column_inner][\/vc_row_inner][\/vc_column][\/vc_row][vc_row disable_element=&#8221;yes&#8221;][vc_column][vc_column_text hide_element=&#8221;true&#8221;]<\/p>\n<h1>The Town of Spi\u0161sk\u00e1 Nov\u00e1 Ves<\/h1>\n<p class=\"lead\">For two days, the 2018 Art Film Fest will expand to include the town of Spi\u0161sk\u00e1 Nov\u00e1 Ves, with screenings at the cinema Kino Mier, 16\u201317 June 2018.<\/p>\n<p>[\/vc_column_text][\/vc_column][\/vc_row]<\/p>\n<\/div>","protected":false},"excerpt":{"rendered":"&lt;p&gt;Ko\u0161ice s\u00fa kult\u00farnym mestom v\u00fdchodu Slovenska&lt;\/p&gt;\n","protected":false},"author":2,"featured_media":20118,"parent":8397,"menu_order":2,"comment_status":"closed","ping_status":"closed","template":"","meta":{"_acf_changed":false,"footnotes":""},"class_list":["post-8404","page","type-page","status-publish","has-post-thumbnail","hentry"],"acf":[],"yoast_head":"<!-- This site is optimized with the Yoast SEO Premium plugin v27.2 (Yoast SEO v27.4) - https:\/\/yoast.com\/product\/yoast-seo-premium-wordpress\/ -->\n<title>Location &#8226; IFF ART FILM<\/title>\n<meta name=\"robots\" content=\"index, follow, max-snippet:-1, max-image-preview:large, max-video-preview:-1\" \/>\n<link rel=\"canonical\" href=\"https:\/\/iffartfilm.com\/en\/current-edition\/location\/\" \/>\n<meta property=\"og:locale\" content=\"en_US\" \/>\n<meta property=\"og:type\" content=\"article\" \/>\n<meta property=\"og:title\" content=\"Location\" \/>\n<meta property=\"og:description\" content=\"Ko\u0161ice s\u00fa kult\u00farnym mestom v\u00fdchodu Slovenska\" \/>\n<meta property=\"og:url\" content=\"https:\/\/iffartfilm.com\/en\/current-edition\/location\/\" \/>\n<meta property=\"og:site_name\" content=\"IFF ART FILM\" \/>\n<meta property=\"article:publisher\" content=\"https:\/\/www.facebook.com\/IFFArtFilmKosice\" \/>\n<meta property=\"article:modified_time\" content=\"2025-05-21T09:05:55+00:00\" \/>\n<meta property=\"og:image\" content=\"https:\/\/iffartfilm.com\/wp-content\/uploads\/2020\/01\/AFF_web_okienka_3.jpg\" \/>\n\t<meta property=\"og:image:width\" content=\"800\" \/>\n\t<meta property=\"og:image:height\" content=\"400\" \/>\n\t<meta property=\"og:image:type\" content=\"image\/jpeg\" \/>\n<meta name=\"twitter:card\" content=\"summary_large_image\" \/>\n<meta name=\"twitter:site\" content=\"@ArtFilmFestSVK\" \/>\n<meta name=\"twitter:label1\" content=\"Est. reading time\" \/>\n\t<meta name=\"twitter:data1\" content=\"5 minutes\" \/>\n<script type=\"application\/ld+json\" class=\"yoast-schema-graph\">{\"@context\":\"https:\\\/\\\/schema.org\",\"@graph\":[{\"@type\":\"WebPage\",\"@id\":\"https:\\\/\\\/iffartfilm.com\\\/en\\\/current-edition\\\/location\\\/\",\"url\":\"https:\\\/\\\/iffartfilm.com\\\/en\\\/current-edition\\\/location\\\/\",\"name\":\"Location &#8226; IFF ART FILM\",\"isPartOf\":{\"@id\":\"https:\\\/\\\/iffartfilm.com\\\/en\\\/#website\"},\"primaryImageOfPage\":{\"@id\":\"https:\\\/\\\/iffartfilm.com\\\/en\\\/current-edition\\\/location\\\/#primaryimage\"},\"image\":{\"@id\":\"https:\\\/\\\/iffartfilm.com\\\/en\\\/current-edition\\\/location\\\/#primaryimage\"},\"thumbnailUrl\":\"https:\\\/\\\/iffartfilm.com\\\/wp-content\\\/uploads\\\/2020\\\/01\\\/AFF_web_okienka_3.jpg\",\"datePublished\":\"2017-04-03T20:50:14+00:00\",\"dateModified\":\"2025-05-21T09:05:55+00:00\",\"breadcrumb\":{\"@id\":\"https:\\\/\\\/iffartfilm.com\\\/en\\\/current-edition\\\/location\\\/#breadcrumb\"},\"inLanguage\":\"en-US\",\"potentialAction\":[{\"@type\":\"ReadAction\",\"target\":[\"https:\\\/\\\/iffartfilm.com\\\/en\\\/current-edition\\\/location\\\/\"]}]},{\"@type\":\"ImageObject\",\"inLanguage\":\"en-US\",\"@id\":\"https:\\\/\\\/iffartfilm.com\\\/en\\\/current-edition\\\/location\\\/#primaryimage\",\"url\":\"https:\\\/\\\/iffartfilm.com\\\/wp-content\\\/uploads\\\/2020\\\/01\\\/AFF_web_okienka_3.jpg\",\"contentUrl\":\"https:\\\/\\\/iffartfilm.com\\\/wp-content\\\/uploads\\\/2020\\\/01\\\/AFF_web_okienka_3.jpg\",\"width\":800,\"height\":400},{\"@type\":\"BreadcrumbList\",\"@id\":\"https:\\\/\\\/iffartfilm.com\\\/en\\\/current-edition\\\/location\\\/#breadcrumb\",\"itemListElement\":[{\"@type\":\"ListItem\",\"position\":1,\"name\":\"Dom\u00e1ca str\u00e1nka\",\"item\":\"https:\\\/\\\/iffartfilm.com\\\/en\\\/\"},{\"@type\":\"ListItem\",\"position\":2,\"name\":\"IFF ART FILM 2025\",\"item\":\"https:\\\/\\\/iffartfilm.com\\\/en\\\/current-edition\\\/\"},{\"@type\":\"ListItem\",\"position\":3,\"name\":\"Location\"}]},{\"@type\":\"WebSite\",\"@id\":\"https:\\\/\\\/iffartfilm.com\\\/en\\\/#website\",\"url\":\"https:\\\/\\\/iffartfilm.com\\\/en\\\/\",\"name\":\"IFF ART FILM\",\"description\":\"Medzin\u00e1rodn\u00fd filmov\u00fd festival\",\"publisher\":{\"@id\":\"https:\\\/\\\/iffartfilm.com\\\/en\\\/#organization\"},\"alternateName\":\"Art Film\",\"potentialAction\":[{\"@type\":\"SearchAction\",\"target\":{\"@type\":\"EntryPoint\",\"urlTemplate\":\"https:\\\/\\\/iffartfilm.com\\\/en\\\/?s={search_term_string}\"},\"query-input\":{\"@type\":\"PropertyValueSpecification\",\"valueRequired\":true,\"valueName\":\"search_term_string\"}}],\"inLanguage\":\"en-US\"},{\"@type\":\"Organization\",\"@id\":\"https:\\\/\\\/iffartfilm.com\\\/en\\\/#organization\",\"name\":\"ART FILM FEST, s.r.o.\",\"url\":\"https:\\\/\\\/iffartfilm.com\\\/en\\\/\",\"logo\":{\"@type\":\"ImageObject\",\"inLanguage\":\"en-US\",\"@id\":\"https:\\\/\\\/iffartfilm.com\\\/en\\\/#\\\/schema\\\/logo\\\/image\\\/\",\"url\":\"https:\\\/\\\/iffartfilm.com\\\/wp-content\\\/uploads\\\/2024\\\/11\\\/aff-cinepass-2025.png\",\"contentUrl\":\"https:\\\/\\\/iffartfilm.com\\\/wp-content\\\/uploads\\\/2024\\\/11\\\/aff-cinepass-2025.png\",\"width\":486,\"height\":215,\"caption\":\"ART FILM FEST, s.r.o.\"},\"image\":{\"@id\":\"https:\\\/\\\/iffartfilm.com\\\/en\\\/#\\\/schema\\\/logo\\\/image\\\/\"},\"sameAs\":[\"https:\\\/\\\/www.facebook.com\\\/IFFArtFilmKosice\",\"https:\\\/\\\/x.com\\\/ArtFilmFestSVK\",\"https:\\\/\\\/www.instagram.com\\\/iffartfilmkosice\\\/\",\"https:\\\/\\\/www.youtube.com\\\/user\\\/artfilmfest81\\\/\",\"https:\\\/\\\/www.linkedin.com\\\/company\\\/international-film-festival-art-film\"]}]}<\/script>\n<!-- \/ Yoast SEO Premium plugin. -->","yoast_head_json":{"title":"Location &#8226; IFF ART FILM","robots":{"index":"index","follow":"follow","max-snippet":"max-snippet:-1","max-image-preview":"max-image-preview:large","max-video-preview":"max-video-preview:-1"},"canonical":"https:\/\/iffartfilm.com\/en\/current-edition\/location\/","og_locale":"en_US","og_type":"article","og_title":"Location","og_description":"Ko\u0161ice s\u00fa kult\u00farnym mestom v\u00fdchodu Slovenska","og_url":"https:\/\/iffartfilm.com\/en\/current-edition\/location\/","og_site_name":"IFF ART FILM","article_publisher":"https:\/\/www.facebook.com\/IFFArtFilmKosice","article_modified_time":"2025-05-21T09:05:55+00:00","og_image":[{"width":800,"height":400,"url":"https:\/\/iffartfilm.com\/wp-content\/uploads\/2020\/01\/AFF_web_okienka_3.jpg","type":"image\/jpeg"}],"twitter_card":"summary_large_image","twitter_site":"@ArtFilmFestSVK","twitter_misc":{"Est. reading time":"5 minutes"},"schema":{"@context":"https:\/\/schema.org","@graph":[{"@type":"WebPage","@id":"https:\/\/iffartfilm.com\/en\/current-edition\/location\/","url":"https:\/\/iffartfilm.com\/en\/current-edition\/location\/","name":"Location &#8226; IFF ART FILM","isPartOf":{"@id":"https:\/\/iffartfilm.com\/en\/#website"},"primaryImageOfPage":{"@id":"https:\/\/iffartfilm.com\/en\/current-edition\/location\/#primaryimage"},"image":{"@id":"https:\/\/iffartfilm.com\/en\/current-edition\/location\/#primaryimage"},"thumbnailUrl":"https:\/\/iffartfilm.com\/wp-content\/uploads\/2020\/01\/AFF_web_okienka_3.jpg","datePublished":"2017-04-03T20:50:14+00:00","dateModified":"2025-05-21T09:05:55+00:00","breadcrumb":{"@id":"https:\/\/iffartfilm.com\/en\/current-edition\/location\/#breadcrumb"},"inLanguage":"en-US","potentialAction":[{"@type":"ReadAction","target":["https:\/\/iffartfilm.com\/en\/current-edition\/location\/"]}]},{"@type":"ImageObject","inLanguage":"en-US","@id":"https:\/\/iffartfilm.com\/en\/current-edition\/location\/#primaryimage","url":"https:\/\/iffartfilm.com\/wp-content\/uploads\/2020\/01\/AFF_web_okienka_3.jpg","contentUrl":"https:\/\/iffartfilm.com\/wp-content\/uploads\/2020\/01\/AFF_web_okienka_3.jpg","width":800,"height":400},{"@type":"BreadcrumbList","@id":"https:\/\/iffartfilm.com\/en\/current-edition\/location\/#breadcrumb","itemListElement":[{"@type":"ListItem","position":1,"name":"Dom\u00e1ca str\u00e1nka","item":"https:\/\/iffartfilm.com\/en\/"},{"@type":"ListItem","position":2,"name":"IFF ART FILM 2025","item":"https:\/\/iffartfilm.com\/en\/current-edition\/"},{"@type":"ListItem","position":3,"name":"Location"}]},{"@type":"WebSite","@id":"https:\/\/iffartfilm.com\/en\/#website","url":"https:\/\/iffartfilm.com\/en\/","name":"IFF ART FILM","description":"Medzin\u00e1rodn\u00fd filmov\u00fd festival","publisher":{"@id":"https:\/\/iffartfilm.com\/en\/#organization"},"alternateName":"Art Film","potentialAction":[{"@type":"SearchAction","target":{"@type":"EntryPoint","urlTemplate":"https:\/\/iffartfilm.com\/en\/?s={search_term_string}"},"query-input":{"@type":"PropertyValueSpecification","valueRequired":true,"valueName":"search_term_string"}}],"inLanguage":"en-US"},{"@type":"Organization","@id":"https:\/\/iffartfilm.com\/en\/#organization","name":"ART FILM FEST, s.r.o.","url":"https:\/\/iffartfilm.com\/en\/","logo":{"@type":"ImageObject","inLanguage":"en-US","@id":"https:\/\/iffartfilm.com\/en\/#\/schema\/logo\/image\/","url":"https:\/\/iffartfilm.com\/wp-content\/uploads\/2024\/11\/aff-cinepass-2025.png","contentUrl":"https:\/\/iffartfilm.com\/wp-content\/uploads\/2024\/11\/aff-cinepass-2025.png","width":486,"height":215,"caption":"ART FILM FEST, s.r.o."},"image":{"@id":"https:\/\/iffartfilm.com\/en\/#\/schema\/logo\/image\/"},"sameAs":["https:\/\/www.facebook.com\/IFFArtFilmKosice","https:\/\/x.com\/ArtFilmFestSVK","https:\/\/www.instagram.com\/iffartfilmkosice\/","https:\/\/www.youtube.com\/user\/artfilmfest81\/","https:\/\/www.linkedin.com\/company\/international-film-festival-art-film"]}]}},"_links":{"self":[{"href":"https:\/\/iffartfilm.com\/en\/wp-json\/wp\/v2\/pages\/8404","targetHints":{"allow":["GET"]}}],"collection":[{"href":"https:\/\/iffartfilm.com\/en\/wp-json\/wp\/v2\/pages"}],"about":[{"href":"https:\/\/iffartfilm.com\/en\/wp-json\/wp\/v2\/types\/page"}],"author":[{"embeddable":true,"href":"https:\/\/iffartfilm.com\/en\/wp-json\/wp\/v2\/users\/2"}],"replies":[{"embeddable":true,"href":"https:\/\/iffartfilm.com\/en\/wp-json\/wp\/v2\/comments?post=8404"}],"version-history":[{"count":0,"href":"https:\/\/iffartfilm.com\/en\/wp-json\/wp\/v2\/pages\/8404\/revisions"}],"up":[{"embeddable":true,"href":"https:\/\/iffartfilm.com\/en\/wp-json\/wp\/v2\/pages\/8397"}],"wp:featuredmedia":[{"embeddable":true,"href":"https:\/\/iffartfilm.com\/en\/wp-json\/wp\/v2\/media\/20118"}],"wp:attachment":[{"href":"https:\/\/iffartfilm.com\/en\/wp-json\/wp\/v2\/media?parent=8404"}],"curies":[{"name":"wp","href":"https:\/\/api.w.org\/{rel}","templated":true}]}}