{"id":42902,"date":"2017-06-17T16:07:19","date_gmt":"2017-06-17T14:07:19","guid":{"rendered":"https:\/\/iffartfilm.com\/current-edition\/festivalova-televizia\/"},"modified":"2025-06-25T13:19:21","modified_gmt":"2025-06-25T11:19:21","slug":"festival-tv","status":"publish","type":"page","link":"https:\/\/iffartfilm.com\/en\/current-edition\/festival-tv\/","title":{"rendered":"Festivalov\u00e1 telev\u00edzia \/ Festival TV"},"content":{"rendered":"<div class=\"wpb-content-wrapper\"><p>[vc_row][vc_column][vc_column_text]<\/p>\n<p>[\/vc_column_text][\/vc_column][\/vc_row][vc_row][vc_column][vc_column_text css=&#8221;&#8221;]<\/p>\n<h3>Tla\u010dov\u00e9 konferencie | Press Conferences<\/h3>\n<p>[\/vc_column_text][vc_column_text css=&#8221;&#8221;]Hercova misia &#8211; Milan Ondr\u00edk<br \/>\nActor&#8217;s Mission Milan Ondr\u00edk[\/vc_column_text][vc_video link=&#8221;https:\/\/youtu.be\/hRFRHme5ELg&#8221; css=&#8221;&#8221;][vc_column_text css=&#8221;&#8221;]<\/p>\n<p>Tla\u010dov\u00e1 konferencia pred za\u010dat\u00edm 31. ro\u010dn\u00edka<br \/>\nPress Conference prior to 31. IFF Art Film<\/p>\n<p>[\/vc_column_text][vc_video link=&#8221;https:\/\/www.youtube.com\/live\/KULm6AvOwOg?feature=shared&#8221; css=&#8221;&#8221;][\/vc_column][vc_column][vc_column_text css=&#8221;&#8221;]<\/p>\n<h3>Rozhovory | Interviews<\/h3>\n<p>[\/vc_column_text][vc_column_text css=&#8221;&#8221;]Hercova misia &#8211; Milan Ondr\u00edk<br \/>\nActor&#8217;s Mission[\/vc_column_text][vc_video link=&#8221;https:\/\/youtube.com\/live\/I4T75NGlBUI&#8221; css=&#8221;&#8221;][vc_empty_space][vc_column_text css=&#8221;&#8221;]Zlat\u00e1 kamera &#8211; Martin \u0160trba<br \/>\nGolden Camera[\/vc_column_text][vc_video link=&#8221;https:\/\/youtube.com\/live\/5MMrGc5jg9c?feature=share&#8221; css=&#8221;&#8221;][vc_empty_space][\/vc_column][\/vc_row][vc_row][vc_column width=&#8221;1\/2&#8243;][vc_column_text css=&#8221;&#8221;]Martin \u0160ul\u00edk a Marek Le\u0161\u010d\u00e1k<br \/>\nZ\u00e1hrada | The Garden[\/vc_column_text][vc_video link=&#8221;https:\/\/youtu.be\/R-PdXLt1wq0&#8243; css=&#8221;&#8221;][vc_empty_space][\/vc_column][vc_column width=&#8221;1\/2&#8243;][vc_column_text css=&#8221;&#8221;]Pripravujeme&#8230;<br \/>\nLoading&#8230;[\/vc_column_text][vc_video link=&#8221;&#8221; css=&#8221;&#8221;][vc_empty_space][\/vc_column][\/vc_row][vc_row][vc_column][vc_column_text]<\/p>\n<h3>Festivalov\u00e9 denn\u00edky<\/h3>\n<p>[\/vc_column_text][\/vc_column][vc_column width=&#8221;1\/2&#8243;][vc_column_text css=&#8221;&#8221;]<\/p>\n<p class=\"watch-title-container\"><span id=\"eow-title\" class=\"watch-title\" dir=\"ltr\" title=\"ART FILM FEST 2019 uv\u00e1dza re\u017eis\u00e9r Mikhail Idov\">IFF ART FILM 2025<br \/>\nprv\u00fd de\u0148 | day 1<\/span><\/p>\n<p>[\/vc_column_text][vc_video link=&#8221;https:\/\/youtu.be\/opDAvwtqM4k&#8221; css=&#8221;&#8221;][vc_column_text css=&#8221;&#8221;]<span id=\"eow-title\" class=\"watch-title\" dir=\"ltr\" title=\"ART FILM FEST 2019 uv\u00e1dza re\u017eis\u00e9r Mikhail Idov\">IFF ART FILM 2025<br \/>\ntret\u00ed de\u0148 | day 3<\/span>[\/vc_column_text][vc_video link=&#8221;https:\/\/youtu.be\/-aBvvxDdfu8&#8243; css=&#8221;&#8221;][\/vc_column][vc_column width=&#8221;1\/2&#8243;][vc_column_text css=&#8221;&#8221;]<span id=\"eow-title\" class=\"watch-title\" dir=\"ltr\" title=\"ART FILM FEST 2019 uv\u00e1dza re\u017eis\u00e9r Mikhail Idov\">IFF ART FILM 2025<br \/>\ndruh\u00fd de\u0148 | day 2<\/span>[\/vc_column_text][vc_video link=&#8221;https:\/\/youtu.be\/BENBXojlW8o&#8221; css=&#8221;&#8221;][\/vc_column][\/vc_row][vc_row][vc_column][vc_separator color=&#8221;white&#8221; border_width=&#8221;9&#8243; css=&#8221;&#8221;][\/vc_column][\/vc_row][vc_row disable_element=&#8221;yes&#8221;][vc_column width=&#8221;1\/2&#8243;][vc_column_text]<\/p>\n<p class=\"watch-title-container\"><span id=\"eow-title\" class=\"watch-title\" dir=\"ltr\" title=\"ART FILM FEST 2019 uv\u00e1dza re\u017eis\u00e9r Mikhail Idov\">MFF ART FILM 2024<br \/>\ntret\u00ed de\u0148<\/span><\/p>\n<p>[\/vc_column_text][vc_video link=&#8221;&#8221; css=&#8221;&#8221;][vc_column_text css=&#8221;&#8221;]<span id=\"eow-title\" class=\"watch-title\" dir=\"ltr\" title=\"ART FILM FEST 2019 uv\u00e1dza re\u017eis\u00e9r Mikhail Idov\">IFF ART FILM 2025<br \/>\ndruh\u00fd de\u0148 | day 2<\/span>[\/vc_column_text][\/vc_column][vc_column width=&#8221;1\/2&#8243;][vc_column_text]<\/p>\n<p class=\"watch-title-container\"><span id=\"eow-title\" class=\"watch-title\" dir=\"ltr\" title=\"ART FILM FEST Ko\u0161ice 2018 re\u017eis\u00e9r Marek Kubo\u0161 o filme Posledn\u00fd autoportr\u00e9t\">MFF ART FILM 2024<br \/>\n\u0161tvrt\u00fd de\u0148<br \/>\n<\/span><\/p>\n<p>[\/vc_column_text][\/vc_column][\/vc_row][vc_row disable_element=&#8221;yes&#8221;][vc_column width=&#8221;1\/2&#8243;][vc_column_text]<\/p>\n<p class=\"watch-title-container\"><span id=\"eow-title\" class=\"watch-title\" dir=\"ltr\" title=\" \">MFF ART FILM 2024<br \/>\n<\/span>piaty de\u0148<\/p>\n<p>[\/vc_column_text][vc_video link=&#8221;https:\/\/youtu.be\/qCLqyrjB_-s&#8221;][\/vc_column][vc_column width=&#8221;1\/2&#8243;][vc_column_text]MFF ART FILM 2024<br \/>\n\u0161iesty de\u0148[\/vc_column_text][vc_video link=&#8221;https:\/\/youtu.be\/mh4VtDvovr0&#8243;][\/vc_column][\/vc_row][vc_row disable_element=&#8221;yes&#8221;][vc_column width=&#8221;1\/2&#8243;][vc_column_text]MFF ART FILM 2024<br \/>\nsiedmy de\u0148[\/vc_column_text][vc_video link=&#8221;https:\/\/youtu.be\/cwq93Gbtgn4&#8243;][\/vc_column][vc_column width=&#8221;1\/2&#8243;][vc_column_text]MFF ART FILM 2024<br \/>\n\u00f4smy de\u0148[\/vc_column_text][vc_video link=&#8221;https:\/\/youtu.be\/_rKqxQ0NJsI&#8221;][\/vc_column][\/vc_row][vc_row disable_element=&#8221;yes&#8221;][vc_column width=&#8221;1\/2&#8243;][vc_column_text]Ofici\u00e1lna festivalov\u00e1 zvu\u010dka 30. ro\u010dn\u00edka<br \/>\nMFF Art Film Ko\u0161ice 2024[\/vc_column_text][vc_video link=&#8221;https:\/\/youtu.be\/i3JjU52te7g&#8221;][\/vc_column][vc_column width=&#8221;1\/2&#8243;][vc_column_text]<\/p>\n<p class=\"watch-title-container\"><span id=\"eow-title\" class=\"watch-title\" dir=\"ltr\" title=\" \">MFF Art Film 2024<br \/>\nTV spot<br \/>\n<\/span><\/p>\n<p>[\/vc_column_text][vc_video link=&#8221;https:\/\/www.youtube.com\/watch?v=HQFbzqQEMq4&#8243;][\/vc_column][\/vc_row][vc_row disable_element=&#8221;yes&#8221;][vc_column][vc_column_text]<\/p>\n<h3>Tla\u010dov\u00e9 konferencie<\/h3>\n<p>[\/vc_column_text][vc_column_text]Tla\u010dov\u00e1 konferencia<br \/>\nAnt\u00f3nia Li\u0161kov\u00e1[\/vc_column_text][vc_video link=&#8221;https:\/\/youtu.be\/_jXiaPsTgmo&#8221;][vc_column_text]Tla\u010dov\u00e1 konferencia<br \/>\nMaro\u0161 Kram\u00e1r[\/vc_column_text][vc_video link=&#8221;https:\/\/youtu.be\/BJ07duc-VDA&#8221;][\/vc_column][\/vc_row][vc_row disable_element=&#8221;yes&#8221;][vc_column][vc_column_text]Tla\u010dov\u00e1 konferencia<br \/>\nCristi Puiu[\/vc_column_text][vc_video link=&#8221;https:\/\/youtu.be\/tJEckCxKTe4&#8243;][vc_column_text]Tla\u010dov\u00e1 konferencia<br \/>\nMiloslav Luther[\/vc_column_text][vc_video link=&#8221;https:\/\/youtu.be\/9zWXKRFut5c&#8221;][\/vc_column][\/vc_row][vc_row disable_element=&#8221;yes&#8221;][vc_column][vc_column_text]V\u0161etky vide\u00e1 z MFF Art Film 2024[\/vc_column_text][vc_video link=&#8221;https:\/\/youtube.com\/playlist?list=PL8qBcvQRhUx4NDyePUcouocbQmpvtzo4X&amp;feature=shared&#8221;][\/vc_column][\/vc_row][vc_row][vc_column][vc_column_text]<a href=\"https:\/\/www.youtube.com\/user\/artfilmfest81\/videos\">\u010eal\u0161ie vide\u00e1 n\u00e1jdete na na\u0161om YouTube kan\u00e1le&#8230;<\/a>[\/vc_column_text][\/vc_column][\/vc_row]<\/p>\n<\/div>","protected":false},"excerpt":{"rendered":"<p>[vc_row][vc_column][vc_column_text] [\/vc_column_text][\/vc_column][\/vc_row][vc_row][vc_column][vc_column_text css=&#8221;&#8221;]","protected":false},"author":2,"featured_media":26071,"parent":8397,"menu_order":0,"comment_status":"closed","ping_status":"closed","template":"","meta":{"_acf_changed":false,"footnotes":""},"class_list":["post-42902","page","type-page","status-publish","has-post-thumbnail","hentry"],"acf":[],"yoast_head":"<!-- This site is optimized with the Yoast SEO Premium plugin v27.2 (Yoast SEO v27.4) - https:\/\/yoast.com\/product\/yoast-seo-premium-wordpress\/ -->\n<title>Festivalov\u00e1 telev\u00edzia \/ Festival TV &#8226; IFF ART FILM<\/title>\n<meta name=\"robots\" content=\"index, follow, max-snippet:-1, max-image-preview:large, max-video-preview:-1\" \/>\n<link rel=\"canonical\" href=\"https:\/\/iffartfilm.com\/en\/current-edition\/festival-tv\/\" \/>\n<meta property=\"og:locale\" content=\"en_US\" \/>\n<meta property=\"og:type\" content=\"article\" \/>\n<meta property=\"og:title\" content=\"Festivalov\u00e1 telev\u00edzia \/ Festival TV\" \/>\n<meta property=\"og:description\" content=\"Tla\u010dov\u00e9 konferencie | Press Conferences Hercova misia - Milan Ondr\u00edk Actor&#039;s Mission Milan Ondr\u00edk Tla\u010dov\u00e1 konferencia pred za\u010dat\u00edm 31. ro\u010dn\u00edka Press\" \/>\n<meta property=\"og:url\" content=\"https:\/\/iffartfilm.com\/en\/current-edition\/festival-tv\/\" \/>\n<meta property=\"og:site_name\" content=\"IFF ART FILM\" \/>\n<meta property=\"article:publisher\" content=\"https:\/\/www.facebook.com\/IFFArtFilmKosice\" \/>\n<meta property=\"article:modified_time\" content=\"2025-06-25T11:19:21+00:00\" \/>\n<meta property=\"og:image\" content=\"https:\/\/iffartfilm.com\/wp-content\/uploads\/2020\/02\/AFF_web_okienka_doplnenie02.jpg\" \/>\n\t<meta property=\"og:image:width\" content=\"800\" \/>\n\t<meta property=\"og:image:height\" content=\"400\" \/>\n\t<meta property=\"og:image:type\" content=\"image\/jpeg\" \/>\n<meta name=\"twitter:card\" content=\"summary_large_image\" \/>\n<meta name=\"twitter:site\" content=\"@ArtFilmFestSVK\" \/>\n<meta name=\"twitter:label1\" content=\"Est. reading time\" \/>\n\t<meta name=\"twitter:data1\" content=\"2 minutes\" \/>\n<script type=\"application\/ld+json\" class=\"yoast-schema-graph\">{\"@context\":\"https:\\\/\\\/schema.org\",\"@graph\":[{\"@type\":\"WebPage\",\"@id\":\"https:\\\/\\\/iffartfilm.com\\\/en\\\/current-edition\\\/festival-tv\\\/\",\"url\":\"https:\\\/\\\/iffartfilm.com\\\/en\\\/current-edition\\\/festival-tv\\\/\",\"name\":\"Festivalov\u00e1 telev\u00edzia \\\/ Festival TV &#8226; IFF ART FILM\",\"isPartOf\":{\"@id\":\"https:\\\/\\\/iffartfilm.com\\\/en\\\/#website\"},\"primaryImageOfPage\":{\"@id\":\"https:\\\/\\\/iffartfilm.com\\\/en\\\/current-edition\\\/festival-tv\\\/#primaryimage\"},\"image\":{\"@id\":\"https:\\\/\\\/iffartfilm.com\\\/en\\\/current-edition\\\/festival-tv\\\/#primaryimage\"},\"thumbnailUrl\":\"https:\\\/\\\/iffartfilm.com\\\/wp-content\\\/uploads\\\/2020\\\/02\\\/AFF_web_okienka_doplnenie02.jpg\",\"datePublished\":\"2017-06-17T14:07:19+00:00\",\"dateModified\":\"2025-06-25T11:19:21+00:00\",\"breadcrumb\":{\"@id\":\"https:\\\/\\\/iffartfilm.com\\\/en\\\/current-edition\\\/festival-tv\\\/#breadcrumb\"},\"inLanguage\":\"en-US\",\"potentialAction\":[{\"@type\":\"ReadAction\",\"target\":[\"https:\\\/\\\/iffartfilm.com\\\/en\\\/current-edition\\\/festival-tv\\\/\"]}]},{\"@type\":\"ImageObject\",\"inLanguage\":\"en-US\",\"@id\":\"https:\\\/\\\/iffartfilm.com\\\/en\\\/current-edition\\\/festival-tv\\\/#primaryimage\",\"url\":\"https:\\\/\\\/iffartfilm.com\\\/wp-content\\\/uploads\\\/2020\\\/02\\\/AFF_web_okienka_doplnenie02.jpg\",\"contentUrl\":\"https:\\\/\\\/iffartfilm.com\\\/wp-content\\\/uploads\\\/2020\\\/02\\\/AFF_web_okienka_doplnenie02.jpg\",\"width\":800,\"height\":400},{\"@type\":\"BreadcrumbList\",\"@id\":\"https:\\\/\\\/iffartfilm.com\\\/en\\\/current-edition\\\/festival-tv\\\/#breadcrumb\",\"itemListElement\":[{\"@type\":\"ListItem\",\"position\":1,\"name\":\"Dom\u00e1ca str\u00e1nka\",\"item\":\"https:\\\/\\\/iffartfilm.com\\\/en\\\/\"},{\"@type\":\"ListItem\",\"position\":2,\"name\":\"IFF ART FILM 2025\",\"item\":\"https:\\\/\\\/iffartfilm.com\\\/en\\\/current-edition\\\/\"},{\"@type\":\"ListItem\",\"position\":3,\"name\":\"Festivalov\u00e1 telev\u00edzia \\\/ Festival TV\"}]},{\"@type\":\"WebSite\",\"@id\":\"https:\\\/\\\/iffartfilm.com\\\/en\\\/#website\",\"url\":\"https:\\\/\\\/iffartfilm.com\\\/en\\\/\",\"name\":\"IFF ART FILM\",\"description\":\"Medzin\u00e1rodn\u00fd filmov\u00fd festival\",\"publisher\":{\"@id\":\"https:\\\/\\\/iffartfilm.com\\\/en\\\/#organization\"},\"alternateName\":\"Art Film\",\"potentialAction\":[{\"@type\":\"SearchAction\",\"target\":{\"@type\":\"EntryPoint\",\"urlTemplate\":\"https:\\\/\\\/iffartfilm.com\\\/en\\\/?s={search_term_string}\"},\"query-input\":{\"@type\":\"PropertyValueSpecification\",\"valueRequired\":true,\"valueName\":\"search_term_string\"}}],\"inLanguage\":\"en-US\"},{\"@type\":\"Organization\",\"@id\":\"https:\\\/\\\/iffartfilm.com\\\/en\\\/#organization\",\"name\":\"ART FILM FEST, s.r.o.\",\"url\":\"https:\\\/\\\/iffartfilm.com\\\/en\\\/\",\"logo\":{\"@type\":\"ImageObject\",\"inLanguage\":\"en-US\",\"@id\":\"https:\\\/\\\/iffartfilm.com\\\/en\\\/#\\\/schema\\\/logo\\\/image\\\/\",\"url\":\"https:\\\/\\\/iffartfilm.com\\\/wp-content\\\/uploads\\\/2024\\\/11\\\/aff-cinepass-2025.png\",\"contentUrl\":\"https:\\\/\\\/iffartfilm.com\\\/wp-content\\\/uploads\\\/2024\\\/11\\\/aff-cinepass-2025.png\",\"width\":486,\"height\":215,\"caption\":\"ART FILM FEST, s.r.o.\"},\"image\":{\"@id\":\"https:\\\/\\\/iffartfilm.com\\\/en\\\/#\\\/schema\\\/logo\\\/image\\\/\"},\"sameAs\":[\"https:\\\/\\\/www.facebook.com\\\/IFFArtFilmKosice\",\"https:\\\/\\\/x.com\\\/ArtFilmFestSVK\",\"https:\\\/\\\/www.instagram.com\\\/iffartfilmkosice\\\/\",\"https:\\\/\\\/www.youtube.com\\\/user\\\/artfilmfest81\\\/\",\"https:\\\/\\\/www.linkedin.com\\\/company\\\/international-film-festival-art-film\"]}]}<\/script>\n<!-- \/ Yoast SEO Premium plugin. -->","yoast_head_json":{"title":"Festivalov\u00e1 telev\u00edzia \/ Festival TV &#8226; IFF ART FILM","robots":{"index":"index","follow":"follow","max-snippet":"max-snippet:-1","max-image-preview":"max-image-preview:large","max-video-preview":"max-video-preview:-1"},"canonical":"https:\/\/iffartfilm.com\/en\/current-edition\/festival-tv\/","og_locale":"en_US","og_type":"article","og_title":"Festivalov\u00e1 telev\u00edzia \/ Festival TV","og_description":"Tla\u010dov\u00e9 konferencie | Press Conferences Hercova misia - Milan Ondr\u00edk Actor's Mission Milan Ondr\u00edk Tla\u010dov\u00e1 konferencia pred za\u010dat\u00edm 31. ro\u010dn\u00edka Press","og_url":"https:\/\/iffartfilm.com\/en\/current-edition\/festival-tv\/","og_site_name":"IFF ART FILM","article_publisher":"https:\/\/www.facebook.com\/IFFArtFilmKosice","article_modified_time":"2025-06-25T11:19:21+00:00","og_image":[{"width":800,"height":400,"url":"https:\/\/iffartfilm.com\/wp-content\/uploads\/2020\/02\/AFF_web_okienka_doplnenie02.jpg","type":"image\/jpeg"}],"twitter_card":"summary_large_image","twitter_site":"@ArtFilmFestSVK","twitter_misc":{"Est. reading time":"2 minutes"},"schema":{"@context":"https:\/\/schema.org","@graph":[{"@type":"WebPage","@id":"https:\/\/iffartfilm.com\/en\/current-edition\/festival-tv\/","url":"https:\/\/iffartfilm.com\/en\/current-edition\/festival-tv\/","name":"Festivalov\u00e1 telev\u00edzia \/ Festival TV &#8226; IFF ART FILM","isPartOf":{"@id":"https:\/\/iffartfilm.com\/en\/#website"},"primaryImageOfPage":{"@id":"https:\/\/iffartfilm.com\/en\/current-edition\/festival-tv\/#primaryimage"},"image":{"@id":"https:\/\/iffartfilm.com\/en\/current-edition\/festival-tv\/#primaryimage"},"thumbnailUrl":"https:\/\/iffartfilm.com\/wp-content\/uploads\/2020\/02\/AFF_web_okienka_doplnenie02.jpg","datePublished":"2017-06-17T14:07:19+00:00","dateModified":"2025-06-25T11:19:21+00:00","breadcrumb":{"@id":"https:\/\/iffartfilm.com\/en\/current-edition\/festival-tv\/#breadcrumb"},"inLanguage":"en-US","potentialAction":[{"@type":"ReadAction","target":["https:\/\/iffartfilm.com\/en\/current-edition\/festival-tv\/"]}]},{"@type":"ImageObject","inLanguage":"en-US","@id":"https:\/\/iffartfilm.com\/en\/current-edition\/festival-tv\/#primaryimage","url":"https:\/\/iffartfilm.com\/wp-content\/uploads\/2020\/02\/AFF_web_okienka_doplnenie02.jpg","contentUrl":"https:\/\/iffartfilm.com\/wp-content\/uploads\/2020\/02\/AFF_web_okienka_doplnenie02.jpg","width":800,"height":400},{"@type":"BreadcrumbList","@id":"https:\/\/iffartfilm.com\/en\/current-edition\/festival-tv\/#breadcrumb","itemListElement":[{"@type":"ListItem","position":1,"name":"Dom\u00e1ca str\u00e1nka","item":"https:\/\/iffartfilm.com\/en\/"},{"@type":"ListItem","position":2,"name":"IFF ART FILM 2025","item":"https:\/\/iffartfilm.com\/en\/current-edition\/"},{"@type":"ListItem","position":3,"name":"Festivalov\u00e1 telev\u00edzia \/ Festival TV"}]},{"@type":"WebSite","@id":"https:\/\/iffartfilm.com\/en\/#website","url":"https:\/\/iffartfilm.com\/en\/","name":"IFF ART FILM","description":"Medzin\u00e1rodn\u00fd filmov\u00fd festival","publisher":{"@id":"https:\/\/iffartfilm.com\/en\/#organization"},"alternateName":"Art Film","potentialAction":[{"@type":"SearchAction","target":{"@type":"EntryPoint","urlTemplate":"https:\/\/iffartfilm.com\/en\/?s={search_term_string}"},"query-input":{"@type":"PropertyValueSpecification","valueRequired":true,"valueName":"search_term_string"}}],"inLanguage":"en-US"},{"@type":"Organization","@id":"https:\/\/iffartfilm.com\/en\/#organization","name":"ART FILM FEST, s.r.o.","url":"https:\/\/iffartfilm.com\/en\/","logo":{"@type":"ImageObject","inLanguage":"en-US","@id":"https:\/\/iffartfilm.com\/en\/#\/schema\/logo\/image\/","url":"https:\/\/iffartfilm.com\/wp-content\/uploads\/2024\/11\/aff-cinepass-2025.png","contentUrl":"https:\/\/iffartfilm.com\/wp-content\/uploads\/2024\/11\/aff-cinepass-2025.png","width":486,"height":215,"caption":"ART FILM FEST, s.r.o."},"image":{"@id":"https:\/\/iffartfilm.com\/en\/#\/schema\/logo\/image\/"},"sameAs":["https:\/\/www.facebook.com\/IFFArtFilmKosice","https:\/\/x.com\/ArtFilmFestSVK","https:\/\/www.instagram.com\/iffartfilmkosice\/","https:\/\/www.youtube.com\/user\/artfilmfest81\/","https:\/\/www.linkedin.com\/company\/international-film-festival-art-film"]}]}},"_links":{"self":[{"href":"https:\/\/iffartfilm.com\/en\/wp-json\/wp\/v2\/pages\/42902","targetHints":{"allow":["GET"]}}],"collection":[{"href":"https:\/\/iffartfilm.com\/en\/wp-json\/wp\/v2\/pages"}],"about":[{"href":"https:\/\/iffartfilm.com\/en\/wp-json\/wp\/v2\/types\/page"}],"author":[{"embeddable":true,"href":"https:\/\/iffartfilm.com\/en\/wp-json\/wp\/v2\/users\/2"}],"replies":[{"embeddable":true,"href":"https:\/\/iffartfilm.com\/en\/wp-json\/wp\/v2\/comments?post=42902"}],"version-history":[{"count":0,"href":"https:\/\/iffartfilm.com\/en\/wp-json\/wp\/v2\/pages\/42902\/revisions"}],"up":[{"embeddable":true,"href":"https:\/\/iffartfilm.com\/en\/wp-json\/wp\/v2\/pages\/8397"}],"wp:featuredmedia":[{"embeddable":true,"href":"https:\/\/iffartfilm.com\/en\/wp-json\/wp\/v2\/media\/26071"}],"wp:attachment":[{"href":"https:\/\/iffartfilm.com\/en\/wp-json\/wp\/v2\/media?parent=42902"}],"curies":[{"name":"wp","href":"https:\/\/api.w.org\/{rel}","templated":true}]}}