{"id":4151,"date":"2016-03-14T21:50:51","date_gmt":"2016-03-14T20:50:51","guid":{"rendered":"https:\/\/www.artfilmfest.sk\/en\/?page_id=4151"},"modified":"2020-02-04T00:39:56","modified_gmt":"2020-02-03T22:39:56","slug":"art-film-fest-2015","status":"publish","type":"page","link":"https:\/\/iffartfilm.com\/en\/festival\/previous-editions\/art-film-fest-2015\/","title":{"rendered":"Art Film Fest 2015"},"content":{"rendered":"<div class=\"wpb-content-wrapper\"><p>[vc_row gap=&#8221;35&#8243; css=&#8221;.vc_custom_1460376204585{padding-bottom: 35px !important;}&#8221;][vc_column offset=&#8221;vc_col-lg-5 vc_col-md-12 vc_col-xs-12&#8243;][vc_column_text]<\/p>\n<h1>23. edition of\u00a0AFF<br \/>\n<em>Attendance record broken again<\/em><\/h1>\n<p>[\/vc_column_text][vc_column_text el_class=&#8221;aff-lead&#8221;]<\/p>\n<p class=\"aff-lead\">The 23rd Art Film Fest was the last edition to be held in Tren\u010d\u00edn and Tren\u010dianske Teplice. Over the eight-day cinematic marathon, 126 films from 50 countries were screened. The programme was divided into 14 sections, including tributes to the year\u2019s award winners.<\/p>\n<p>[\/vc_column_text][\/vc_column][vc_column offset=&#8221;vc_col-lg-7 vc_col-md-12 vc_col-xs-12&#8243;][vc_video link=&#8221;https:\/\/www.youtube.com\/watch?v=SO4a9QPiqyM&#8221;][\/vc_column][\/vc_row][vc_row][vc_column][vc_gallery type=&#8221;image_grid&#8221; images=&#8221;4051,4050,4038,4031,4032,4036,4080,4079,4074,4094,4082,4126,4112,4106,4125,4092,4081,4060&#8243;][\/vc_column][\/vc_row][vc_row][vc_column width=&#8221;4\/12&#8243;][vc_row_inner el_class=&#8221;aff-stats&#8221;][vc_column_inner][vc_column_text]<\/p>\n<h3>126<\/h3>\n<p>movies[\/vc_column_text][vc_column_text]<\/p>\n<h3>50<\/h3>\n<p>countries[\/vc_column_text][vc_column_text]<\/p>\n<h3>14<\/h3>\n<p>awards and honors[\/vc_column_text][vc_column_text]<\/p>\n<h3>19012<\/h3>\n<p>attendants[\/vc_column_text][vc_column_text]<\/p>\n<h3>1500<\/h3>\n<p>cinepasses sold[\/vc_column_text][vc_column_text]<\/p>\n<h3>3100<\/h3>\n<p>single tickets sold[\/vc_column_text][vc_column_text]<\/p>\n<h3>97<\/h3>\n<p>film proffesionals[\/vc_column_text][vc_column_text]<\/p>\n<h3>87<\/h3>\n<p>journalists[\/vc_column_text][\/vc_column_inner][\/vc_row_inner][\/vc_column][vc_column width=&#8221;1\/12&#8243;][\/vc_column][vc_column width=&#8221;7\/12&#8243;][vc_tta_accordion style=&#8221;outline&#8221; active_section=&#8221;-1&#8243; collapsible_all=&#8221;true&#8221;][vc_tta_section title=&#8221;Program&#8221; tab_id=&#8221;1460378528430-a859004c-1296&#8243;][vc_column_text]<a href=\"https:\/\/iffartfilm.com\/wp-content\/uploads\/2016\/03\/AFF_2015_program_bulletin.pdf\">Program bulletin<br \/>\n<\/a><a href=\"https:\/\/iffartfilm.com\/wp-content\/uploads\/2016\/03\/AFF_2015_katalog_filmov.pdf\">List of movies<\/a>[\/vc_column_text][\/vc_tta_section][vc_tta_section title=&#8221;Awards &amp; Honors&#8221; tab_id=&#8221;1460377768055-505c24d2-ba13&#8243;][vc_column_text]<strong>Blue Angel for Best Film<br \/>\n<\/strong>Ixcanul<\/p>\n<p><strong>Blue Angel for Best Female Performance<br \/>\n<\/strong>Mar\u00eda Tel\u00f3n (Ixcanul)<\/p>\n<p><strong>Blue Angel for Best Male Performance<br \/>\n<\/strong>Kristian Ferrer (600 Miles)<strong><br \/>\n<\/strong><\/p>\n<p><strong>Blue Angel for Best Director<br \/>\n<\/strong>James Napier Robertson (The Dark Horse)<\/p>\n<p><strong>Special Mention for Sound Design<br \/>\n<\/strong>Marek Poledna, Michal Holubec a Ivo \u0160palj (Little from the Fish Shop)<strong><br \/>\n<\/strong><\/p>\n<p><strong>Blue Angel for Best Short Film<br \/>\n<\/strong>Art<\/p>\n<p><strong>Zvl\u00e1\u0161tne uznania\u00a0kr\u00e1tkych filmov<br \/>\n<\/strong>The Object<br \/>\nThe Man with a Dog<br \/>\nHouse of Unconsciousness<strong><br \/>\n<\/strong><\/p>\n<p><strong>Actor\u2019s Mission Award for outstanding contribution to the art of acting<br \/>\n<\/strong>Anna Geislerov\u00e1<br \/>\nJuraj Kukura<\/p>\n<p><strong>Golden Camera for significant contribution to the filmmaking craft<br \/>\n<\/strong>J\u00e1n \u010euri\u0161<br \/>\nPeter Hled\u00edk[\/vc_column_text][\/vc_tta_section][vc_tta_section title=&#8221;Jurors&#8221; tab_id=&#8221;1460377767895-d4993f53-8156&#8243;][vc_column_text]<strong>Main Jury<\/strong><br \/>\nLaura Aimone<br \/>\nEmir Bajgazin<br \/>\nV\u00e1clav Kadrnka<br \/>\nTina Leisch<br \/>\nGyula Nemes<\/p>\n<p><strong>Short Film Jury<\/strong><br \/>\nPer Fikse<br \/>\nAnna Veilande-Kustikova<br \/>\nMichail \u017deleznikov[\/vc_column_text][\/vc_tta_section][\/vc_tta_accordion][vc_empty_space height=&#8221;35px&#8221;][vc_column_text]<\/p>\n<h3>Best Film<\/h3>\n<p>From among the 11 films in the International Competition of Feature Films, Art Film Fest\u2019s grand prize, the Blue Angel for Best Film, went to Guatemalan Ixcanul. It is the story of a 17-year-old Kaqchikel Maya girl who lives with her parents on a coffee plantation at the foot of an active volcano. She is supposed to follow local tradition, but longs to discover the unknown world on the other side of the mountains and escape to the USA. In addition, actress Mar\u00eda Tel\u00f3n won Art Film Fest\u2019s Blue Angel for Best Female Performance for her portrayal of the girl\u2019s mother.<\/p>\n<h3>Best Director<\/h3>\n<p>New Zealand director James Napier Robertson earned the Blue Angel for Best Director with his film The Dark Horse, a touching true story of an extraordinary man who struggled to improve the future of socially disadvantaged children and taught them to play chess.<\/p>\n<h3>Best Male Performance<\/h3>\n<p>The Blue Angel for Best Male Performance was awarded to Kristyan Ferrer for his role as Arnulfo in the Mexican film 600 Miles directed by Gabriel Ripstein. Arnulfo is a teenager who smuggles weapons for a drug cartel, unaware that a dangerous agent from a special US police unit is hot on his heels.<\/p>\n<h3>Special Mention for Sound Design<\/h3>\n<p>The jury also decided to grant a Special Mention. It went to Marek Poledna, Michal Holubec and Ivo \u0160palj for their work on the sound design of the Czech film Little from the Fish Shop.<\/p>\n<h3>Short films<\/h3>\n<p>Besting the other 36 films in its category, the Romanian short Art earned its director Adrian Sitaru the Blue Angel for Best Short Film. Aside from the grand prize, the three jurors also conferred three Special Mentions. The first was awarded to the Polish short The Object from director Paulina Skibi\u0144ska, number two went to French film The Man with a Dog from director Kamal Lazraq, and the third was for the Estonian House of Unconsciousness from director Priit Tender.<\/p>\n<h3>Actor\u2019s Mission Award<\/h3>\n<p>The Actor\u2019s Mission Award for outstanding contribution to the art of film acting was bestowed upon Czech diva and five-time Czech Lion winner Anna Geislerov\u00e1, as well as one of the best known Slovak actors to make a name for himself both at home and abroad: Juraj Kukura.<\/p>\n<h3>Golden Camera<\/h3>\n<p>At the opening ceremony, the Golden Camera for significant contribution to the filmmaking craft was accepted by eminent Slovak cinematographer J\u00e1n \u010euri\u0161. During the closing ceremony, festival director Peter N\u00e1gel surprised director and Art Film Fest founder Peter Hled\u00edk with a Golden Camera of his own.[\/vc_column_text][\/vc_column][\/vc_row]<\/p>\n<\/div>","protected":false},"excerpt":{"rendered":"<p>[vc_row gap=&#8221;35&#8243; css=&#8221;.vc_custom_1460376204585{padding-bottom: 35px !important;}&#8221;][vc_column offset=&#8221;vc_col-lg-5","protected":false},"author":2,"featured_media":0,"parent":4549,"menu_order":51,"comment_status":"closed","ping_status":"closed","template":"","meta":{"_acf_changed":false,"footnotes":""},"class_list":["post-4151","page","type-page","status-publish","hentry"],"acf":[],"yoast_head":"<!-- This site is optimized with the Yoast SEO Premium plugin v27.2 (Yoast SEO v27.4) - https:\/\/yoast.com\/product\/yoast-seo-premium-wordpress\/ -->\n<title>Art Film Fest 2015 &#8226; IFF ART FILM<\/title>\n<meta name=\"robots\" content=\"index, follow, max-snippet:-1, max-image-preview:large, max-video-preview:-1\" \/>\n<link rel=\"canonical\" href=\"https:\/\/iffartfilm.com\/en\/festival\/previous-editions\/art-film-fest-2015\/\" \/>\n<meta property=\"og:locale\" content=\"en_US\" \/>\n<meta property=\"og:type\" content=\"article\" \/>\n<meta property=\"og:title\" content=\"Art Film Fest 2015\" \/>\n<meta property=\"og:description\" content=\"23. edition of\u00a0AFF Attendance record broken again The 23rd Art Film Fest was the last edition to be held in Tren\u010d\u00edn and Tren\u010dianske Teplice. Over the\" \/>\n<meta property=\"og:url\" content=\"https:\/\/iffartfilm.com\/en\/festival\/previous-editions\/art-film-fest-2015\/\" \/>\n<meta property=\"og:site_name\" content=\"IFF ART FILM\" \/>\n<meta property=\"article:publisher\" content=\"https:\/\/www.facebook.com\/IFFArtFilmKosice\" \/>\n<meta property=\"article:modified_time\" content=\"2020-02-03T22:39:56+00:00\" \/>\n<meta property=\"og:image\" content=\"https:\/\/iffartfilm.com\/wp-content\/uploads\/2023\/12\/MFF_Art_Film_24_FB_IG_1200x628.jpg\" \/>\n\t<meta property=\"og:image:width\" content=\"1200\" \/>\n\t<meta property=\"og:image:height\" content=\"628\" \/>\n\t<meta property=\"og:image:type\" content=\"image\/jpeg\" \/>\n<meta name=\"twitter:card\" content=\"summary_large_image\" \/>\n<meta name=\"twitter:site\" content=\"@ArtFilmFestSVK\" \/>\n<meta name=\"twitter:label1\" content=\"Est. reading time\" \/>\n\t<meta name=\"twitter:data1\" content=\"4 minutes\" \/>\n<script type=\"application\/ld+json\" class=\"yoast-schema-graph\">{\"@context\":\"https:\\\/\\\/schema.org\",\"@graph\":[{\"@type\":\"WebPage\",\"@id\":\"https:\\\/\\\/iffartfilm.com\\\/en\\\/festival\\\/previous-editions\\\/art-film-fest-2015\\\/\",\"url\":\"https:\\\/\\\/iffartfilm.com\\\/en\\\/festival\\\/previous-editions\\\/art-film-fest-2015\\\/\",\"name\":\"Art Film Fest 2015 &#8226; IFF ART FILM\",\"isPartOf\":{\"@id\":\"https:\\\/\\\/iffartfilm.com\\\/en\\\/#website\"},\"datePublished\":\"2016-03-14T20:50:51+00:00\",\"dateModified\":\"2020-02-03T22:39:56+00:00\",\"breadcrumb\":{\"@id\":\"https:\\\/\\\/iffartfilm.com\\\/en\\\/festival\\\/previous-editions\\\/art-film-fest-2015\\\/#breadcrumb\"},\"inLanguage\":\"en-US\",\"potentialAction\":[{\"@type\":\"ReadAction\",\"target\":[\"https:\\\/\\\/iffartfilm.com\\\/en\\\/festival\\\/previous-editions\\\/art-film-fest-2015\\\/\"]}]},{\"@type\":\"BreadcrumbList\",\"@id\":\"https:\\\/\\\/iffartfilm.com\\\/en\\\/festival\\\/previous-editions\\\/art-film-fest-2015\\\/#breadcrumb\",\"itemListElement\":[{\"@type\":\"ListItem\",\"position\":1,\"name\":\"Dom\u00e1ca str\u00e1nka\",\"item\":\"https:\\\/\\\/iffartfilm.com\\\/en\\\/\"},{\"@type\":\"ListItem\",\"position\":2,\"name\":\"Festival\",\"item\":\"https:\\\/\\\/iffartfilm.com\\\/en\\\/festival\\\/\"},{\"@type\":\"ListItem\",\"position\":3,\"name\":\"Previous Editions\",\"item\":\"https:\\\/\\\/iffartfilm.com\\\/en\\\/festival\\\/previous-editions\\\/\"},{\"@type\":\"ListItem\",\"position\":4,\"name\":\"Art Film Fest 2015\"}]},{\"@type\":\"WebSite\",\"@id\":\"https:\\\/\\\/iffartfilm.com\\\/en\\\/#website\",\"url\":\"https:\\\/\\\/iffartfilm.com\\\/en\\\/\",\"name\":\"IFF ART FILM\",\"description\":\"Medzin\u00e1rodn\u00fd filmov\u00fd festival\",\"publisher\":{\"@id\":\"https:\\\/\\\/iffartfilm.com\\\/en\\\/#organization\"},\"alternateName\":\"Art Film\",\"potentialAction\":[{\"@type\":\"SearchAction\",\"target\":{\"@type\":\"EntryPoint\",\"urlTemplate\":\"https:\\\/\\\/iffartfilm.com\\\/en\\\/?s={search_term_string}\"},\"query-input\":{\"@type\":\"PropertyValueSpecification\",\"valueRequired\":true,\"valueName\":\"search_term_string\"}}],\"inLanguage\":\"en-US\"},{\"@type\":\"Organization\",\"@id\":\"https:\\\/\\\/iffartfilm.com\\\/en\\\/#organization\",\"name\":\"ART FILM FEST, s.r.o.\",\"url\":\"https:\\\/\\\/iffartfilm.com\\\/en\\\/\",\"logo\":{\"@type\":\"ImageObject\",\"inLanguage\":\"en-US\",\"@id\":\"https:\\\/\\\/iffartfilm.com\\\/en\\\/#\\\/schema\\\/logo\\\/image\\\/\",\"url\":\"https:\\\/\\\/iffartfilm.com\\\/wp-content\\\/uploads\\\/2024\\\/11\\\/aff-cinepass-2025.png\",\"contentUrl\":\"https:\\\/\\\/iffartfilm.com\\\/wp-content\\\/uploads\\\/2024\\\/11\\\/aff-cinepass-2025.png\",\"width\":486,\"height\":215,\"caption\":\"ART FILM FEST, s.r.o.\"},\"image\":{\"@id\":\"https:\\\/\\\/iffartfilm.com\\\/en\\\/#\\\/schema\\\/logo\\\/image\\\/\"},\"sameAs\":[\"https:\\\/\\\/www.facebook.com\\\/IFFArtFilmKosice\",\"https:\\\/\\\/x.com\\\/ArtFilmFestSVK\",\"https:\\\/\\\/www.instagram.com\\\/iffartfilmkosice\\\/\",\"https:\\\/\\\/www.youtube.com\\\/user\\\/artfilmfest81\\\/\",\"https:\\\/\\\/www.linkedin.com\\\/company\\\/international-film-festival-art-film\"]}]}<\/script>\n<!-- \/ Yoast SEO Premium plugin. -->","yoast_head_json":{"title":"Art Film Fest 2015 &#8226; IFF ART FILM","robots":{"index":"index","follow":"follow","max-snippet":"max-snippet:-1","max-image-preview":"max-image-preview:large","max-video-preview":"max-video-preview:-1"},"canonical":"https:\/\/iffartfilm.com\/en\/festival\/previous-editions\/art-film-fest-2015\/","og_locale":"en_US","og_type":"article","og_title":"Art Film Fest 2015","og_description":"23. edition of\u00a0AFF Attendance record broken again The 23rd Art Film Fest was the last edition to be held in Tren\u010d\u00edn and Tren\u010dianske Teplice. Over the","og_url":"https:\/\/iffartfilm.com\/en\/festival\/previous-editions\/art-film-fest-2015\/","og_site_name":"IFF ART FILM","article_publisher":"https:\/\/www.facebook.com\/IFFArtFilmKosice","article_modified_time":"2020-02-03T22:39:56+00:00","og_image":[{"width":1200,"height":628,"url":"https:\/\/iffartfilm.com\/wp-content\/uploads\/2023\/12\/MFF_Art_Film_24_FB_IG_1200x628.jpg","type":"image\/jpeg"}],"twitter_card":"summary_large_image","twitter_site":"@ArtFilmFestSVK","twitter_misc":{"Est. reading time":"4 minutes"},"schema":{"@context":"https:\/\/schema.org","@graph":[{"@type":"WebPage","@id":"https:\/\/iffartfilm.com\/en\/festival\/previous-editions\/art-film-fest-2015\/","url":"https:\/\/iffartfilm.com\/en\/festival\/previous-editions\/art-film-fest-2015\/","name":"Art Film Fest 2015 &#8226; IFF ART FILM","isPartOf":{"@id":"https:\/\/iffartfilm.com\/en\/#website"},"datePublished":"2016-03-14T20:50:51+00:00","dateModified":"2020-02-03T22:39:56+00:00","breadcrumb":{"@id":"https:\/\/iffartfilm.com\/en\/festival\/previous-editions\/art-film-fest-2015\/#breadcrumb"},"inLanguage":"en-US","potentialAction":[{"@type":"ReadAction","target":["https:\/\/iffartfilm.com\/en\/festival\/previous-editions\/art-film-fest-2015\/"]}]},{"@type":"BreadcrumbList","@id":"https:\/\/iffartfilm.com\/en\/festival\/previous-editions\/art-film-fest-2015\/#breadcrumb","itemListElement":[{"@type":"ListItem","position":1,"name":"Dom\u00e1ca str\u00e1nka","item":"https:\/\/iffartfilm.com\/en\/"},{"@type":"ListItem","position":2,"name":"Festival","item":"https:\/\/iffartfilm.com\/en\/festival\/"},{"@type":"ListItem","position":3,"name":"Previous Editions","item":"https:\/\/iffartfilm.com\/en\/festival\/previous-editions\/"},{"@type":"ListItem","position":4,"name":"Art Film Fest 2015"}]},{"@type":"WebSite","@id":"https:\/\/iffartfilm.com\/en\/#website","url":"https:\/\/iffartfilm.com\/en\/","name":"IFF ART FILM","description":"Medzin\u00e1rodn\u00fd filmov\u00fd festival","publisher":{"@id":"https:\/\/iffartfilm.com\/en\/#organization"},"alternateName":"Art Film","potentialAction":[{"@type":"SearchAction","target":{"@type":"EntryPoint","urlTemplate":"https:\/\/iffartfilm.com\/en\/?s={search_term_string}"},"query-input":{"@type":"PropertyValueSpecification","valueRequired":true,"valueName":"search_term_string"}}],"inLanguage":"en-US"},{"@type":"Organization","@id":"https:\/\/iffartfilm.com\/en\/#organization","name":"ART FILM FEST, s.r.o.","url":"https:\/\/iffartfilm.com\/en\/","logo":{"@type":"ImageObject","inLanguage":"en-US","@id":"https:\/\/iffartfilm.com\/en\/#\/schema\/logo\/image\/","url":"https:\/\/iffartfilm.com\/wp-content\/uploads\/2024\/11\/aff-cinepass-2025.png","contentUrl":"https:\/\/iffartfilm.com\/wp-content\/uploads\/2024\/11\/aff-cinepass-2025.png","width":486,"height":215,"caption":"ART FILM FEST, s.r.o."},"image":{"@id":"https:\/\/iffartfilm.com\/en\/#\/schema\/logo\/image\/"},"sameAs":["https:\/\/www.facebook.com\/IFFArtFilmKosice","https:\/\/x.com\/ArtFilmFestSVK","https:\/\/www.instagram.com\/iffartfilmkosice\/","https:\/\/www.youtube.com\/user\/artfilmfest81\/","https:\/\/www.linkedin.com\/company\/international-film-festival-art-film"]}]}},"_links":{"self":[{"href":"https:\/\/iffartfilm.com\/en\/wp-json\/wp\/v2\/pages\/4151","targetHints":{"allow":["GET"]}}],"collection":[{"href":"https:\/\/iffartfilm.com\/en\/wp-json\/wp\/v2\/pages"}],"about":[{"href":"https:\/\/iffartfilm.com\/en\/wp-json\/wp\/v2\/types\/page"}],"author":[{"embeddable":true,"href":"https:\/\/iffartfilm.com\/en\/wp-json\/wp\/v2\/users\/2"}],"replies":[{"embeddable":true,"href":"https:\/\/iffartfilm.com\/en\/wp-json\/wp\/v2\/comments?post=4151"}],"version-history":[{"count":0,"href":"https:\/\/iffartfilm.com\/en\/wp-json\/wp\/v2\/pages\/4151\/revisions"}],"up":[{"embeddable":true,"href":"https:\/\/iffartfilm.com\/en\/wp-json\/wp\/v2\/pages\/4549"}],"wp:attachment":[{"href":"https:\/\/iffartfilm.com\/en\/wp-json\/wp\/v2\/media?parent=4151"}],"curies":[{"name":"wp","href":"https:\/\/api.w.org\/{rel}","templated":true}]}}