{"id":4147,"date":"2015-11-12T12:33:01","date_gmt":"2015-11-12T10:33:01","guid":{"rendered":"https:\/\/www.artfilmfest.sk\/en\/?page_id=4147"},"modified":"2025-05-27T23:03:18","modified_gmt":"2025-05-27T21:03:18","slug":"press-centre","status":"publish","type":"page","link":"https:\/\/iffartfilm.com\/en\/current-edition\/press-centre\/","title":{"rendered":"Press Centre"},"content":{"rendered":"<div class=\"wpb-content-wrapper\"><p>[vc_row gap=&#8221;35&#8243;][vc_column width=&#8221;2\/3&#8243;][vc_column_text css=&#8221;&#8221;]<\/p>\n<h1>Press accreditation<br \/>\n<em>IFF Art Film 2025<\/em><\/h1>\n<p><strong><b>The application deadline for press accreditation at this year\u2019s IFF Art Film is<\/b> 13. June 2025.<\/strong><\/p>\n<p>Press accreditation applications are considered on an individual basis. The decision to grant accreditation takes into account media coverage of the festival in previous time. If evidence of such coverage is not found, accreditation will be subject to a \u20ac20 fee. Accreditation passes will be issued at the festival accreditation center from 20th June 2025.[\/vc_column_text][vc_empty_space][vc_tta_accordion active_section=&#8221;19&#8243; collapsible_all=&#8221;true&#8221;][vc_tta_section title=&#8221;Official festival photo for Press &#8211; on demand&#8221; tab_id=&#8221;1497704067244-705a0bb1-fb74&#8243;][vc_btn title=&#8221;Official festival photo for Press&#8221; color=&#8221;juicy-pink&#8221; css=&#8221;&#8221; hide_element=&#8221;true&#8221; link=&#8221;url:mailto%3Apress%40iffartfilm.com|target:_blank&#8221;][\/vc_tta_section][vc_tta_section title=&#8221;Press accreditation provides its holder with&#8221; tab_id=&#8221;1491563374183-13435042-cd89&#8243;][vc_column_text css=&#8221;&#8221;]<\/p>\n<ul>\n<li data-start=\"0\" data-end=\"71\">\n<p data-start=\"2\" data-end=\"71\">Access to all press conferences and events held during IFF Art Film<\/p>\n<\/li>\n<li data-start=\"0\" data-end=\"71\">\n<p data-start=\"2\" data-end=\"71\">Free internet connection in the Press Center<\/p>\n<\/li>\n<li data-start=\"121\" data-end=\"171\">\n<p data-start=\"123\" data-end=\"171\">Provision of official photographs upon request<\/p>\n<\/li>\n<li data-start=\"172\" data-end=\"250\">\n<p data-start=\"174\" data-end=\"250\">Information about attending guests and scheduling of individual interviews<\/p>\n<\/li>\n<li data-start=\"251\" data-end=\"329\">\n<p data-start=\"253\" data-end=\"329\">Preparation of working materials from IFF Art Film within the Press Center<\/p>\n<\/li>\n<li data-start=\"330\" data-end=\"388\" data-is-last-node=\"\">\n<p data-start=\"332\" data-end=\"388\" data-is-last-node=\"\">Facilitation of contacts with other festival departments<\/p>\n<\/li>\n<\/ul>\n<p class=\"bodytext\"><b>NOTE:<\/b><\/p>\n<p class=\"bodytext\"><strong>Because press accreditation does not guarantee accommodation, we recommend reserving lodgings as soon as possible.<\/strong><\/p>\n<p>[\/vc_column_text][\/vc_tta_section][vc_tta_section title=&#8221;Online services&#8221; tab_id=&#8221;1491563374471-8968ff8b-729d&#8221;][vc_column_text css=&#8221;&#8221;]<\/p>\n<ul>\n<li>The official website of the festival, <strong>iffartfilm.com<\/strong>, is the most reliable source of information about IFF Art Film. It is regularly updated. Current information can also be found on the festival&#8217;s <strong>Facebook<\/strong> and <strong>Instagram<\/strong> profiles.<\/li>\n<li><strong>Accredited participants<\/strong> receive updates about press conferences and media activities during the festival via email, sent to the address provided in the accreditation form.<\/li>\n<li><strong>Official photographs for download<\/strong> are available upon request via email at <strong><a href=\"mailto:press@iffartfilm.com\">press@iffartfilm.com<\/a><\/strong>.<\/li>\n<li><strong>Festival videos<\/strong> are available on the festival\u2019s <strong>YouTube<\/strong> channel.<\/li>\n<\/ul>\n<p>[\/vc_column_text][\/vc_tta_section][vc_tta_section title=&#8221;Press conferences&#8221; tab_id=&#8221;1491563518013-072c3ca2-595d&#8221;][vc_column_text css=&#8221;&#8221;]<\/p>\n<ul>\n<li>The media schedule is sent daily by the PRESS team to accredited journalists at the email address provided in their accreditation application.<\/li>\n<\/ul>\n<p>[\/vc_column_text][\/vc_tta_section][vc_tta_section title=&#8221;Accreditation form&#8221; tab_id=&#8221;1491563595194-7787077e-9762&#8243;][vc_column_text hide_element=&#8221;true&#8221;]\n<div class=\"wpcf7 no-js\" id=\"wpcf7-f6747-o1\" lang=\"sk-SK\" dir=\"ltr\" data-wpcf7-id=\"6747\">\n<div class=\"screen-reader-response\"><p role=\"status\" aria-live=\"polite\" aria-atomic=\"true\"><\/p> <ul><\/ul><\/div>\n<form action=\"\/en\/wp-json\/wp\/v2\/pages\/4147#wpcf7-f6747-o1\" method=\"post\" class=\"wpcf7-form init\" aria-label=\"Kontaktn\u00fd formul\u00e1r\" enctype=\"multipart\/form-data\" novalidate=\"novalidate\" data-status=\"init\">\n<fieldset class=\"hidden-fields-container\"><input type=\"hidden\" name=\"_wpcf7\" value=\"6747\" \/><input type=\"hidden\" name=\"_wpcf7_version\" value=\"6.1.4\" \/><input type=\"hidden\" name=\"_wpcf7_locale\" value=\"sk_SK\" \/><input type=\"hidden\" name=\"_wpcf7_unit_tag\" value=\"wpcf7-f6747-o1\" \/><input type=\"hidden\" name=\"_wpcf7_container_post\" value=\"0\" \/><input type=\"hidden\" name=\"_wpcf7_posted_data_hash\" value=\"\" \/>\n<\/fieldset>\n<table>\n\t<tbody>\n\t\t<tr>\n\t\t\t<td>\n\t\t\t\t<p>Oslovenie<br \/>\nTitle\n\t\t\t\t<\/p>\n\t\t\t<\/td>\n\t\t\t<td>\n\t\t\t\t<p><span class=\"wpcf7-form-control-wrap\" data-name=\"menu-4\"><select class=\"wpcf7-form-control wpcf7-select\" aria-invalid=\"false\" name=\"menu-4\"><option value=\"\">&#8212;Zvo\u013ete pros\u00edm mo\u017enos\u0165&#8212;<\/option><option value=\"V\u00e1\u017een\u00fd p\u00e1n \/ Mr.\">V\u00e1\u017een\u00fd p\u00e1n \/ Mr.<\/option><option value=\"V\u00e1\u017een\u00e1 pani \/ Mrs.\">V\u00e1\u017een\u00e1 pani \/ Mrs.<\/option><option value=\"V\u00e1\u017een\u00e1 sle\u010dna \/ Ms.\">V\u00e1\u017een\u00e1 sle\u010dna \/ Ms.<\/option><\/select><\/span>\n\t\t\t\t<\/p>\n\t\t\t<\/td>\n\t\t<\/tr>\n\t\t<tr>\n\t\t\t<td>\n\t\t\t\t<p>Va\u0161e cel\u00e9 meno<br \/>\nYour full name\n\t\t\t\t<\/p>\n\t\t\t<\/td>\n\t\t\t<td>\n\t\t\t\t<p><span class=\"wpcf7-form-control-wrap\" data-name=\"your-name\"><input size=\"40\" maxlength=\"400\" class=\"wpcf7-form-control wpcf7-text wpcf7-validates-as-required\" aria-required=\"true\" aria-invalid=\"false\" value=\"\" type=\"text\" name=\"your-name\" \/><\/span>\n\t\t\t\t<\/p>\n\t\t\t<\/td>\n\t\t<\/tr>\n\t\t<tr>\n\t\t\t<td>\n\t\t\t\t<p>Spolo\u010dnos\u0165 \/ N\u00e1zov konkr\u00e9tneho m\u00e9dia<br \/>\nCompany \/ Name of Your Medium\n\t\t\t\t<\/p>\n\t\t\t<\/td>\n\t\t\t<td>\n\t\t\t\t<p><span class=\"wpcf7-form-control-wrap\" data-name=\"text-medium\"><input size=\"40\" maxlength=\"400\" class=\"wpcf7-form-control wpcf7-text wpcf7-validates-as-required\" aria-required=\"true\" aria-invalid=\"false\" value=\"\" type=\"text\" name=\"text-medium\" \/><\/span>\n\t\t\t\t<\/p>\n\t\t\t<\/td>\n\t\t<\/tr>\n\t\t<tr>\n\t\t\t<td>\n\t\t\t\t<p>Adresa spolo\u010dnosti (ulica, PS\u010c, mesto, \u0161t\u00e1t)<br \/>\nCompany Address (Street, City, ZIP, Country)\n\t\t\t\t<\/p>\n\t\t\t<\/td>\n\t\t\t<td>\n\t\t\t\t<p><span class=\"wpcf7-form-control-wrap\" data-name=\"text-company\"><input size=\"40\" maxlength=\"400\" class=\"wpcf7-form-control wpcf7-text wpcf7-validates-as-required\" aria-required=\"true\" aria-invalid=\"false\" value=\"\" type=\"text\" name=\"text-company\" \/><\/span>\n\t\t\t\t<\/p>\n\t\t\t<\/td>\n\t\t<\/tr>\n\t\t<tr>\n\t\t\t<td>\n\t\t\t\t<p>E-mail\n\t\t\t\t<\/p>\n\t\t\t<\/td>\n\t\t\t<td>\n\t\t\t\t<p><span class=\"wpcf7-form-control-wrap\" data-name=\"your-email\"><input size=\"40\" maxlength=\"400\" class=\"wpcf7-form-control wpcf7-email wpcf7-validates-as-required wpcf7-text wpcf7-validates-as-email\" aria-required=\"true\" aria-invalid=\"false\" value=\"\" type=\"email\" name=\"your-email\" \/><\/span>\n\t\t\t\t<\/p>\n\t\t\t<\/td>\n\t\t<\/tr>\n\t\t<tr>\n\t\t\t<td>\n\t\t\t\t<p>Telef\u00f3n<br \/>\nPhone\n\t\t\t\t<\/p>\n\t\t\t<\/td>\n\t\t\t<td>\n\t\t\t\t<p><span class=\"wpcf7-form-control-wrap\" data-name=\"tel-766\"><input size=\"40\" maxlength=\"400\" class=\"wpcf7-form-control wpcf7-tel wpcf7-validates-as-required wpcf7-text wpcf7-validates-as-tel\" aria-required=\"true\" aria-invalid=\"false\" placeholder=\"+421 XXX XXX XXX\" value=\"\" type=\"tel\" name=\"tel-766\" \/><\/span>\n\t\t\t\t<\/p>\n\t\t\t<\/td>\n\t\t<\/tr>\n\t\t<tr>\n\t\t\t<td>\n\t\t\t\t<p>Va\u0161a fotografia tv\u00e1re \/ Your face photo<br \/>\n(jpg\/png format, max. 300 kB)\n\t\t\t\t<\/p>\n\t\t\t<\/td>\n\t\t\t<td>\n\t\t\t\t<p><span class=\"wpcf7-form-control-wrap\" data-name=\"file-589\"><input size=\"40\" class=\"wpcf7-form-control wpcf7-file wpcf7-validates-as-required\" accept=\".jpg,.png\" aria-required=\"true\" aria-invalid=\"false\" type=\"file\" name=\"file-589\" \/><\/span>\n\t\t\t\t<\/p>\n\t\t\t<\/td>\n\t\t<\/tr>\n\t\t<tr>\n\t\t\t<td>\n\t\t\t\t<p>D\u00e1tum pr\u00edchodu<br \/>\nArrival Date\n\t\t\t\t<\/p>\n\t\t\t<\/td>\n\t\t\t<td>\n\t\t\t\t<p><span class=\"wpcf7-form-control-wrap\" data-name=\"text-466\"><input size=\"40\" maxlength=\"400\" class=\"wpcf7-form-control wpcf7-text\" aria-invalid=\"false\" placeholder=\"XX.6.2025\" value=\"\" type=\"text\" name=\"text-466\" \/><\/span>\n\t\t\t\t<\/p>\n\t\t\t<\/td>\n\t\t<\/tr>\n\t\t<tr>\n\t\t\t<td>\n\t\t\t\t<p>D\u00e1tum odchodu<br \/>\nDeparture Date\n\t\t\t\t<\/p>\n\t\t\t<\/td>\n\t\t\t<td>\n\t\t\t\t<p><span class=\"wpcf7-form-control-wrap\" data-name=\"text-467\"><input size=\"40\" maxlength=\"400\" class=\"wpcf7-form-control wpcf7-text\" aria-invalid=\"false\" placeholder=\"XX.6.2025\" value=\"\" type=\"text\" name=\"text-467\" \/><\/span>\n\t\t\t\t<\/p>\n\t\t\t<\/td>\n\t\t<\/tr>\n\t<\/tbody>\n<\/table>\n<tbody>\n\t<table>\n\t\t<tr>\n\t\t\t<td align=\"left\">\n\t\t\t\t<font size=\"2\">Sprac\u00favanie osobn\u00fdch \u00fadajov sa vykon\u00e1va v re\u017eime pod\u013ea \u010dl. 6 Nariadenia Eur\u00f3pskeho Parlamentu a Rady (E\u00da) 2016\/679 z 27. apr\u00edla 2016 o ochrane fyzick\u00fdch os\u00f4b pri sprac\u00favan\u00ed osobn\u00fdch \u00fadajov a o vo\u013enom pohybe tak\u00fdchto \u00fadajov (\u010falej len \u201enariadenie GDPR\u201c) a ust. \u00a7 13 z\u00e1kona \u010d. 18\/2018 Z.z. o ochrane osobn\u00fdch \u00fadajov a o zmene a doplnen\u00ed niektor\u00fdch z\u00e1konov (\u010falej len \u201eZ\u00e1kon\u201c).\nOsoba vyplnen\u00edm a odoslan\u00edm prihlasovacieho\/akredita\u010dn\u00e9ho formul\u00e1ra umiestnen\u00e9ho na iffartfilm.com\/info\/press\/ dobrovo\u013ene s\u00fahlas\u00ed so sprac\u00favan\u00edm osobn\u00fdch \u00fadajov v informa\u010dnom syst\u00e9me spolo\u010dnosti ART FILM FEST s.r.o., Kuku\u010d\u00ednova 81\/2, 040 01 Ko\u0161ice, I\u010cO: 48 284 254. Cel\u00e9 znenie ochrany osobn\u00fdch \u00fadajov si m\u00f4\u017eete pre\u010d\u00edta\u0165 v nasledovnom PDF dokumente:\n\t\t\t\t\t<p><a href=\"https:\/\/www.iffartfilm.com\/wp-content\/uploads\/2019\/04\/Ochrana_OU_prihlaska_Akreditacia_Press_SK.pdf\">Ochrana_OU_prihlaska_Akreditacia_Press_SK.pdf<\/a>\n\t\t\t\t\t<\/p>\n\t\t\t\t\t<p>The processing of personal data is carried out in accordance with Article 6 of the General Data Protection Regulation (EU) 2016\/679 of the European Parliament and Council of 27 April 2016 on the protection of natural persons with regard to the processing of personal data and on the free movement of such data (hereinafter referred to as \u201cthe GDPR\u201d) and Section 13 of Act No. 18\/2018 Coll. on the protection of personal data and the amendment of certain laws (hereinafter referred to as \u201cthe Act\u201d).<br \/>\nBy filling in and submitting the registration\/accreditation form at iffartfilm.com\/en\/current-edition\/press-centre\/, the applicant voluntarily consents to the processing of their personal data in the information system of ART FILM FEST s.r.o., Kuku\u010d\u00ednova 81\/2, 040 01 Ko\u0161ice, company ID: 48 284 254. Read more: <a href=\"https:\/\/www.iffartfilm.com\/wp-content\/uploads\/2019\/04\/Ochrana_OU_prihlaska_Akreditacia_Press_EN.pdf\">Ochrana_OU_prihlaska_Akreditacia_Press_EN.pdf<\/a>\n\t\t\t\t\t<\/p>\n\t\t\t\t\t<p>S\u00fahlas s poskytnut\u00edm osobn\u00fdch \u00fadajov a ich n\u00e1sledn\u00fdm sprac\u00favan\u00edm<br \/>\nConsent to the provision and subsequent processing of personal data\n\t\t\t\t\t<\/p>\n\t\t\t\t<\/font>\n\t\t\t<\/td>\n\t\t<\/tr>\n\t\t<tr>\n\t\t\t<td>\n\t\t\t\t<p><span class=\"wpcf7-form-control-wrap\" data-name=\"checkbox-944\"><span class=\"wpcf7-form-control wpcf7-checkbox wpcf7-validates-as-required\"><span class=\"wpcf7-list-item first last\"><input type=\"checkbox\" name=\"checkbox-944[]\" value=\"\u00e1no \/ yes\" \/><span class=\"wpcf7-list-item-label\">\u00e1no \/ yes<\/span><\/span><\/span><\/span>\n\t\t\t\t<\/p>\n\t\t\t<\/td>\n\t\t<\/tr>\n\t\t<tr>\n\t\t\t<td>\n\t\t\t\t<p><input class=\"wpcf7-form-control wpcf7-submit has-spinner\" type=\"submit\" value=\"Odosla\u0165\/Send\" \/>\n\t\t\t\t<\/p>\n\t\t\t<\/td>\n\t\t<\/tr>\n\t<\/table>\n&nbsp;\n<\/tbody><div class=\"wpcf7-response-output\" aria-hidden=\"true\"><\/div>\n<\/form>\n<\/div>\n[\/vc_column_text][vc_column_text css=&#8221;&#8221; hide_element=&#8221;true&#8221;]<strong><b>The application for press accreditation 2025 is open.<br \/>\n<\/b><\/strong>[\/vc_column_text][vc_column_text]<strong><b>\u00a0<\/b><\/strong>[\/vc_column_text][\/vc_tta_section][\/vc_tta_accordion][\/vc_column][vc_column width=&#8221;1\/3&#8243;][vc_column_text css=&#8221;.vc_custom_1748292533395{padding-top: 35px !important;padding-right: 35px !important;padding-bottom: 35px !important;padding-left: 35px !important;background-color: #070000 !important;}&#8221; el_class=&#8221;dark&#8221;]<\/p>\n<h2>Newsletter<\/h2>\n<p><strong><span class=\"tlid-translation translation\" lang=\"en\"><span class=\"\" lang=\"en\">(only in the Slovak language)<\/span><\/span><\/strong>[\/vc_column_text][vc_raw_html css=&#8221;&#8221;]JTNDZGl2JTIwaWQlM0QlMjJjaW5lcGFzcy1uZXdzbGV0dGVyJTIyJTNFJTNDJTJGZGl2JTNFJTBBJTNDc2NyaXB0JTIwYXN5bmMlMjBzcmMlM0QlMjJodHRwcyUzQSUyRiUyRmZvcm1zLmNpbmVwYXNzLnNrJTJGYWZmJTJGZW4lMkZuZXdzbGV0dGVyLmpzJTNGaWQlM0RjaW5lcGFzcy1uZXdzbGV0dGVyJTIyJTNFJTNDJTJGc2NyaXB0JTNF[\/vc_raw_html][vc_empty_space height=&#8221;20px&#8221;][vc_btn title=&#8221;YOUTUBE&#8221; align=&#8221;center&#8221; i_icon_fontawesome=&#8221;fab fa-youtube&#8221; button_block=&#8221;true&#8221; add_icon=&#8221;true&#8221; link=&#8221;url:https%3A%2F%2Fwww.youtube.com%2Fuser%2Fartfilmfest81|target:_blank&#8221;][vc_empty_space height=&#8221;10px&#8221;][vc_btn title=&#8221;FACEBOOK&#8221; align=&#8221;center&#8221; i_icon_fontawesome=&#8221;fab fa-facebook&#8221; button_block=&#8221;true&#8221; add_icon=&#8221;true&#8221; link=&#8221;url:https%3A%2F%2Fwww.facebook.com%2FIFFArtFilmKosice|target:_blank&#8221;][vc_empty_space height=&#8221;10px&#8221;][vc_btn title=&#8221;INSTAGRAM&#8221; align=&#8221;center&#8221; i_icon_fontawesome=&#8221;fab fa-instagram&#8221; button_block=&#8221;true&#8221; add_icon=&#8221;true&#8221; link=&#8221;url:https%3A%2F%2Fwww.instagram.com%2Fiffartfilmkosice%2F|target:_blank&#8221;][vc_empty_space height=&#8221;10px&#8221;][vc_btn title=&#8221;LINKEDIN&#8221; align=&#8221;center&#8221; i_icon_fontawesome=&#8221;fab fa-linkedin&#8221; button_block=&#8221;true&#8221; add_icon=&#8221;true&#8221; link=&#8221;url:https%3A%2F%2Fwww.linkedin.com%2Fcompany%2Finternational-film-festival-art-film|target:_blank&#8221;][vc_empty_space height=&#8221;10px&#8221;][vc_btn title=&#8221;RSS&#8221; align=&#8221;center&#8221; i_icon_fontawesome=&#8221;fas fa-rss&#8221; css=&#8221;&#8221; button_block=&#8221;true&#8221; add_icon=&#8221;true&#8221; link=&#8221;url:https%3A%2F%2Fiffartfilm.com%2Ffeed%2F|target:_blank&#8221;][vc_empty_space height=&#8221;20px&#8221;][vc_column_text css=&#8221;.vc_custom_1748291400791{padding-top: 35px !important;padding-right: 35px !important;padding-bottom: 35px !important;padding-left: 35px !important;background-color: #eeeeee !important;}&#8221;]<\/p>\n<h2>Contact<\/h2>\n<p><strong>Andrea \u010curn\u00e1<br \/>\n<\/strong>Head of public relations<br \/>\n<a href=\"mailto:press@artfilmfest.sk\">press@artfilmfest.sk<br \/>\n<\/a>+421 904 700 343<\/p>\n<p>Art Film Fest<br \/>\nTom\u00e1\u0161ikova 30C ( 5th floor)<br \/>\n821 01 Bratislava<br \/>\nSlovakia[\/vc_column_text][\/vc_column][\/vc_row]<\/p>\n<\/div>","protected":false},"excerpt":{"rendered":"<p>[vc_row gap=&#8221;35&#8243;][vc_column width=&#8221;2\/3&#8243;][vc_column_text css=&#8221;&#8221;] Press accreditation","protected":false},"author":2,"featured_media":26089,"parent":8397,"menu_order":87,"comment_status":"closed","ping_status":"closed","template":"","meta":{"_acf_changed":false,"footnotes":""},"class_list":["post-4147","page","type-page","status-publish","has-post-thumbnail","hentry"],"acf":[],"yoast_head":"<!-- This site is optimized with the Yoast SEO Premium plugin v27.2 (Yoast SEO v27.4) - https:\/\/yoast.com\/product\/yoast-seo-premium-wordpress\/ -->\n<title>Press Centre &#8226; IFF ART FILM<\/title>\n<meta name=\"robots\" content=\"index, follow, max-snippet:-1, max-image-preview:large, max-video-preview:-1\" \/>\n<link rel=\"canonical\" href=\"https:\/\/iffartfilm.com\/en\/current-edition\/press-centre\/\" \/>\n<meta property=\"og:locale\" content=\"en_US\" \/>\n<meta property=\"og:type\" content=\"article\" \/>\n<meta property=\"og:title\" content=\"Press Centre\" \/>\n<meta property=\"og:description\" content=\"Press accreditation IFF Art Film 2025 The application deadline for press accreditation at this year\u2019s IFF Art Film is 13. June 2025. Press accreditation\" \/>\n<meta property=\"og:url\" content=\"https:\/\/iffartfilm.com\/en\/current-edition\/press-centre\/\" \/>\n<meta property=\"og:site_name\" content=\"IFF ART FILM\" \/>\n<meta property=\"article:publisher\" content=\"https:\/\/www.facebook.com\/IFFArtFilmKosice\" \/>\n<meta property=\"article:modified_time\" content=\"2025-05-27T21:03:18+00:00\" \/>\n<meta property=\"og:image\" content=\"https:\/\/iffartfilm.com\/wp-content\/uploads\/2020\/02\/AFF_web_okienka_doplnenie11.jpg\" \/>\n\t<meta property=\"og:image:width\" content=\"800\" \/>\n\t<meta property=\"og:image:height\" content=\"400\" \/>\n\t<meta property=\"og:image:type\" content=\"image\/jpeg\" \/>\n<meta name=\"twitter:card\" content=\"summary_large_image\" \/>\n<meta name=\"twitter:site\" content=\"@ArtFilmFestSVK\" \/>\n<meta name=\"twitter:label1\" content=\"Est. reading time\" \/>\n\t<meta name=\"twitter:data1\" content=\"3 minutes\" \/>\n<script type=\"application\/ld+json\" class=\"yoast-schema-graph\">{\"@context\":\"https:\\\/\\\/schema.org\",\"@graph\":[{\"@type\":\"WebPage\",\"@id\":\"https:\\\/\\\/iffartfilm.com\\\/en\\\/current-edition\\\/press-centre\\\/\",\"url\":\"https:\\\/\\\/iffartfilm.com\\\/en\\\/current-edition\\\/press-centre\\\/\",\"name\":\"Press Centre &#8226; IFF ART FILM\",\"isPartOf\":{\"@id\":\"https:\\\/\\\/iffartfilm.com\\\/en\\\/#website\"},\"primaryImageOfPage\":{\"@id\":\"https:\\\/\\\/iffartfilm.com\\\/en\\\/current-edition\\\/press-centre\\\/#primaryimage\"},\"image\":{\"@id\":\"https:\\\/\\\/iffartfilm.com\\\/en\\\/current-edition\\\/press-centre\\\/#primaryimage\"},\"thumbnailUrl\":\"https:\\\/\\\/iffartfilm.com\\\/wp-content\\\/uploads\\\/2020\\\/02\\\/AFF_web_okienka_doplnenie11.jpg\",\"datePublished\":\"2015-11-12T10:33:01+00:00\",\"dateModified\":\"2025-05-27T21:03:18+00:00\",\"breadcrumb\":{\"@id\":\"https:\\\/\\\/iffartfilm.com\\\/en\\\/current-edition\\\/press-centre\\\/#breadcrumb\"},\"inLanguage\":\"en-US\",\"potentialAction\":[{\"@type\":\"ReadAction\",\"target\":[\"https:\\\/\\\/iffartfilm.com\\\/en\\\/current-edition\\\/press-centre\\\/\"]}]},{\"@type\":\"ImageObject\",\"inLanguage\":\"en-US\",\"@id\":\"https:\\\/\\\/iffartfilm.com\\\/en\\\/current-edition\\\/press-centre\\\/#primaryimage\",\"url\":\"https:\\\/\\\/iffartfilm.com\\\/wp-content\\\/uploads\\\/2020\\\/02\\\/AFF_web_okienka_doplnenie11.jpg\",\"contentUrl\":\"https:\\\/\\\/iffartfilm.com\\\/wp-content\\\/uploads\\\/2020\\\/02\\\/AFF_web_okienka_doplnenie11.jpg\",\"width\":800,\"height\":400},{\"@type\":\"BreadcrumbList\",\"@id\":\"https:\\\/\\\/iffartfilm.com\\\/en\\\/current-edition\\\/press-centre\\\/#breadcrumb\",\"itemListElement\":[{\"@type\":\"ListItem\",\"position\":1,\"name\":\"Dom\u00e1ca str\u00e1nka\",\"item\":\"https:\\\/\\\/iffartfilm.com\\\/en\\\/\"},{\"@type\":\"ListItem\",\"position\":2,\"name\":\"IFF ART FILM 2025\",\"item\":\"https:\\\/\\\/iffartfilm.com\\\/en\\\/current-edition\\\/\"},{\"@type\":\"ListItem\",\"position\":3,\"name\":\"Press Centre\"}]},{\"@type\":\"WebSite\",\"@id\":\"https:\\\/\\\/iffartfilm.com\\\/en\\\/#website\",\"url\":\"https:\\\/\\\/iffartfilm.com\\\/en\\\/\",\"name\":\"IFF ART FILM\",\"description\":\"Medzin\u00e1rodn\u00fd filmov\u00fd festival\",\"publisher\":{\"@id\":\"https:\\\/\\\/iffartfilm.com\\\/en\\\/#organization\"},\"alternateName\":\"Art Film\",\"potentialAction\":[{\"@type\":\"SearchAction\",\"target\":{\"@type\":\"EntryPoint\",\"urlTemplate\":\"https:\\\/\\\/iffartfilm.com\\\/en\\\/?s={search_term_string}\"},\"query-input\":{\"@type\":\"PropertyValueSpecification\",\"valueRequired\":true,\"valueName\":\"search_term_string\"}}],\"inLanguage\":\"en-US\"},{\"@type\":\"Organization\",\"@id\":\"https:\\\/\\\/iffartfilm.com\\\/en\\\/#organization\",\"name\":\"ART FILM FEST, s.r.o.\",\"url\":\"https:\\\/\\\/iffartfilm.com\\\/en\\\/\",\"logo\":{\"@type\":\"ImageObject\",\"inLanguage\":\"en-US\",\"@id\":\"https:\\\/\\\/iffartfilm.com\\\/en\\\/#\\\/schema\\\/logo\\\/image\\\/\",\"url\":\"https:\\\/\\\/iffartfilm.com\\\/wp-content\\\/uploads\\\/2024\\\/11\\\/aff-cinepass-2025.png\",\"contentUrl\":\"https:\\\/\\\/iffartfilm.com\\\/wp-content\\\/uploads\\\/2024\\\/11\\\/aff-cinepass-2025.png\",\"width\":486,\"height\":215,\"caption\":\"ART FILM FEST, s.r.o.\"},\"image\":{\"@id\":\"https:\\\/\\\/iffartfilm.com\\\/en\\\/#\\\/schema\\\/logo\\\/image\\\/\"},\"sameAs\":[\"https:\\\/\\\/www.facebook.com\\\/IFFArtFilmKosice\",\"https:\\\/\\\/x.com\\\/ArtFilmFestSVK\",\"https:\\\/\\\/www.instagram.com\\\/iffartfilmkosice\\\/\",\"https:\\\/\\\/www.youtube.com\\\/user\\\/artfilmfest81\\\/\",\"https:\\\/\\\/www.linkedin.com\\\/company\\\/international-film-festival-art-film\"]}]}<\/script>\n<!-- \/ Yoast SEO Premium plugin. -->","yoast_head_json":{"title":"Press Centre &#8226; IFF ART FILM","robots":{"index":"index","follow":"follow","max-snippet":"max-snippet:-1","max-image-preview":"max-image-preview:large","max-video-preview":"max-video-preview:-1"},"canonical":"https:\/\/iffartfilm.com\/en\/current-edition\/press-centre\/","og_locale":"en_US","og_type":"article","og_title":"Press Centre","og_description":"Press accreditation IFF Art Film 2025 The application deadline for press accreditation at this year\u2019s IFF Art Film is 13. June 2025. Press accreditation","og_url":"https:\/\/iffartfilm.com\/en\/current-edition\/press-centre\/","og_site_name":"IFF ART FILM","article_publisher":"https:\/\/www.facebook.com\/IFFArtFilmKosice","article_modified_time":"2025-05-27T21:03:18+00:00","og_image":[{"width":800,"height":400,"url":"https:\/\/iffartfilm.com\/wp-content\/uploads\/2020\/02\/AFF_web_okienka_doplnenie11.jpg","type":"image\/jpeg"}],"twitter_card":"summary_large_image","twitter_site":"@ArtFilmFestSVK","twitter_misc":{"Est. reading time":"3 minutes"},"schema":{"@context":"https:\/\/schema.org","@graph":[{"@type":"WebPage","@id":"https:\/\/iffartfilm.com\/en\/current-edition\/press-centre\/","url":"https:\/\/iffartfilm.com\/en\/current-edition\/press-centre\/","name":"Press Centre &#8226; IFF ART FILM","isPartOf":{"@id":"https:\/\/iffartfilm.com\/en\/#website"},"primaryImageOfPage":{"@id":"https:\/\/iffartfilm.com\/en\/current-edition\/press-centre\/#primaryimage"},"image":{"@id":"https:\/\/iffartfilm.com\/en\/current-edition\/press-centre\/#primaryimage"},"thumbnailUrl":"https:\/\/iffartfilm.com\/wp-content\/uploads\/2020\/02\/AFF_web_okienka_doplnenie11.jpg","datePublished":"2015-11-12T10:33:01+00:00","dateModified":"2025-05-27T21:03:18+00:00","breadcrumb":{"@id":"https:\/\/iffartfilm.com\/en\/current-edition\/press-centre\/#breadcrumb"},"inLanguage":"en-US","potentialAction":[{"@type":"ReadAction","target":["https:\/\/iffartfilm.com\/en\/current-edition\/press-centre\/"]}]},{"@type":"ImageObject","inLanguage":"en-US","@id":"https:\/\/iffartfilm.com\/en\/current-edition\/press-centre\/#primaryimage","url":"https:\/\/iffartfilm.com\/wp-content\/uploads\/2020\/02\/AFF_web_okienka_doplnenie11.jpg","contentUrl":"https:\/\/iffartfilm.com\/wp-content\/uploads\/2020\/02\/AFF_web_okienka_doplnenie11.jpg","width":800,"height":400},{"@type":"BreadcrumbList","@id":"https:\/\/iffartfilm.com\/en\/current-edition\/press-centre\/#breadcrumb","itemListElement":[{"@type":"ListItem","position":1,"name":"Dom\u00e1ca str\u00e1nka","item":"https:\/\/iffartfilm.com\/en\/"},{"@type":"ListItem","position":2,"name":"IFF ART FILM 2025","item":"https:\/\/iffartfilm.com\/en\/current-edition\/"},{"@type":"ListItem","position":3,"name":"Press Centre"}]},{"@type":"WebSite","@id":"https:\/\/iffartfilm.com\/en\/#website","url":"https:\/\/iffartfilm.com\/en\/","name":"IFF ART FILM","description":"Medzin\u00e1rodn\u00fd filmov\u00fd festival","publisher":{"@id":"https:\/\/iffartfilm.com\/en\/#organization"},"alternateName":"Art Film","potentialAction":[{"@type":"SearchAction","target":{"@type":"EntryPoint","urlTemplate":"https:\/\/iffartfilm.com\/en\/?s={search_term_string}"},"query-input":{"@type":"PropertyValueSpecification","valueRequired":true,"valueName":"search_term_string"}}],"inLanguage":"en-US"},{"@type":"Organization","@id":"https:\/\/iffartfilm.com\/en\/#organization","name":"ART FILM FEST, s.r.o.","url":"https:\/\/iffartfilm.com\/en\/","logo":{"@type":"ImageObject","inLanguage":"en-US","@id":"https:\/\/iffartfilm.com\/en\/#\/schema\/logo\/image\/","url":"https:\/\/iffartfilm.com\/wp-content\/uploads\/2024\/11\/aff-cinepass-2025.png","contentUrl":"https:\/\/iffartfilm.com\/wp-content\/uploads\/2024\/11\/aff-cinepass-2025.png","width":486,"height":215,"caption":"ART FILM FEST, s.r.o."},"image":{"@id":"https:\/\/iffartfilm.com\/en\/#\/schema\/logo\/image\/"},"sameAs":["https:\/\/www.facebook.com\/IFFArtFilmKosice","https:\/\/x.com\/ArtFilmFestSVK","https:\/\/www.instagram.com\/iffartfilmkosice\/","https:\/\/www.youtube.com\/user\/artfilmfest81\/","https:\/\/www.linkedin.com\/company\/international-film-festival-art-film"]}]}},"_links":{"self":[{"href":"https:\/\/iffartfilm.com\/en\/wp-json\/wp\/v2\/pages\/4147","targetHints":{"allow":["GET"]}}],"collection":[{"href":"https:\/\/iffartfilm.com\/en\/wp-json\/wp\/v2\/pages"}],"about":[{"href":"https:\/\/iffartfilm.com\/en\/wp-json\/wp\/v2\/types\/page"}],"author":[{"embeddable":true,"href":"https:\/\/iffartfilm.com\/en\/wp-json\/wp\/v2\/users\/2"}],"replies":[{"embeddable":true,"href":"https:\/\/iffartfilm.com\/en\/wp-json\/wp\/v2\/comments?post=4147"}],"version-history":[{"count":0,"href":"https:\/\/iffartfilm.com\/en\/wp-json\/wp\/v2\/pages\/4147\/revisions"}],"up":[{"embeddable":true,"href":"https:\/\/iffartfilm.com\/en\/wp-json\/wp\/v2\/pages\/8397"}],"wp:featuredmedia":[{"embeddable":true,"href":"https:\/\/iffartfilm.com\/en\/wp-json\/wp\/v2\/media\/26089"}],"wp:attachment":[{"href":"https:\/\/iffartfilm.com\/en\/wp-json\/wp\/v2\/media?parent=4147"}],"curies":[{"name":"wp","href":"https:\/\/api.w.org\/{rel}","templated":true}]}}