{"id":4142,"date":"2015-12-29T17:00:49","date_gmt":"2015-12-29T15:00:49","guid":{"rendered":"https:\/\/www.artfilmfest.sk\/en\/?page_id=4142"},"modified":"2026-02-06T13:54:39","modified_gmt":"2026-02-06T12:54:39","slug":"profil-aff","status":"publish","type":"page","link":"https:\/\/iffartfilm.com\/en\/festival\/profil-aff\/","title":{"rendered":"ART FILM IFF profile"},"content":{"rendered":"<div class=\"wpb-content-wrapper\"><p>[vc_row][vc_column][vc_column_text css=&#8221;&#8221;]<\/p>\n<h1>ART FILM IFF is the oldest and greatest film festival in Slovakia. <em>ART FILM represents diversity and spontaneous audience attendance.<\/em><\/h1>\n<p>The ART FILM IFF offers an extensive space for the presentation of works of the latest world cinema, as well as important titles of film history and, last but not least, a quality selection of films from the Slovak audiovisual environment. The program is dominated by the following competition sections:<\/p>\n<ul>\n<li><strong>for feature films<\/strong><\/li>\n<li><strong>for short titles<\/strong><\/li>\n<li>for feature, documentary and animated <strong>films from the region of Central and Eastern Europe<\/strong><\/li>\n<\/ul>\n<p><strong>The best full-length feature film<\/strong> is going to be awarded the <strong>Blue Angel<\/strong> &#8211; in 2024, supplemented by a financial prize of EUR 2,000. Other awards are for the best director, actress and actor.<\/p>\n<p>The Blue Angel which is awarded in the <strong>International Short Film Competition<\/strong> will be supplemented in 2024 with a financial award of EUR 500.<\/p>\n<p>The Blue Angel will also be awarded to the winning film from the newly established <strong>International Competition of Films from Central and Eastern Europe<\/strong>, together with a financial award of EUR 1,500.<\/p>\n<p>The non-competing sections present works by renown film makers, significant films of national film collections, famous films that have made an impact in the history of cinema, thematically focused film projects, as well as profiles or retrospectives of award-winning artists.<\/p>\n<p>The permanent challenge for the organisers of the ART FILM IFF is to attract and excite Slovak art film viewers, to educate and nurture film fans and enthusiasts. The philosophy of the festival is spontaneous audience engagement, which is why it is interesting and attractive especially for students and young people. A great atmosphere, attractive program, stars and personalities and tens of thousands of visitors are the permanent features of the ART FILM IFF.<\/p>\n<h2>History<\/h2>\n<p>The ART FILM IFF has been held in the Slovak Republic since 1993. It first began to be held in Tren\u010dianske Teplice, later also in Tren\u010d\u00edn. Since 2016, it has continued in Ko\u0161ice.<\/p>\n<h3>Competition categories and awards<\/h3>\n<p>The Feature Film Competition is evaluated by a 3-member international panel, the Short Film Competition and the Central and Eastern European Film Competition by a 3-member international panel of judges. Experts from various film professions are nominated for all the panels.<\/p>\n<h3>International Competition of Feature Films over 60 minutes<\/h3>\n<p>Only feature films produced in the previous and current year are eligible to apply. The competition is especially for emerging film makers &#8211; only debuts and the second and third films of the director are eligible to apply.<\/p>\n<h3>International Competition of Short Films up to 30 minutes<\/h3>\n<p>The competition is not limited by genre &#8211; feature films, documentaries, cartoons are eligible to apply &#8211; they are limited only by their length in minutes.<\/p>\n<h3>International competition of films from the countries of Central and Eastern Europe<\/h3>\n<p>The competition is not limited by genre &#8211; fiction, documentary, animation and other films are eligible to apply. Eligible countries whose films can compete in this section include: <span data-slate-node=\"text\">Slovakia, Czech Republic, Poland, Hungary, Slovenia, Estonia, Latvia, Lithuania, Romania, Bulgaria, Croatia, Serbia, Bosnia and Herzegovina, Montenegro, Albania, North Macedonia, Kosovo, Ukraine, Moldova, Belarus, Armenia.<\/span><\/p>\n<h3>FIPRESCI Award<\/h3>\n<p>The FIPRESCI Award is presented to selected titles from the festival program by a jury composed of three members of the International Federation of Film Critics (FIPRESCI). The purpose of the award is to promote film art, as well as new and emerging cinema.<\/p>\n<h3>Blue Angel<\/h3>\n<ul>\n<li>Blue Angel for the Best Feature Film &#8211; awarded to a film producer<\/li>\n<li>Blue Angel for the Best Director &#8211; awarded to a film director<\/li>\n<li>Blue Angel for the Best Female Act &#8211; awarded to a film actress<\/li>\n<li>Blue Angel for Best Male Act &#8211; awarded to a film actor<\/li>\n<li>Blue Angel for the Best Short Film &#8211; awarded to a film director<\/li>\n<li>Blue Angel for the Best Film from the Countries of Central and Eastern Europe &#8211; awarded to a film director<\/li>\n<\/ul>\n<h3>Actor&#8217;s Mission<\/h3>\n<p>Since 1995, the ART FILM IFF has annually awarded the Actor&#8217;s Mission Award to world-class actors for their outstanding contribution to the art of film acting. The award has been received by 73 international and domestic actors.<\/p>\n<h3>Golden Camera<\/h3>\n<p>The Golden Camera award honours domestic and foreign film professionals of various professions for their significant contribution to the field of cinema. Since 2001, as many as 48 outstanding personalities of cinema professions have been awarded.<\/p>\n<h3>Milan Lasica Award<\/h3>\n<p>The Milan Lasica Award is a lasting tribute to the memory of the first and only president in the history of IFF ART FILM and is intended for prominent figures in Slovak and Czech cinema. It has been awarded posthumously since 2025, usually on the occasion of the unfulfilled anniversary of the honored personality.<\/p>\n<h2>Accompanying events<\/h2>\n<p>The festival is regularly accompanied by concerts, workshops, autograph sessions, discussions, exhibitions and private viewings.[\/vc_column_text][vc_empty_space height=&#8221;35px&#8221;][vc_single_image image=&#8221;21117&#8243; img_size=&#8221;full&#8221; alignment=&#8221;center&#8221; style=&#8221;vc_box_rounded&#8221;][\/vc_column][\/vc_row]<\/p>\n<\/div>","protected":false},"excerpt":{"rendered":"&lt;p&gt;filmov\u00e9 sekcie, s\u00fa\u0165a\u017en\u00e9 kateg\u00f3rie, ocenenia, sprievodn\u00e9 podujatia&lt;\/p&gt;\n","protected":false},"author":2,"featured_media":26028,"parent":4155,"menu_order":0,"comment_status":"closed","ping_status":"closed","template":"","meta":{"_acf_changed":false,"footnotes":""},"class_list":["post-4142","page","type-page","status-publish","has-post-thumbnail","hentry"],"acf":[],"yoast_head":"<!-- This site is optimized with the Yoast SEO Premium plugin v27.2 (Yoast SEO v27.4) - https:\/\/yoast.com\/product\/yoast-seo-premium-wordpress\/ -->\n<title>ART FILM IFF profile &#8226; IFF ART FILM<\/title>\n<meta name=\"robots\" content=\"index, follow, max-snippet:-1, max-image-preview:large, max-video-preview:-1\" \/>\n<link rel=\"canonical\" href=\"https:\/\/iffartfilm.com\/en\/festival\/profil-aff\/\" \/>\n<meta property=\"og:locale\" content=\"en_US\" \/>\n<meta property=\"og:type\" content=\"article\" \/>\n<meta property=\"og:title\" content=\"ART FILM IFF profile\" \/>\n<meta property=\"og:description\" content=\"filmov\u00e9 sekcie, s\u00fa\u0165a\u017en\u00e9 kateg\u00f3rie, ocenenia, sprievodn\u00e9 podujatia\" \/>\n<meta property=\"og:url\" content=\"https:\/\/iffartfilm.com\/en\/festival\/profil-aff\/\" \/>\n<meta property=\"og:site_name\" content=\"IFF ART FILM\" \/>\n<meta property=\"article:publisher\" content=\"https:\/\/www.facebook.com\/IFFArtFilmKosice\" \/>\n<meta property=\"article:modified_time\" content=\"2026-02-06T12:54:39+00:00\" \/>\n<meta property=\"og:image\" content=\"https:\/\/iffartfilm.com\/wp-content\/uploads\/2020\/01\/AFF_web_okienka_4.jpg\" \/>\n\t<meta property=\"og:image:width\" content=\"800\" \/>\n\t<meta property=\"og:image:height\" content=\"400\" \/>\n\t<meta property=\"og:image:type\" content=\"image\/jpeg\" \/>\n<meta name=\"twitter:card\" content=\"summary_large_image\" \/>\n<meta name=\"twitter:site\" content=\"@ArtFilmFestSVK\" \/>\n<meta name=\"twitter:label1\" content=\"Est. reading time\" \/>\n\t<meta name=\"twitter:data1\" content=\"5 minutes\" \/>\n<script type=\"application\/ld+json\" class=\"yoast-schema-graph\">{\"@context\":\"https:\\\/\\\/schema.org\",\"@graph\":[{\"@type\":\"WebPage\",\"@id\":\"https:\\\/\\\/iffartfilm.com\\\/en\\\/festival\\\/profil-aff\\\/\",\"url\":\"https:\\\/\\\/iffartfilm.com\\\/en\\\/festival\\\/profil-aff\\\/\",\"name\":\"ART FILM IFF profile &#8226; IFF ART FILM\",\"isPartOf\":{\"@id\":\"https:\\\/\\\/iffartfilm.com\\\/en\\\/#website\"},\"primaryImageOfPage\":{\"@id\":\"https:\\\/\\\/iffartfilm.com\\\/en\\\/festival\\\/profil-aff\\\/#primaryimage\"},\"image\":{\"@id\":\"https:\\\/\\\/iffartfilm.com\\\/en\\\/festival\\\/profil-aff\\\/#primaryimage\"},\"thumbnailUrl\":\"https:\\\/\\\/iffartfilm.com\\\/wp-content\\\/uploads\\\/2020\\\/01\\\/AFF_web_okienka_4.jpg\",\"datePublished\":\"2015-12-29T15:00:49+00:00\",\"dateModified\":\"2026-02-06T12:54:39+00:00\",\"breadcrumb\":{\"@id\":\"https:\\\/\\\/iffartfilm.com\\\/en\\\/festival\\\/profil-aff\\\/#breadcrumb\"},\"inLanguage\":\"en-US\",\"potentialAction\":[{\"@type\":\"ReadAction\",\"target\":[\"https:\\\/\\\/iffartfilm.com\\\/en\\\/festival\\\/profil-aff\\\/\"]}]},{\"@type\":\"ImageObject\",\"inLanguage\":\"en-US\",\"@id\":\"https:\\\/\\\/iffartfilm.com\\\/en\\\/festival\\\/profil-aff\\\/#primaryimage\",\"url\":\"https:\\\/\\\/iffartfilm.com\\\/wp-content\\\/uploads\\\/2020\\\/01\\\/AFF_web_okienka_4.jpg\",\"contentUrl\":\"https:\\\/\\\/iffartfilm.com\\\/wp-content\\\/uploads\\\/2020\\\/01\\\/AFF_web_okienka_4.jpg\",\"width\":800,\"height\":400},{\"@type\":\"BreadcrumbList\",\"@id\":\"https:\\\/\\\/iffartfilm.com\\\/en\\\/festival\\\/profil-aff\\\/#breadcrumb\",\"itemListElement\":[{\"@type\":\"ListItem\",\"position\":1,\"name\":\"Dom\u00e1ca str\u00e1nka\",\"item\":\"https:\\\/\\\/iffartfilm.com\\\/en\\\/\"},{\"@type\":\"ListItem\",\"position\":2,\"name\":\"Festival\",\"item\":\"https:\\\/\\\/iffartfilm.com\\\/en\\\/festival\\\/\"},{\"@type\":\"ListItem\",\"position\":3,\"name\":\"ART FILM IFF profile\"}]},{\"@type\":\"WebSite\",\"@id\":\"https:\\\/\\\/iffartfilm.com\\\/en\\\/#website\",\"url\":\"https:\\\/\\\/iffartfilm.com\\\/en\\\/\",\"name\":\"IFF ART FILM\",\"description\":\"Medzin\u00e1rodn\u00fd filmov\u00fd festival\",\"publisher\":{\"@id\":\"https:\\\/\\\/iffartfilm.com\\\/en\\\/#organization\"},\"alternateName\":\"Art Film\",\"potentialAction\":[{\"@type\":\"SearchAction\",\"target\":{\"@type\":\"EntryPoint\",\"urlTemplate\":\"https:\\\/\\\/iffartfilm.com\\\/en\\\/?s={search_term_string}\"},\"query-input\":{\"@type\":\"PropertyValueSpecification\",\"valueRequired\":true,\"valueName\":\"search_term_string\"}}],\"inLanguage\":\"en-US\"},{\"@type\":\"Organization\",\"@id\":\"https:\\\/\\\/iffartfilm.com\\\/en\\\/#organization\",\"name\":\"ART FILM FEST, s.r.o.\",\"url\":\"https:\\\/\\\/iffartfilm.com\\\/en\\\/\",\"logo\":{\"@type\":\"ImageObject\",\"inLanguage\":\"en-US\",\"@id\":\"https:\\\/\\\/iffartfilm.com\\\/en\\\/#\\\/schema\\\/logo\\\/image\\\/\",\"url\":\"https:\\\/\\\/iffartfilm.com\\\/wp-content\\\/uploads\\\/2024\\\/11\\\/aff-cinepass-2025.png\",\"contentUrl\":\"https:\\\/\\\/iffartfilm.com\\\/wp-content\\\/uploads\\\/2024\\\/11\\\/aff-cinepass-2025.png\",\"width\":486,\"height\":215,\"caption\":\"ART FILM FEST, s.r.o.\"},\"image\":{\"@id\":\"https:\\\/\\\/iffartfilm.com\\\/en\\\/#\\\/schema\\\/logo\\\/image\\\/\"},\"sameAs\":[\"https:\\\/\\\/www.facebook.com\\\/IFFArtFilmKosice\",\"https:\\\/\\\/x.com\\\/ArtFilmFestSVK\",\"https:\\\/\\\/www.instagram.com\\\/iffartfilmkosice\\\/\",\"https:\\\/\\\/www.youtube.com\\\/user\\\/artfilmfest81\\\/\",\"https:\\\/\\\/www.linkedin.com\\\/company\\\/international-film-festival-art-film\"]}]}<\/script>\n<!-- \/ Yoast SEO Premium plugin. -->","yoast_head_json":{"title":"ART FILM IFF profile &#8226; IFF ART FILM","robots":{"index":"index","follow":"follow","max-snippet":"max-snippet:-1","max-image-preview":"max-image-preview:large","max-video-preview":"max-video-preview:-1"},"canonical":"https:\/\/iffartfilm.com\/en\/festival\/profil-aff\/","og_locale":"en_US","og_type":"article","og_title":"ART FILM IFF profile","og_description":"filmov\u00e9 sekcie, s\u00fa\u0165a\u017en\u00e9 kateg\u00f3rie, ocenenia, sprievodn\u00e9 podujatia","og_url":"https:\/\/iffartfilm.com\/en\/festival\/profil-aff\/","og_site_name":"IFF ART FILM","article_publisher":"https:\/\/www.facebook.com\/IFFArtFilmKosice","article_modified_time":"2026-02-06T12:54:39+00:00","og_image":[{"width":800,"height":400,"url":"https:\/\/iffartfilm.com\/wp-content\/uploads\/2020\/01\/AFF_web_okienka_4.jpg","type":"image\/jpeg"}],"twitter_card":"summary_large_image","twitter_site":"@ArtFilmFestSVK","twitter_misc":{"Est. reading time":"5 minutes"},"schema":{"@context":"https:\/\/schema.org","@graph":[{"@type":"WebPage","@id":"https:\/\/iffartfilm.com\/en\/festival\/profil-aff\/","url":"https:\/\/iffartfilm.com\/en\/festival\/profil-aff\/","name":"ART FILM IFF profile &#8226; IFF ART FILM","isPartOf":{"@id":"https:\/\/iffartfilm.com\/en\/#website"},"primaryImageOfPage":{"@id":"https:\/\/iffartfilm.com\/en\/festival\/profil-aff\/#primaryimage"},"image":{"@id":"https:\/\/iffartfilm.com\/en\/festival\/profil-aff\/#primaryimage"},"thumbnailUrl":"https:\/\/iffartfilm.com\/wp-content\/uploads\/2020\/01\/AFF_web_okienka_4.jpg","datePublished":"2015-12-29T15:00:49+00:00","dateModified":"2026-02-06T12:54:39+00:00","breadcrumb":{"@id":"https:\/\/iffartfilm.com\/en\/festival\/profil-aff\/#breadcrumb"},"inLanguage":"en-US","potentialAction":[{"@type":"ReadAction","target":["https:\/\/iffartfilm.com\/en\/festival\/profil-aff\/"]}]},{"@type":"ImageObject","inLanguage":"en-US","@id":"https:\/\/iffartfilm.com\/en\/festival\/profil-aff\/#primaryimage","url":"https:\/\/iffartfilm.com\/wp-content\/uploads\/2020\/01\/AFF_web_okienka_4.jpg","contentUrl":"https:\/\/iffartfilm.com\/wp-content\/uploads\/2020\/01\/AFF_web_okienka_4.jpg","width":800,"height":400},{"@type":"BreadcrumbList","@id":"https:\/\/iffartfilm.com\/en\/festival\/profil-aff\/#breadcrumb","itemListElement":[{"@type":"ListItem","position":1,"name":"Dom\u00e1ca str\u00e1nka","item":"https:\/\/iffartfilm.com\/en\/"},{"@type":"ListItem","position":2,"name":"Festival","item":"https:\/\/iffartfilm.com\/en\/festival\/"},{"@type":"ListItem","position":3,"name":"ART FILM IFF profile"}]},{"@type":"WebSite","@id":"https:\/\/iffartfilm.com\/en\/#website","url":"https:\/\/iffartfilm.com\/en\/","name":"IFF ART FILM","description":"Medzin\u00e1rodn\u00fd filmov\u00fd festival","publisher":{"@id":"https:\/\/iffartfilm.com\/en\/#organization"},"alternateName":"Art Film","potentialAction":[{"@type":"SearchAction","target":{"@type":"EntryPoint","urlTemplate":"https:\/\/iffartfilm.com\/en\/?s={search_term_string}"},"query-input":{"@type":"PropertyValueSpecification","valueRequired":true,"valueName":"search_term_string"}}],"inLanguage":"en-US"},{"@type":"Organization","@id":"https:\/\/iffartfilm.com\/en\/#organization","name":"ART FILM FEST, s.r.o.","url":"https:\/\/iffartfilm.com\/en\/","logo":{"@type":"ImageObject","inLanguage":"en-US","@id":"https:\/\/iffartfilm.com\/en\/#\/schema\/logo\/image\/","url":"https:\/\/iffartfilm.com\/wp-content\/uploads\/2024\/11\/aff-cinepass-2025.png","contentUrl":"https:\/\/iffartfilm.com\/wp-content\/uploads\/2024\/11\/aff-cinepass-2025.png","width":486,"height":215,"caption":"ART FILM FEST, s.r.o."},"image":{"@id":"https:\/\/iffartfilm.com\/en\/#\/schema\/logo\/image\/"},"sameAs":["https:\/\/www.facebook.com\/IFFArtFilmKosice","https:\/\/x.com\/ArtFilmFestSVK","https:\/\/www.instagram.com\/iffartfilmkosice\/","https:\/\/www.youtube.com\/user\/artfilmfest81\/","https:\/\/www.linkedin.com\/company\/international-film-festival-art-film"]}]}},"_links":{"self":[{"href":"https:\/\/iffartfilm.com\/en\/wp-json\/wp\/v2\/pages\/4142","targetHints":{"allow":["GET"]}}],"collection":[{"href":"https:\/\/iffartfilm.com\/en\/wp-json\/wp\/v2\/pages"}],"about":[{"href":"https:\/\/iffartfilm.com\/en\/wp-json\/wp\/v2\/types\/page"}],"author":[{"embeddable":true,"href":"https:\/\/iffartfilm.com\/en\/wp-json\/wp\/v2\/users\/2"}],"replies":[{"embeddable":true,"href":"https:\/\/iffartfilm.com\/en\/wp-json\/wp\/v2\/comments?post=4142"}],"version-history":[{"count":0,"href":"https:\/\/iffartfilm.com\/en\/wp-json\/wp\/v2\/pages\/4142\/revisions"}],"up":[{"embeddable":true,"href":"https:\/\/iffartfilm.com\/en\/wp-json\/wp\/v2\/pages\/4155"}],"wp:featuredmedia":[{"embeddable":true,"href":"https:\/\/iffartfilm.com\/en\/wp-json\/wp\/v2\/media\/26028"}],"wp:attachment":[{"href":"https:\/\/iffartfilm.com\/en\/wp-json\/wp\/v2\/media?parent=4142"}],"curies":[{"name":"wp","href":"https:\/\/api.w.org\/{rel}","templated":true}]}}