{"id":1926,"date":"2016-01-19T11:06:59","date_gmt":"2016-01-19T09:06:59","guid":{"rendered":"https:\/\/www.artfilmfest.sk\/prihlaska-filmu\/?lang=en"},"modified":"2026-04-11T20:39:39","modified_gmt":"2026-04-11T18:39:39","slug":"submit-film","status":"publish","type":"page","link":"https:\/\/iffartfilm.com\/en\/submit-film\/","title":{"rendered":"Submit Film"},"content":{"rendered":"<div class=\"wpb-content-wrapper\"><p>[vc_row disable_element=&#8221;yes&#8221; hide_element=&#8221;true&#8221;][vc_column][vc_column_text css=&#8221;&#8221;]<\/p>\n<h1>SUBMIT YOUR FILM TO THE 32ND IFF ART FILM<br \/>\n19 &#8211; 25 JUNE 2026<\/h1>\n<p>[\/vc_column_text][vc_empty_space][vc_message css=&#8221;&#8221;]<strong>International Competition of Feature Films (over 60 min.)<\/strong><br \/>\nCompetition is open to film directors who have professionally created their first, second, or third feature film.<\/p>\n<p><strong>Early bird: 10. 01 &#8211; 31. 01.2026: 50 Euro<\/strong><br \/>\n<strong>Regular bird: 01. 02. &#8211; 28. 02. 2026: 60 Euro<\/strong><br \/>\n<strong>Late bird: 01. 03. &#8211; 10. 04. 2026: 70 Euro<\/strong><\/p>\n<p><strong>The Jury of the International Competition of Feature Films awards 4 statutory prizes:<\/strong><\/p>\n<ul>\n<li>Blue Angel for the best film includes a cash prize of EUR 2000.<\/li>\n<li>Blue Angel for Best Director<\/li>\n<li>Blue Angel for Best Actress<\/li>\n<li>Blue Angel for Best Male Performance.<\/li>\n<\/ul>\n<p>[\/vc_message][vc_empty_space height=&#8221;10px&#8221;][vc_message css=&#8221;&#8221;]<strong>International Short Film Competition (up to 30 min.)<\/strong><br \/>\nCompetition is dedicated to short films of all genres.<\/p>\n<p><strong>Early bird: 10. 01. &#8211; 31. 01. 2026: 30 Euro<\/strong><br \/>\n<strong>Regular bird: 01. 02. &#8211; 28. 02. 2026: 40 Euro<\/strong><br \/>\n<strong>Late bird: 01. 03. &#8211; 10. 04. 2026: 50 Euro<\/strong><\/p>\n<p><strong>The Jury of the International Competition of Short Films awards 1 statutory prize:<\/strong><\/p>\n<ul>\n<li>Blue Angel for the best short film includes a cash prize of EUR 500.<\/li>\n<\/ul>\n<p>[\/vc_message][vc_empty_space height=&#8221;10px&#8221;][vc_message css=&#8221;&#8221;]<strong>International Competition of Films from Central and Eastern Europe (over 60 min.)<\/strong><br \/>\nCompetition is open to film directors who have professionally created feature-length fiction, documentary, or animated films from eligible countries: <span data-slate-node=\"text\">Slovakia, Czech Republic, Poland, Hungary, Slovenia, Estonia, Latvia, Lithuania, Romania, Bulgaria, Croatia, Serbia, Bosnia and Herzegovina, Montenegro, Albania, North Macedonia, Kosovo, Ukraine, Moldova, Belarus, Armenia.<\/span><\/p>\n<p><strong>Early bird: 10. 01. &#8211; 31. 01. 2026: 50 Euro<\/strong><br \/>\n<strong>Regular bird: 01. 02. &#8211; 28. 02. 2026: 60 Euro<\/strong><br \/>\n<strong>Late bird: 01. 03. &#8211; 10. 04. 2026: 70 Euro<\/strong><\/p>\n<p><strong>The Jury of the International Competition for the best film from Central and Eastern Europe awards 1 statutory prize:<\/strong><\/p>\n<ul>\n<li>Blue Angel for the best film includes a cash prize of EUR 1500.<\/li>\n<\/ul>\n<p>[\/vc_message][vc_empty_space height=&#8221;10px&#8221;][vc_message message_box_color=&#8221;success&#8221;]<span class=\"HwtZe\" lang=\"en\"><span class=\"jCAhz ChMk0b\"><span class=\"ryNqvb\">The listed prices include VAT.<\/span><\/span><\/span> The total amount will be recalculated upon the entry of the applicant&#8217;s invoicing details, in compliance with the prevailing Value Added Tax Act.[\/vc_message][vc_empty_space][vc_raw_html]JTNDZGl2JTIwaWQlM0QlMjJjaW5lcGFzcy1lbnRyeWZvcm0lMjIlM0UlM0MlMkZkaXYlM0UlMEElM0NzY3JpcHQlMjBhc3luYyUyMHNyYyUzRCUyMmh0dHBzJTNBJTJGJTJGZm9ybXMuY2luZXBhc3Muc2slMkZhZmYlMkZlbiUyRmVudHJ5LmpzJTNGaWQlM0RjaW5lcGFzcy1lbnRyeWZvcm0lMjIlM0UlM0MlMkZzY3JpcHQlM0U=[\/vc_raw_html][vc_message message_box_color=&#8221;warning&#8221;]If you have a problem entering the director&#8217;s name:<br \/>\nStart writing the name, if the system does not offer the required name, click on the menu item &#8220;Create a new director&#8221;, fill in the correct form data of the new director and confirm your choice by clicking on the &#8220;Create&#8221; button.[\/vc_message][vc_empty_space height=&#8221;10px&#8221;][vc_message message_box_color=&#8221;warning&#8221;]For a correct display of the form, we recommend using Mozilla Firefox, Google Chrome, or Safari browsers. Do not block Ads, Cookies or JavaScript.[\/vc_message][vc_empty_space height=&#8221;10px&#8221;][vc_message message_box_color=&#8221;pink&#8221; css=&#8221;&#8221;]Submit your film directly through our website, or if you prefer, IFF ART FILM Ko\u0161ice also welcomes entries on FilmFreeway.<\/p>\n<p><a title=\"Click to submit on FilmFreeway\" href=\"https:\/\/filmfreeway.com\/festivals\/77911?utm_campaign=IFF+ART+FILM+Ko%C5%A1ice&amp;utm_medium=External&amp;utm_source=Submission+Button\" target=\"_blank\" rel=\"noopener\"><img loading=\"lazy\" decoding=\"async\" title=\"Click to submit on FilmFreeway\" src=\"https:\/\/public-assets.filmfreeway.com\/submission_buttons\/v2\/sm_submission_btn@2x-red.png\" width=\"263\" height=\"49\" \/><\/a> [\/vc_message][vc_empty_space][vc_btn title=&#8221;Archive of individual years of the festival 1993-2025&#8243; align=&#8221;center&#8221; i_icon_fontawesome=&#8221;&#8221; css=&#8221;&#8221; button_block=&#8221;true&#8221; add_icon=&#8221;true&#8221; link=&#8221;url:https%3A%2F%2Fartfilmfest.sk%2Ffestival%2Farchiv%2F|title:archive&#8221;][\/vc_column][\/vc_row][vc_row disable_element=&#8221;yes&#8221; hide_element=&#8221;true&#8221;][vc_column][vc_column_text]<strong>SUBMIT YOUR FILM FOR 29th Art Film Fest \u2013 June 2022<\/strong><\/p>\n<ul>\n<li>International Competition of Fiction Feature Films (over 60 min.) &#8211; <strong>deadline for submission March 31st, 2022<\/strong><\/li>\n<li>International Competition of Shorts (up to 30 min.) &#8211; <strong>deadline for submission March 20th, 2022<\/strong><\/li>\n<\/ul>\n<p>[\/vc_column_text][vc_column_text]<\/p>\n<div style=\"border: 3px solid #ddd; padding: 35px 0; margin: 35px 0;\">[advanced_iframe securitykey=&#8221;b57022fcf24384ee5d7d117ed2b3c356ca468389&#8243; width=&#8221;100%&#8221; src=&#8221;https:\/\/forms.cinepass.sk\/aff\/en\/entry\/&#8221; scrolling=&#8221;no&#8221;]<\/div>\n<p>[\/vc_column_text][vc_column_text hide_element=&#8221;true&#8221;]<\/p>\n<div style=\"border: 3px solid #ddd; padding: 35px 0; margin: 35px 0;\">ENTRY FORM <span id=\"result_box\" class=\"\" lang=\"en\"><span class=\"\">is currently unavailable.<\/span> T<span class=\"\">ry visiting the page later.<\/span> <span class=\"\">Thank you for understanding.<\/span><\/span><\/div>\n<p>[\/vc_column_text][vc_column_text]<span style=\"color: #ff0000;\">If you are having trouble entering the name of director, hit &#8220;enter&#8221; after writing the name in the box.<\/span><br \/>\n<span style=\"color: #ff0000;\"> For the correct view form, we recommend using the browsers Mozilla Firefox, Google Chrome, or Safari.<br \/>\n<span class=\"VIiyi\" lang=\"en\"><span class=\"JLqJ4b ChMk0b\" data-language-for-alternatives=\"en\" data-language-to-translate-into=\"sk\" data-phrase-index=\"0\" data-number-of-phrases=\"1\">If, despite all efforts, something does not work properly, please fill out the form at the <a href=\"https:\/\/forms.cinepass.sk\/aff\/en\/entry\/\">following link<\/a>.<\/span><\/span><br \/>\n<\/span>[\/vc_column_text][\/vc_column][\/vc_row][vc_row][vc_column][vc_column_text css=&#8221;&#8221;]<\/p>\n<h2 style=\"text-align: center;\">Submissions to the 2026 International Film Festival ART FILM<br \/>\nare now closed.<\/h2>\n<h2 style=\"text-align: center;\">Submissions for the 2027 International Film Festival ART FILM<br \/>\nwill open Decenber 2026.<\/h2>\n<p>[\/vc_column_text][\/vc_column][\/vc_row][vc_row disable_element=&#8221;yes&#8221; hide_element=&#8221;true&#8221;][vc_column width=&#8221;1\/3&#8243;][vc_video link=&#8221;https:\/\/youtu.be\/f73jVMZFKvo&#8221;][\/vc_column][vc_column width=&#8221;1\/3&#8243;][vc_video link=&#8221;https:\/\/youtu.be\/mOAq7m12bzc?&#8221; css=&#8221;&#8221;][\/vc_column][vc_column width=&#8221;1\/3&#8243;][vc_video link=&#8221;https:\/\/youtu.be\/xcnUxeM84Y8&#8243; css=&#8221;&#8221;][\/vc_column][\/vc_row][vc_row disable_element=&#8221;yes&#8221; hide_element=&#8221;true&#8221;][vc_column][vc_single_image image=&#8221;26105&#8243; img_size=&#8221;full&#8221;][\/vc_column][\/vc_row][vc_row disable_element=&#8221;yes&#8221; hide_element=&#8221;true&#8221;][vc_column][vc_column_text]<\/p>\n<h2 style=\"text-align: center;\">Submissions for the 2023 International Film Festival Art Film Fest<br \/>\nwill be opened 20. March 2023.<\/h2>\n<p>[\/vc_column_text][vc_empty_space][vc_separator style=&#8221;shadow&#8221; border_width=&#8221;3&#8243;][vc_empty_space]<div class=\"downcount clearfix\" data-date=\"03\/20\/2023 00:00:00\" data-offset=\"+1\"><div class=\"column column_quick_fact mobile-one one-fourth\"><div class=\"mcb-column-inner\"><div class=\"quick_fact\"><div data-anim-type=\"zoomIn\" class=\"animate zoomIn\"><div class=\"number-wrapper\"><div class=\"number days\" >00<\/div><\/div><h3 class=\"title\">days<\/h3><hr class=\"hr_narrow\"><\/div><\/div><\/div><\/div><div class=\"column column_quick_fact mobile-one one-fourth\"><div class=\"mcb-column-inner\"><div class=\"quick_fact\"><div data-anim-type=\"zoomIn\" class=\"animate zoomIn\"><div class=\"number-wrapper\"><div class=\"number hours\" >00<\/div><\/div><h3 class=\"title\">hours<\/h3><hr class=\"hr_narrow\"><\/div><\/div><\/div><\/div><div class=\"column column_quick_fact mobile-one one-fourth\"><div class=\"mcb-column-inner\"><div class=\"quick_fact\"><div data-anim-type=\"zoomIn\" class=\"animate zoomIn\"><div class=\"number-wrapper\"><div class=\"number minutes\" >00<\/div><\/div><h3 class=\"title\">minutes<\/h3><hr class=\"hr_narrow\"><\/div><\/div><\/div><\/div><div class=\"column column_quick_fact mobile-one one-fourth\"><div class=\"mcb-column-inner\"><div class=\"quick_fact\"><div data-anim-type=\"zoomIn\" class=\"animate zoomIn\"><div class=\"number-wrapper\"><div class=\"number seconds\" >00<\/div><\/div><h3 class=\"title\">seconds<\/h3><hr class=\"hr_narrow\"><\/div><\/div><\/div><\/div><\/div>\n[\/vc_column][\/vc_row][vc_row disable_element=&#8221;yes&#8221; hide_element=&#8221;true&#8221;][vc_column][vc_column_text]<\/p>\n<h3>FILM SUBMISSIONS NOT TO OPEN FOR 29th ART FILM FEST<\/h3>\n<p>The 29th Art Film Fest will take place in Ko\u0161ice from 16 to 23 June 2023.<br \/>\nLast year, the Art Film Fest did not take place and the final decision on its realization in 2023 was made only at the end of February. Due to the limited time needed to prepare for the film festival, we decided not to open the call for submissions to the international competitions &#8211; the feature film competition and the short film competition &#8211; this year. In view of these circumstances, the programme team reserves the right to set up both competition sections at its own discretion and choice. Information about the programme of the 29th edition of the festival will be published continuously on the event&#8217;s website and social networks. In the next 30th edition of the festival, there will again be an opportunity to submit films. Thank you for your understanding and we look forward to seeing you in Ko\u0161ice in June.[\/vc_column_text][vc_column_text hide_element=&#8221;true&#8221;]<\/p>\n<h3>FILM SUBMISSIONS NOT TO OPEN FOR 28th ART FILM FEST<\/h3>\n<p>The 28th edition of Art Film Fest will be held 18\u201326 June 2021 in Ko\u0161ice. As the festival\u2019s programme will depend on the course of the pandemic in Slovakia and across the globe, we cannot at present guarantee that it will include both of our two international competitions \u2013 the International Competition of Feature Films and the International Competition of Short Films. For this reason, we have decided not to open submissions for this year\u2019s festival.<\/p>\n<p>Films submitted to last year\u2019s festival will be accepted for the long lists, but this does not guarantee selection for the competitions. We will be contacting the long-listed films\u2019 rightsholders in the coming months. Information on the programme of the festival\u2019s 28th edition will be announced in stages via the event\u2019s website and social media accounts. Thank you for understanding; we look forward to the gathering which, we hope, awaits us this June in Ko\u0161ice.[\/vc_column_text][\/vc_column][\/vc_row]<\/p>\n<\/div>","protected":false},"excerpt":{"rendered":"<p>[vc_row disable_element=&#8221;yes&#8221; hide_element=&#8221;true&#8221;][vc_column][vc_column_text css=&#8221;&#8221;]","protected":false},"author":2,"featured_media":15245,"parent":0,"menu_order":0,"comment_status":"closed","ping_status":"closed","template":"","meta":{"_acf_changed":false,"footnotes":""},"class_list":["post-1926","page","type-page","status-publish","has-post-thumbnail","hentry"],"acf":[],"yoast_head":"<!-- This site is optimized with the Yoast SEO Premium plugin v27.2 (Yoast SEO v27.5) - https:\/\/yoast.com\/product\/yoast-seo-premium-wordpress\/ -->\n<title>Submit Film &#8226; IFF ART FILM<\/title>\n<meta name=\"robots\" content=\"index, follow, max-snippet:-1, max-image-preview:large, max-video-preview:-1\" \/>\n<link rel=\"canonical\" href=\"https:\/\/iffartfilm.com\/en\/submit-film\/\" \/>\n<meta property=\"og:locale\" content=\"en_US\" \/>\n<meta property=\"og:type\" content=\"article\" \/>\n<meta property=\"og:title\" content=\"Submit Film\" \/>\n<meta property=\"og:description\" content=\"SUBMIT YOUR FILM TO THE 32ND IFF ART FILM 19 - 25 JUNE 2026 International Competition of Feature Films (over 60 min.) Competition is open to film\" \/>\n<meta property=\"og:url\" content=\"https:\/\/iffartfilm.com\/en\/submit-film\/\" \/>\n<meta property=\"og:site_name\" content=\"IFF ART FILM\" \/>\n<meta property=\"article:publisher\" content=\"https:\/\/www.facebook.com\/IFFArtFilmKosice\" \/>\n<meta property=\"article:modified_time\" content=\"2026-04-11T18:39:39+00:00\" \/>\n<meta property=\"og:image\" content=\"https:\/\/iffartfilm.com\/wp-content\/uploads\/2023\/12\/MFF_Art_Film_24_FB_IG_1200x628.jpg\" \/>\n\t<meta property=\"og:image:width\" content=\"1200\" \/>\n\t<meta property=\"og:image:height\" content=\"628\" \/>\n\t<meta property=\"og:image:type\" content=\"image\/jpeg\" \/>\n<meta name=\"twitter:card\" content=\"summary_large_image\" \/>\n<meta name=\"twitter:site\" content=\"@ArtFilmFestSVK\" \/>\n<meta name=\"twitter:label1\" content=\"Est. reading time\" \/>\n\t<meta name=\"twitter:data1\" content=\"6 minutes\" \/>\n<script type=\"application\/ld+json\" class=\"yoast-schema-graph\">{\"@context\":\"https:\\\/\\\/schema.org\",\"@graph\":[{\"@type\":\"WebPage\",\"@id\":\"https:\\\/\\\/iffartfilm.com\\\/en\\\/submit-film\\\/\",\"url\":\"https:\\\/\\\/iffartfilm.com\\\/en\\\/submit-film\\\/\",\"name\":\"Submit Film &#8226; IFF ART FILM\",\"isPartOf\":{\"@id\":\"https:\\\/\\\/iffartfilm.com\\\/en\\\/#website\"},\"primaryImageOfPage\":{\"@id\":\"https:\\\/\\\/iffartfilm.com\\\/en\\\/submit-film\\\/#primaryimage\"},\"image\":{\"@id\":\"https:\\\/\\\/iffartfilm.com\\\/en\\\/submit-film\\\/#primaryimage\"},\"thumbnailUrl\":\"\",\"datePublished\":\"2016-01-19T09:06:59+00:00\",\"dateModified\":\"2026-04-11T18:39:39+00:00\",\"breadcrumb\":{\"@id\":\"https:\\\/\\\/iffartfilm.com\\\/en\\\/submit-film\\\/#breadcrumb\"},\"inLanguage\":\"en-US\",\"potentialAction\":[{\"@type\":\"ReadAction\",\"target\":[\"https:\\\/\\\/iffartfilm.com\\\/en\\\/submit-film\\\/\"]}]},{\"@type\":\"ImageObject\",\"inLanguage\":\"en-US\",\"@id\":\"https:\\\/\\\/iffartfilm.com\\\/en\\\/submit-film\\\/#primaryimage\",\"url\":\"\",\"contentUrl\":\"\"},{\"@type\":\"BreadcrumbList\",\"@id\":\"https:\\\/\\\/iffartfilm.com\\\/en\\\/submit-film\\\/#breadcrumb\",\"itemListElement\":[{\"@type\":\"ListItem\",\"position\":1,\"name\":\"Dom\u00e1ca str\u00e1nka\",\"item\":\"https:\\\/\\\/iffartfilm.com\\\/en\\\/\"},{\"@type\":\"ListItem\",\"position\":2,\"name\":\"Submit Film\"}]},{\"@type\":\"WebSite\",\"@id\":\"https:\\\/\\\/iffartfilm.com\\\/en\\\/#website\",\"url\":\"https:\\\/\\\/iffartfilm.com\\\/en\\\/\",\"name\":\"IFF ART FILM\",\"description\":\"Medzin\u00e1rodn\u00fd filmov\u00fd festival\",\"publisher\":{\"@id\":\"https:\\\/\\\/iffartfilm.com\\\/en\\\/#organization\"},\"alternateName\":\"Art Film\",\"potentialAction\":[{\"@type\":\"SearchAction\",\"target\":{\"@type\":\"EntryPoint\",\"urlTemplate\":\"https:\\\/\\\/iffartfilm.com\\\/en\\\/?s={search_term_string}\"},\"query-input\":{\"@type\":\"PropertyValueSpecification\",\"valueRequired\":true,\"valueName\":\"search_term_string\"}}],\"inLanguage\":\"en-US\"},{\"@type\":\"Organization\",\"@id\":\"https:\\\/\\\/iffartfilm.com\\\/en\\\/#organization\",\"name\":\"ART FILM FEST, s.r.o.\",\"url\":\"https:\\\/\\\/iffartfilm.com\\\/en\\\/\",\"logo\":{\"@type\":\"ImageObject\",\"inLanguage\":\"en-US\",\"@id\":\"https:\\\/\\\/iffartfilm.com\\\/en\\\/#\\\/schema\\\/logo\\\/image\\\/\",\"url\":\"https:\\\/\\\/iffartfilm.com\\\/wp-content\\\/uploads\\\/2024\\\/11\\\/aff-cinepass-2025.png\",\"contentUrl\":\"https:\\\/\\\/iffartfilm.com\\\/wp-content\\\/uploads\\\/2024\\\/11\\\/aff-cinepass-2025.png\",\"width\":486,\"height\":215,\"caption\":\"ART FILM FEST, s.r.o.\"},\"image\":{\"@id\":\"https:\\\/\\\/iffartfilm.com\\\/en\\\/#\\\/schema\\\/logo\\\/image\\\/\"},\"sameAs\":[\"https:\\\/\\\/www.facebook.com\\\/IFFArtFilmKosice\",\"https:\\\/\\\/x.com\\\/ArtFilmFestSVK\",\"https:\\\/\\\/www.instagram.com\\\/iffartfilmkosice\\\/\",\"https:\\\/\\\/www.youtube.com\\\/user\\\/artfilmfest81\\\/\",\"https:\\\/\\\/www.linkedin.com\\\/company\\\/international-film-festival-art-film\"]}]}<\/script>\n<!-- \/ Yoast SEO Premium plugin. -->","yoast_head_json":{"title":"Submit Film &#8226; IFF ART FILM","robots":{"index":"index","follow":"follow","max-snippet":"max-snippet:-1","max-image-preview":"max-image-preview:large","max-video-preview":"max-video-preview:-1"},"canonical":"https:\/\/iffartfilm.com\/en\/submit-film\/","og_locale":"en_US","og_type":"article","og_title":"Submit Film","og_description":"SUBMIT YOUR FILM TO THE 32ND IFF ART FILM 19 - 25 JUNE 2026 International Competition of Feature Films (over 60 min.) Competition is open to film","og_url":"https:\/\/iffartfilm.com\/en\/submit-film\/","og_site_name":"IFF ART FILM","article_publisher":"https:\/\/www.facebook.com\/IFFArtFilmKosice","article_modified_time":"2026-04-11T18:39:39+00:00","og_image":[{"width":1200,"height":628,"url":"https:\/\/iffartfilm.com\/wp-content\/uploads\/2023\/12\/MFF_Art_Film_24_FB_IG_1200x628.jpg","type":"image\/jpeg"}],"twitter_card":"summary_large_image","twitter_site":"@ArtFilmFestSVK","twitter_misc":{"Est. reading time":"6 minutes"},"schema":{"@context":"https:\/\/schema.org","@graph":[{"@type":"WebPage","@id":"https:\/\/iffartfilm.com\/en\/submit-film\/","url":"https:\/\/iffartfilm.com\/en\/submit-film\/","name":"Submit Film &#8226; IFF ART FILM","isPartOf":{"@id":"https:\/\/iffartfilm.com\/en\/#website"},"primaryImageOfPage":{"@id":"https:\/\/iffartfilm.com\/en\/submit-film\/#primaryimage"},"image":{"@id":"https:\/\/iffartfilm.com\/en\/submit-film\/#primaryimage"},"thumbnailUrl":"","datePublished":"2016-01-19T09:06:59+00:00","dateModified":"2026-04-11T18:39:39+00:00","breadcrumb":{"@id":"https:\/\/iffartfilm.com\/en\/submit-film\/#breadcrumb"},"inLanguage":"en-US","potentialAction":[{"@type":"ReadAction","target":["https:\/\/iffartfilm.com\/en\/submit-film\/"]}]},{"@type":"ImageObject","inLanguage":"en-US","@id":"https:\/\/iffartfilm.com\/en\/submit-film\/#primaryimage","url":"","contentUrl":""},{"@type":"BreadcrumbList","@id":"https:\/\/iffartfilm.com\/en\/submit-film\/#breadcrumb","itemListElement":[{"@type":"ListItem","position":1,"name":"Dom\u00e1ca str\u00e1nka","item":"https:\/\/iffartfilm.com\/en\/"},{"@type":"ListItem","position":2,"name":"Submit Film"}]},{"@type":"WebSite","@id":"https:\/\/iffartfilm.com\/en\/#website","url":"https:\/\/iffartfilm.com\/en\/","name":"IFF ART FILM","description":"Medzin\u00e1rodn\u00fd filmov\u00fd festival","publisher":{"@id":"https:\/\/iffartfilm.com\/en\/#organization"},"alternateName":"Art Film","potentialAction":[{"@type":"SearchAction","target":{"@type":"EntryPoint","urlTemplate":"https:\/\/iffartfilm.com\/en\/?s={search_term_string}"},"query-input":{"@type":"PropertyValueSpecification","valueRequired":true,"valueName":"search_term_string"}}],"inLanguage":"en-US"},{"@type":"Organization","@id":"https:\/\/iffartfilm.com\/en\/#organization","name":"ART FILM FEST, s.r.o.","url":"https:\/\/iffartfilm.com\/en\/","logo":{"@type":"ImageObject","inLanguage":"en-US","@id":"https:\/\/iffartfilm.com\/en\/#\/schema\/logo\/image\/","url":"https:\/\/iffartfilm.com\/wp-content\/uploads\/2024\/11\/aff-cinepass-2025.png","contentUrl":"https:\/\/iffartfilm.com\/wp-content\/uploads\/2024\/11\/aff-cinepass-2025.png","width":486,"height":215,"caption":"ART FILM FEST, s.r.o."},"image":{"@id":"https:\/\/iffartfilm.com\/en\/#\/schema\/logo\/image\/"},"sameAs":["https:\/\/www.facebook.com\/IFFArtFilmKosice","https:\/\/x.com\/ArtFilmFestSVK","https:\/\/www.instagram.com\/iffartfilmkosice\/","https:\/\/www.youtube.com\/user\/artfilmfest81\/","https:\/\/www.linkedin.com\/company\/international-film-festival-art-film"]}]}},"_links":{"self":[{"href":"https:\/\/iffartfilm.com\/en\/wp-json\/wp\/v2\/pages\/1926","targetHints":{"allow":["GET"]}}],"collection":[{"href":"https:\/\/iffartfilm.com\/en\/wp-json\/wp\/v2\/pages"}],"about":[{"href":"https:\/\/iffartfilm.com\/en\/wp-json\/wp\/v2\/types\/page"}],"author":[{"embeddable":true,"href":"https:\/\/iffartfilm.com\/en\/wp-json\/wp\/v2\/users\/2"}],"replies":[{"embeddable":true,"href":"https:\/\/iffartfilm.com\/en\/wp-json\/wp\/v2\/comments?post=1926"}],"version-history":[{"count":0,"href":"https:\/\/iffartfilm.com\/en\/wp-json\/wp\/v2\/pages\/1926\/revisions"}],"wp:featuredmedia":[{"embeddable":true,"href":"https:\/\/iffartfilm.com\/en\/wp-json\/"}],"wp:attachment":[{"href":"https:\/\/iffartfilm.com\/en\/wp-json\/wp\/v2\/media?parent=1926"}],"curies":[{"name":"wp","href":"https:\/\/api.w.org\/{rel}","templated":true}]}}