{"id":13094,"date":"2019-05-09T10:24:00","date_gmt":"2019-05-09T08:24:00","guid":{"rendered":"https:\/\/www.artfilmfest.sk\/?page_id=13094"},"modified":"2024-04-26T12:33:38","modified_gmt":"2024-04-26T10:33:38","slug":"gdpr-guest","status":"publish","type":"page","link":"https:\/\/iffartfilm.com\/en\/gdpr-guest\/","title":{"rendered":"Consent to the provision and subsequent processing of personal data (guest)"},"content":{"rendered":"<p>The processing of personal data is carried out in accordance with Article 6 of the General Data Protection Regulation (EU) 2016\/679 of the European Parliament and Council of 27 April 2016 on the protection of natural persons with regard to the processing of personal data and on the free movement of such data (hereinafter referred to as \u201cthe GDPR\u201d) and Section 13 of Act No. 18\/2018 Coll. on the protection of personal data and the amendment of certain laws (hereinafter referred to as \u201cthe Act\u201d).<\/p>\n<p><b>The person concerned, by providing their personal data via:<\/b><\/p>\n<ul>\n<li>the PRESS form at <a href=\"https:\/\/iffartfilm.com\/info\/press\">iffartfilm.com\/info\/press<\/a> and <a href=\"https:\/\/iffartfilm.com\/en\/current-edition\/press-centre\/\">iffartfilm.com\/en\/current-edition\/press-centre\/<\/a><\/li>\n<li>the FILM PROFESSIONAL form at <a href=\"https:\/\/iffartfilm.com\/info\/akreditacia-film-professional\/\">iffartfilm.com\/info\/akreditacia-film-professional\/<\/a>\u00a0and <a href=\"https:\/\/iffartfilm.com\/en\/current-edition\/film-professional-accreditation\/\">iffartfilm.com\/en\/current-edition\/film-professional-accreditation\/<\/a><\/li>\n<li>the VOLUNTEER form at <a href=\"https:\/\/iffartfilm.com\/festival\/praca-pre-aff\/\">iffartfilm.com\/festival\/praca-pre-aff\/<\/a>,<\/li>\n<li>the accreditation form at <a href=\"https:\/\/iffartfilm.com\/akreditacny-formular\">iffartfilm.com\/akreditacny-formular\/<\/a> and <a href=\"https:\/\/iffartfilm.com\/en\/accreditation\/\">iffartfilm.com\/en\/accreditation\/<\/a><\/li>\n<li>email correspondence with the festival staff,<\/li>\n<li>or telephone communication with the festival staff,<\/li>\n<\/ul>\n<p><b>voluntarily consents<\/b> to the processing of their personal data in the information system of ART FILM FEST s.r.o., Kuku\u010d\u00ednova 81\/2<br \/>\n040 01 Ko\u0161ice &#8211; mestsk\u00e1 \u010das\u0165 Juh, company ID: 48 284 254 (hereinafter referred to as \u201cthe Organizer\u201d),<\/p>\n<p><b>namely:<\/b><\/p>\n<ul>\n<li>given name, middle name, surname, titles<\/li>\n<li>headshot<\/li>\n<li>gender\/title<\/li>\n<li>year of birth<\/li>\n<li>company and position<\/li>\n<li>email address<\/li>\n<li>telephone number<\/li>\n<li>fax number<\/li>\n<li>website<\/li>\n<li>preferred language for email correspondence<\/li>\n<li>contact person\u2019s information (given name, surname, telephone number, email address)<\/li>\n<li>postal address (street, number, postcode, city, country)<\/li>\n<li>transport records<\/li>\n<li>accommodation records<\/li>\n<li>accompanying person\u2019s information (given name, surname, telephone number, email address)<\/li>\n<li>notes for internal use \u2013 information necessary for administrative purposes (e.g. personal identification number, passport number, special requests etc.)<\/li>\n<li>Industry Guide (consent to the publication, distribution and provision of the data entered into the Industry Contact List; distribution of information to target groups upon request)<\/li>\n<\/ul>\n<p><b>for the purposes of:<\/b><\/p>\n<ul>\n<li>issuing accreditation and granting access to an accompanying electronic account in the MyCinepass reservation system<\/li>\n<li>potential communication with the person concerned<\/li>\n<li>arranging transport and accommodation for the person concerned<\/li>\n<li>automatic administration of data on the person concerned during their presence at the festival IFF Art Film (administration of reservations, attendance statistics, film reviews, accommodation and transport records)<\/li>\n<\/ul>\n<p><b>for a duration of: <\/b>ten years after the provision of consent.<\/p>\n<p>If the person concerned does not consent to the provision and subsequent processing of the personal data listed above, they cannot be provided with accreditation.<\/p>\n<p><b>YOUR RIGHTS AND OTHER IMPORTANT INFORMATION<\/b><\/p>\n<p>You have the right to access the personal data you have provided; this right is best exercised via written request to the e-mail address dpo@iffartfilm.com .<\/p>\n<p>Responsible person: Peter Jur\u00e1k<\/p>\n<p>You also have the\u00a0<b>right<\/b>\u00a0to:<\/p>\n<ul>\n<li>withdraw consent at any time by means of a written withdrawal of consent sent to the e-mail address account@cinepass.sk from the registered (authorized) e-mail address of the person concerned<\/li>\n<li>request that your personal data be changed<\/li>\n<li>request to limit the processing of the personal data you have provided<\/li>\n<li>request that your personal data be erased from the Organizer\u2019s information system<\/li>\n<li>object to the processing of your personal data<\/li>\n<li>initiate proceedings under Section 100 of Act No. 18\/2018 Coll. on the protection of personal data<\/li>\n<\/ul>\n<p>You can also exercise your rights by means of a written complaint addressed to the Office for Personal Data Protection of the Slovak Republic.<\/p>\n<p>The personal data you have provided will also be sent to other categories of recipient (hereinafter referred to as \u201cthe Intermediary\u201d), namely:<\/p>\n<ul>\n<li>technical support and software development<\/li>\n<li>staff\/outside personnel<\/li>\n<\/ul>\n<p>This is for the purposes of administering the technical aspects of the data administration system and organizing the festival. Both the Organizer and the Intermediary are obliged to protect the collected personal data from accidental or unlawful damage or destruction, accidental loss, alteration, unauthorized access and availability, as well as from any other form of mishandling.<\/p>\n<p>The Organizer has no intention of transmitting the acquired personal data to third countries or international organizations.<\/p>\n","protected":false},"excerpt":{"rendered":"<p>The processing of personal data is carried out in accordance with Article 6 of the General Data Protection Regulation","protected":false},"author":2,"featured_media":0,"parent":0,"menu_order":0,"comment_status":"closed","ping_status":"closed","template":"","meta":{"_acf_changed":false,"footnotes":""},"class_list":["post-13094","page","type-page","status-publish","hentry"],"acf":[],"yoast_head":"<!-- This site is optimized with the Yoast SEO Premium plugin v27.2 (Yoast SEO v27.5) - https:\/\/yoast.com\/product\/yoast-seo-premium-wordpress\/ -->\n<title>Consent to the provision and subsequent processing of personal data (guest) &#8226; IFF ART FILM<\/title>\n<meta name=\"robots\" content=\"index, follow, max-snippet:-1, max-image-preview:large, max-video-preview:-1\" \/>\n<link rel=\"canonical\" href=\"https:\/\/iffartfilm.com\/en\/gdpr-guest\/\" \/>\n<meta property=\"og:locale\" content=\"en_US\" \/>\n<meta property=\"og:type\" content=\"article\" \/>\n<meta property=\"og:title\" content=\"Consent to the provision and subsequent processing of personal data (guest)\" \/>\n<meta property=\"og:description\" content=\"The processing of personal data is carried out in accordance with Article 6 of the General Data Protection Regulation (EU) 2016\/679 of the European\" \/>\n<meta property=\"og:url\" content=\"https:\/\/iffartfilm.com\/en\/gdpr-guest\/\" \/>\n<meta property=\"og:site_name\" content=\"IFF ART FILM\" \/>\n<meta property=\"article:publisher\" content=\"https:\/\/www.facebook.com\/IFFArtFilmKosice\" \/>\n<meta property=\"article:modified_time\" content=\"2024-04-26T10:33:38+00:00\" \/>\n<meta property=\"og:image\" content=\"https:\/\/iffartfilm.com\/wp-content\/uploads\/2023\/12\/MFF_Art_Film_24_FB_IG_1200x628.jpg\" \/>\n\t<meta property=\"og:image:width\" content=\"1200\" \/>\n\t<meta property=\"og:image:height\" content=\"628\" \/>\n\t<meta property=\"og:image:type\" content=\"image\/jpeg\" \/>\n<meta name=\"twitter:card\" content=\"summary_large_image\" \/>\n<meta name=\"twitter:site\" content=\"@ArtFilmFestSVK\" \/>\n<meta name=\"twitter:label1\" content=\"Est. reading time\" \/>\n\t<meta name=\"twitter:data1\" content=\"4 minutes\" \/>\n<script type=\"application\/ld+json\" class=\"yoast-schema-graph\">{\"@context\":\"https:\\\/\\\/schema.org\",\"@graph\":[{\"@type\":\"WebPage\",\"@id\":\"https:\\\/\\\/iffartfilm.com\\\/en\\\/gdpr-guest\\\/\",\"url\":\"https:\\\/\\\/iffartfilm.com\\\/en\\\/gdpr-guest\\\/\",\"name\":\"Consent to the provision and subsequent processing of personal data (guest) &#8226; IFF ART FILM\",\"isPartOf\":{\"@id\":\"https:\\\/\\\/iffartfilm.com\\\/en\\\/#website\"},\"datePublished\":\"2019-05-09T08:24:00+00:00\",\"dateModified\":\"2024-04-26T10:33:38+00:00\",\"breadcrumb\":{\"@id\":\"https:\\\/\\\/iffartfilm.com\\\/en\\\/gdpr-guest\\\/#breadcrumb\"},\"inLanguage\":\"en-US\",\"potentialAction\":[{\"@type\":\"ReadAction\",\"target\":[\"https:\\\/\\\/iffartfilm.com\\\/en\\\/gdpr-guest\\\/\"]}]},{\"@type\":\"BreadcrumbList\",\"@id\":\"https:\\\/\\\/iffartfilm.com\\\/en\\\/gdpr-guest\\\/#breadcrumb\",\"itemListElement\":[{\"@type\":\"ListItem\",\"position\":1,\"name\":\"Dom\u00e1ca str\u00e1nka\",\"item\":\"https:\\\/\\\/iffartfilm.com\\\/en\\\/\"},{\"@type\":\"ListItem\",\"position\":2,\"name\":\"Consent to the provision and subsequent processing of personal data (guest)\"}]},{\"@type\":\"WebSite\",\"@id\":\"https:\\\/\\\/iffartfilm.com\\\/en\\\/#website\",\"url\":\"https:\\\/\\\/iffartfilm.com\\\/en\\\/\",\"name\":\"IFF ART FILM\",\"description\":\"Medzin\u00e1rodn\u00fd filmov\u00fd festival\",\"publisher\":{\"@id\":\"https:\\\/\\\/iffartfilm.com\\\/en\\\/#organization\"},\"alternateName\":\"Art Film\",\"potentialAction\":[{\"@type\":\"SearchAction\",\"target\":{\"@type\":\"EntryPoint\",\"urlTemplate\":\"https:\\\/\\\/iffartfilm.com\\\/en\\\/?s={search_term_string}\"},\"query-input\":{\"@type\":\"PropertyValueSpecification\",\"valueRequired\":true,\"valueName\":\"search_term_string\"}}],\"inLanguage\":\"en-US\"},{\"@type\":\"Organization\",\"@id\":\"https:\\\/\\\/iffartfilm.com\\\/en\\\/#organization\",\"name\":\"ART FILM FEST, s.r.o.\",\"url\":\"https:\\\/\\\/iffartfilm.com\\\/en\\\/\",\"logo\":{\"@type\":\"ImageObject\",\"inLanguage\":\"en-US\",\"@id\":\"https:\\\/\\\/iffartfilm.com\\\/en\\\/#\\\/schema\\\/logo\\\/image\\\/\",\"url\":\"https:\\\/\\\/iffartfilm.com\\\/wp-content\\\/uploads\\\/2024\\\/11\\\/aff-cinepass-2025.png\",\"contentUrl\":\"https:\\\/\\\/iffartfilm.com\\\/wp-content\\\/uploads\\\/2024\\\/11\\\/aff-cinepass-2025.png\",\"width\":486,\"height\":215,\"caption\":\"ART FILM FEST, s.r.o.\"},\"image\":{\"@id\":\"https:\\\/\\\/iffartfilm.com\\\/en\\\/#\\\/schema\\\/logo\\\/image\\\/\"},\"sameAs\":[\"https:\\\/\\\/www.facebook.com\\\/IFFArtFilmKosice\",\"https:\\\/\\\/x.com\\\/ArtFilmFestSVK\",\"https:\\\/\\\/www.instagram.com\\\/iffartfilmkosice\\\/\",\"https:\\\/\\\/www.youtube.com\\\/user\\\/artfilmfest81\\\/\",\"https:\\\/\\\/www.linkedin.com\\\/company\\\/international-film-festival-art-film\"]}]}<\/script>\n<!-- \/ Yoast SEO Premium plugin. -->","yoast_head_json":{"title":"Consent to the provision and subsequent processing of personal data (guest) &#8226; IFF ART FILM","robots":{"index":"index","follow":"follow","max-snippet":"max-snippet:-1","max-image-preview":"max-image-preview:large","max-video-preview":"max-video-preview:-1"},"canonical":"https:\/\/iffartfilm.com\/en\/gdpr-guest\/","og_locale":"en_US","og_type":"article","og_title":"Consent to the provision and subsequent processing of personal data (guest)","og_description":"The processing of personal data is carried out in accordance with Article 6 of the General Data Protection Regulation (EU) 2016\/679 of the European","og_url":"https:\/\/iffartfilm.com\/en\/gdpr-guest\/","og_site_name":"IFF ART FILM","article_publisher":"https:\/\/www.facebook.com\/IFFArtFilmKosice","article_modified_time":"2024-04-26T10:33:38+00:00","og_image":[{"width":1200,"height":628,"url":"https:\/\/iffartfilm.com\/wp-content\/uploads\/2023\/12\/MFF_Art_Film_24_FB_IG_1200x628.jpg","type":"image\/jpeg"}],"twitter_card":"summary_large_image","twitter_site":"@ArtFilmFestSVK","twitter_misc":{"Est. reading time":"4 minutes"},"schema":{"@context":"https:\/\/schema.org","@graph":[{"@type":"WebPage","@id":"https:\/\/iffartfilm.com\/en\/gdpr-guest\/","url":"https:\/\/iffartfilm.com\/en\/gdpr-guest\/","name":"Consent to the provision and subsequent processing of personal data (guest) &#8226; IFF ART FILM","isPartOf":{"@id":"https:\/\/iffartfilm.com\/en\/#website"},"datePublished":"2019-05-09T08:24:00+00:00","dateModified":"2024-04-26T10:33:38+00:00","breadcrumb":{"@id":"https:\/\/iffartfilm.com\/en\/gdpr-guest\/#breadcrumb"},"inLanguage":"en-US","potentialAction":[{"@type":"ReadAction","target":["https:\/\/iffartfilm.com\/en\/gdpr-guest\/"]}]},{"@type":"BreadcrumbList","@id":"https:\/\/iffartfilm.com\/en\/gdpr-guest\/#breadcrumb","itemListElement":[{"@type":"ListItem","position":1,"name":"Dom\u00e1ca str\u00e1nka","item":"https:\/\/iffartfilm.com\/en\/"},{"@type":"ListItem","position":2,"name":"Consent to the provision and subsequent processing of personal data (guest)"}]},{"@type":"WebSite","@id":"https:\/\/iffartfilm.com\/en\/#website","url":"https:\/\/iffartfilm.com\/en\/","name":"IFF ART FILM","description":"Medzin\u00e1rodn\u00fd filmov\u00fd festival","publisher":{"@id":"https:\/\/iffartfilm.com\/en\/#organization"},"alternateName":"Art Film","potentialAction":[{"@type":"SearchAction","target":{"@type":"EntryPoint","urlTemplate":"https:\/\/iffartfilm.com\/en\/?s={search_term_string}"},"query-input":{"@type":"PropertyValueSpecification","valueRequired":true,"valueName":"search_term_string"}}],"inLanguage":"en-US"},{"@type":"Organization","@id":"https:\/\/iffartfilm.com\/en\/#organization","name":"ART FILM FEST, s.r.o.","url":"https:\/\/iffartfilm.com\/en\/","logo":{"@type":"ImageObject","inLanguage":"en-US","@id":"https:\/\/iffartfilm.com\/en\/#\/schema\/logo\/image\/","url":"https:\/\/iffartfilm.com\/wp-content\/uploads\/2024\/11\/aff-cinepass-2025.png","contentUrl":"https:\/\/iffartfilm.com\/wp-content\/uploads\/2024\/11\/aff-cinepass-2025.png","width":486,"height":215,"caption":"ART FILM FEST, s.r.o."},"image":{"@id":"https:\/\/iffartfilm.com\/en\/#\/schema\/logo\/image\/"},"sameAs":["https:\/\/www.facebook.com\/IFFArtFilmKosice","https:\/\/x.com\/ArtFilmFestSVK","https:\/\/www.instagram.com\/iffartfilmkosice\/","https:\/\/www.youtube.com\/user\/artfilmfest81\/","https:\/\/www.linkedin.com\/company\/international-film-festival-art-film"]}]}},"_links":{"self":[{"href":"https:\/\/iffartfilm.com\/en\/wp-json\/wp\/v2\/pages\/13094","targetHints":{"allow":["GET"]}}],"collection":[{"href":"https:\/\/iffartfilm.com\/en\/wp-json\/wp\/v2\/pages"}],"about":[{"href":"https:\/\/iffartfilm.com\/en\/wp-json\/wp\/v2\/types\/page"}],"author":[{"embeddable":true,"href":"https:\/\/iffartfilm.com\/en\/wp-json\/wp\/v2\/users\/2"}],"replies":[{"embeddable":true,"href":"https:\/\/iffartfilm.com\/en\/wp-json\/wp\/v2\/comments?post=13094"}],"version-history":[{"count":0,"href":"https:\/\/iffartfilm.com\/en\/wp-json\/wp\/v2\/pages\/13094\/revisions"}],"wp:attachment":[{"href":"https:\/\/iffartfilm.com\/en\/wp-json\/wp\/v2\/media?parent=13094"}],"curies":[{"name":"wp","href":"https:\/\/api.w.org\/{rel}","templated":true}]}}