{"id":12103,"date":"2018-06-20T20:42:00","date_gmt":"2018-06-20T18:42:00","guid":{"rendered":"https:\/\/www.artfilmfest.sk\/?page_id=12103"},"modified":"2025-05-27T11:45:45","modified_gmt":"2025-05-27T09:45:45","slug":"programme-sections","status":"publish","type":"page","link":"https:\/\/iffartfilm.com\/en\/current-edition\/programme-sections\/","title":{"rendered":"Programme sections"},"content":{"rendered":"<div class=\"wpb-content-wrapper\"><p>[vc_row][vc_column][vc_column_text css=&#8221;&#8221;]<\/p>\n<h2>IFF ART FILM KO\u0160ICE 2025<br \/>\n(20. \u00a0\u0336\u00a0 27. june 2025)<\/h2>\n<p>[\/vc_column_text][vc_empty_space][vc_column_text css=&#8221;&#8221;]<\/p>\n<ol>\n<li><strong>International Competition of Feature Films<br \/>\n<\/strong>(feature films over 60 min. with copyright after 1 January 2024)<br \/>\nProgrammer: Martin Pal\u00fach<\/li>\n<\/ol>\n<ol start=\"2\">\n<li><strong>International Competition of Short Films<br \/>\n<\/strong>(short films up to 30 min. with copyright after 1 January 2024)<br \/>\nProgrammer: Martin Ka\u0148uch<\/li>\n<\/ol>\n<ol start=\"3\">\n<li><strong>International Competition of Central and Eastern European Films<br \/>\n<\/strong>(feature, documentary, and animated films over 60 min. with copyright after 1 January 2024)<br \/>\nProgrammer: Viera Langerov\u00e1<\/li>\n<\/ol>\n<ol start=\"4\">\n<li><strong>Panorama<br \/>\n<\/strong>(a selection of contemporary works from around the world)<br \/>\nProgrammer: Krist\u00edna K\u00fadelov\u00e1<br \/>\n<strong>Panorama Documentaries<br \/>\n<\/strong>Programmers: Ivana Petr\u00edkov\u00e1, Magdal\u00e9na Mezoughi<\/li>\n<\/ol>\n<ol start=\"5\">\n<li><strong>Love &amp; Anarchy<br \/>\n<\/strong>(a selection of formally and thematically radical films)<br \/>\nProgrammer: Martin Ciel<\/li>\n<\/ol>\n<ol start=\"6\">\n<li><strong>Slovak Season<br \/>\n<\/strong>(a premiere of Slovak films)<br \/>\nProgrammer: Martin Pal\u00fach<\/li>\n<\/ol>\n<ol start=\"7\">\n<li><strong>Late Night Show<br \/>\n<\/strong>(a genre mash-up full of adrenaline, suspense, and cinematic playfulness)<br \/>\nProgrammers: Ivana Petr\u00edkov\u00e1, Magdal\u00e9na Mezoughi<\/li>\n<\/ol>\n<ol start=\"8\">\n<li><strong>Gy\u00f6rgy Krist\u00f3f Presents<br \/>\n<\/strong>(the renowned filmmaker introduces his favourite films and their creators)<br \/>\nProgrammer: Gy\u00f6rgy Krist\u00f3f<\/li>\n<\/ol>\n<ol start=\"9\">\n<li><strong>SFI: Our Family Film Treasures<br \/>\n<\/strong>(a selection of films from the Golden Fund of Slovak Cinematography, digitally restored by the Slovak Film Institute)<br \/>\nProgrammers: Martin Ka\u0148uch, Mari\u00e1n Hausner<\/li>\n<\/ol>\n<ol start=\"10\">\n<li><strong>Movies for Kids<br \/>\n<\/strong>(films for children aged 7-15)<br \/>\nProgrammer: Ivana Petr\u00edkov\u00e1<\/li>\n<\/ol>\n<ol start=\"11\">\n<li><strong>Colours, Flavours and Songs of India<br \/>\n<\/strong>(the contemporary Indian commercial and festival production)<br \/>\nProgrammer: Martin Pal\u00fach<\/li>\n<\/ol>\n<ol start=\"12\">\n<li><strong>Sunlight Through Clouds: Contemporary Chinese Cinema<br \/>\n<\/strong>Programmers: Thom Palmen, Ting Wang<\/li>\n<\/ol>\n<p><strong><em>\u00a0<\/em><\/strong><\/p>\n<p><strong><em>Tributes:<\/em><\/strong><\/p>\n<ul>\n<li><strong>Actor\u2019s Mission<br \/>\n<\/strong>(a tribute to actors)<br \/>\nProgrammer: Martin Pal\u00fach<\/li>\n<\/ul>\n<ul>\n<li><strong>Golden Camera<br \/>\n<\/strong>(an appreciation of film professionals)<br \/>\nProgrammer: Martin Pal\u00fach<\/li>\n<\/ul>\n<ul>\n<li><strong>Milan Lasica Award<br \/>\n<\/strong>(tribute to Ivan Mistr\u00edk, laureate of this award)<br \/>\nProgrammer: Martin Pal\u00fach<\/li>\n<\/ul>\n<p>[\/vc_column_text][\/vc_column][\/vc_row]<\/p>\n<\/div>","protected":false},"excerpt":{"rendered":"<p>[vc_row][vc_column][vc_column_text css=&#8221;&#8221;] IFF ART FILM KO\u0160ICE 2025 (20. \u00a0\u0336\u00a0 27. june 2025) [\/vc_column_text][vc_empty_space][vc_column_text","protected":false},"author":2,"featured_media":20116,"parent":8397,"menu_order":0,"comment_status":"closed","ping_status":"closed","template":"","meta":{"_acf_changed":false,"footnotes":""},"class_list":["post-12103","page","type-page","status-publish","has-post-thumbnail","hentry"],"acf":[],"yoast_head":"<!-- This site is optimized with the Yoast SEO Premium plugin v27.2 (Yoast SEO v27.4) - https:\/\/yoast.com\/product\/yoast-seo-premium-wordpress\/ -->\n<title>Programme sections &#8226; IFF ART FILM<\/title>\n<meta name=\"robots\" content=\"index, follow, max-snippet:-1, max-image-preview:large, max-video-preview:-1\" \/>\n<link rel=\"canonical\" href=\"https:\/\/iffartfilm.com\/en\/current-edition\/programme-sections\/\" \/>\n<meta property=\"og:locale\" content=\"en_US\" \/>\n<meta property=\"og:type\" content=\"article\" \/>\n<meta property=\"og:title\" content=\"Programme sections\" \/>\n<meta property=\"og:description\" content=\"IFF ART FILM KO\u0160ICE 2025 (20. \u00a0\u0336\u00a0 27. june 2025) International Competition of Feature Films (feature films over 60 min. with copyright after 1 January\" \/>\n<meta property=\"og:url\" content=\"https:\/\/iffartfilm.com\/en\/current-edition\/programme-sections\/\" \/>\n<meta property=\"og:site_name\" content=\"IFF ART FILM\" \/>\n<meta property=\"article:publisher\" content=\"https:\/\/www.facebook.com\/IFFArtFilmKosice\" \/>\n<meta property=\"article:modified_time\" content=\"2025-05-27T09:45:45+00:00\" \/>\n<meta property=\"og:image\" content=\"https:\/\/iffartfilm.com\/wp-content\/uploads\/2020\/01\/AFF_web_okienka_.jpg\" \/>\n\t<meta property=\"og:image:width\" content=\"800\" \/>\n\t<meta property=\"og:image:height\" content=\"400\" \/>\n\t<meta property=\"og:image:type\" content=\"image\/jpeg\" \/>\n<meta name=\"twitter:card\" content=\"summary_large_image\" \/>\n<meta name=\"twitter:site\" content=\"@ArtFilmFestSVK\" \/>\n<meta name=\"twitter:label1\" content=\"Est. reading time\" \/>\n\t<meta name=\"twitter:data1\" content=\"2 minutes\" \/>\n<script type=\"application\/ld+json\" class=\"yoast-schema-graph\">{\"@context\":\"https:\\\/\\\/schema.org\",\"@graph\":[{\"@type\":\"WebPage\",\"@id\":\"https:\\\/\\\/iffartfilm.com\\\/en\\\/current-edition\\\/programme-sections\\\/\",\"url\":\"https:\\\/\\\/iffartfilm.com\\\/en\\\/current-edition\\\/programme-sections\\\/\",\"name\":\"Programme sections &#8226; IFF ART FILM\",\"isPartOf\":{\"@id\":\"https:\\\/\\\/iffartfilm.com\\\/en\\\/#website\"},\"primaryImageOfPage\":{\"@id\":\"https:\\\/\\\/iffartfilm.com\\\/en\\\/current-edition\\\/programme-sections\\\/#primaryimage\"},\"image\":{\"@id\":\"https:\\\/\\\/iffartfilm.com\\\/en\\\/current-edition\\\/programme-sections\\\/#primaryimage\"},\"thumbnailUrl\":\"https:\\\/\\\/iffartfilm.com\\\/wp-content\\\/uploads\\\/2020\\\/01\\\/AFF_web_okienka_.jpg\",\"datePublished\":\"2018-06-20T18:42:00+00:00\",\"dateModified\":\"2025-05-27T09:45:45+00:00\",\"breadcrumb\":{\"@id\":\"https:\\\/\\\/iffartfilm.com\\\/en\\\/current-edition\\\/programme-sections\\\/#breadcrumb\"},\"inLanguage\":\"en-US\",\"potentialAction\":[{\"@type\":\"ReadAction\",\"target\":[\"https:\\\/\\\/iffartfilm.com\\\/en\\\/current-edition\\\/programme-sections\\\/\"]}]},{\"@type\":\"ImageObject\",\"inLanguage\":\"en-US\",\"@id\":\"https:\\\/\\\/iffartfilm.com\\\/en\\\/current-edition\\\/programme-sections\\\/#primaryimage\",\"url\":\"https:\\\/\\\/iffartfilm.com\\\/wp-content\\\/uploads\\\/2020\\\/01\\\/AFF_web_okienka_.jpg\",\"contentUrl\":\"https:\\\/\\\/iffartfilm.com\\\/wp-content\\\/uploads\\\/2020\\\/01\\\/AFF_web_okienka_.jpg\",\"width\":800,\"height\":400},{\"@type\":\"BreadcrumbList\",\"@id\":\"https:\\\/\\\/iffartfilm.com\\\/en\\\/current-edition\\\/programme-sections\\\/#breadcrumb\",\"itemListElement\":[{\"@type\":\"ListItem\",\"position\":1,\"name\":\"Dom\u00e1ca str\u00e1nka\",\"item\":\"https:\\\/\\\/iffartfilm.com\\\/en\\\/\"},{\"@type\":\"ListItem\",\"position\":2,\"name\":\"IFF ART FILM 2025\",\"item\":\"https:\\\/\\\/iffartfilm.com\\\/en\\\/current-edition\\\/\"},{\"@type\":\"ListItem\",\"position\":3,\"name\":\"Programme sections\"}]},{\"@type\":\"WebSite\",\"@id\":\"https:\\\/\\\/iffartfilm.com\\\/en\\\/#website\",\"url\":\"https:\\\/\\\/iffartfilm.com\\\/en\\\/\",\"name\":\"IFF ART FILM\",\"description\":\"Medzin\u00e1rodn\u00fd filmov\u00fd festival\",\"publisher\":{\"@id\":\"https:\\\/\\\/iffartfilm.com\\\/en\\\/#organization\"},\"alternateName\":\"Art Film\",\"potentialAction\":[{\"@type\":\"SearchAction\",\"target\":{\"@type\":\"EntryPoint\",\"urlTemplate\":\"https:\\\/\\\/iffartfilm.com\\\/en\\\/?s={search_term_string}\"},\"query-input\":{\"@type\":\"PropertyValueSpecification\",\"valueRequired\":true,\"valueName\":\"search_term_string\"}}],\"inLanguage\":\"en-US\"},{\"@type\":\"Organization\",\"@id\":\"https:\\\/\\\/iffartfilm.com\\\/en\\\/#organization\",\"name\":\"ART FILM FEST, s.r.o.\",\"url\":\"https:\\\/\\\/iffartfilm.com\\\/en\\\/\",\"logo\":{\"@type\":\"ImageObject\",\"inLanguage\":\"en-US\",\"@id\":\"https:\\\/\\\/iffartfilm.com\\\/en\\\/#\\\/schema\\\/logo\\\/image\\\/\",\"url\":\"https:\\\/\\\/iffartfilm.com\\\/wp-content\\\/uploads\\\/2024\\\/11\\\/aff-cinepass-2025.png\",\"contentUrl\":\"https:\\\/\\\/iffartfilm.com\\\/wp-content\\\/uploads\\\/2024\\\/11\\\/aff-cinepass-2025.png\",\"width\":486,\"height\":215,\"caption\":\"ART FILM FEST, s.r.o.\"},\"image\":{\"@id\":\"https:\\\/\\\/iffartfilm.com\\\/en\\\/#\\\/schema\\\/logo\\\/image\\\/\"},\"sameAs\":[\"https:\\\/\\\/www.facebook.com\\\/IFFArtFilmKosice\",\"https:\\\/\\\/x.com\\\/ArtFilmFestSVK\",\"https:\\\/\\\/www.instagram.com\\\/iffartfilmkosice\\\/\",\"https:\\\/\\\/www.youtube.com\\\/user\\\/artfilmfest81\\\/\",\"https:\\\/\\\/www.linkedin.com\\\/company\\\/international-film-festival-art-film\"]}]}<\/script>\n<!-- \/ Yoast SEO Premium plugin. -->","yoast_head_json":{"title":"Programme sections &#8226; IFF ART FILM","robots":{"index":"index","follow":"follow","max-snippet":"max-snippet:-1","max-image-preview":"max-image-preview:large","max-video-preview":"max-video-preview:-1"},"canonical":"https:\/\/iffartfilm.com\/en\/current-edition\/programme-sections\/","og_locale":"en_US","og_type":"article","og_title":"Programme sections","og_description":"IFF ART FILM KO\u0160ICE 2025 (20. \u00a0\u0336\u00a0 27. june 2025) International Competition of Feature Films (feature films over 60 min. with copyright after 1 January","og_url":"https:\/\/iffartfilm.com\/en\/current-edition\/programme-sections\/","og_site_name":"IFF ART FILM","article_publisher":"https:\/\/www.facebook.com\/IFFArtFilmKosice","article_modified_time":"2025-05-27T09:45:45+00:00","og_image":[{"width":800,"height":400,"url":"https:\/\/iffartfilm.com\/wp-content\/uploads\/2020\/01\/AFF_web_okienka_.jpg","type":"image\/jpeg"}],"twitter_card":"summary_large_image","twitter_site":"@ArtFilmFestSVK","twitter_misc":{"Est. reading time":"2 minutes"},"schema":{"@context":"https:\/\/schema.org","@graph":[{"@type":"WebPage","@id":"https:\/\/iffartfilm.com\/en\/current-edition\/programme-sections\/","url":"https:\/\/iffartfilm.com\/en\/current-edition\/programme-sections\/","name":"Programme sections &#8226; IFF ART FILM","isPartOf":{"@id":"https:\/\/iffartfilm.com\/en\/#website"},"primaryImageOfPage":{"@id":"https:\/\/iffartfilm.com\/en\/current-edition\/programme-sections\/#primaryimage"},"image":{"@id":"https:\/\/iffartfilm.com\/en\/current-edition\/programme-sections\/#primaryimage"},"thumbnailUrl":"https:\/\/iffartfilm.com\/wp-content\/uploads\/2020\/01\/AFF_web_okienka_.jpg","datePublished":"2018-06-20T18:42:00+00:00","dateModified":"2025-05-27T09:45:45+00:00","breadcrumb":{"@id":"https:\/\/iffartfilm.com\/en\/current-edition\/programme-sections\/#breadcrumb"},"inLanguage":"en-US","potentialAction":[{"@type":"ReadAction","target":["https:\/\/iffartfilm.com\/en\/current-edition\/programme-sections\/"]}]},{"@type":"ImageObject","inLanguage":"en-US","@id":"https:\/\/iffartfilm.com\/en\/current-edition\/programme-sections\/#primaryimage","url":"https:\/\/iffartfilm.com\/wp-content\/uploads\/2020\/01\/AFF_web_okienka_.jpg","contentUrl":"https:\/\/iffartfilm.com\/wp-content\/uploads\/2020\/01\/AFF_web_okienka_.jpg","width":800,"height":400},{"@type":"BreadcrumbList","@id":"https:\/\/iffartfilm.com\/en\/current-edition\/programme-sections\/#breadcrumb","itemListElement":[{"@type":"ListItem","position":1,"name":"Dom\u00e1ca str\u00e1nka","item":"https:\/\/iffartfilm.com\/en\/"},{"@type":"ListItem","position":2,"name":"IFF ART FILM 2025","item":"https:\/\/iffartfilm.com\/en\/current-edition\/"},{"@type":"ListItem","position":3,"name":"Programme sections"}]},{"@type":"WebSite","@id":"https:\/\/iffartfilm.com\/en\/#website","url":"https:\/\/iffartfilm.com\/en\/","name":"IFF ART FILM","description":"Medzin\u00e1rodn\u00fd filmov\u00fd festival","publisher":{"@id":"https:\/\/iffartfilm.com\/en\/#organization"},"alternateName":"Art Film","potentialAction":[{"@type":"SearchAction","target":{"@type":"EntryPoint","urlTemplate":"https:\/\/iffartfilm.com\/en\/?s={search_term_string}"},"query-input":{"@type":"PropertyValueSpecification","valueRequired":true,"valueName":"search_term_string"}}],"inLanguage":"en-US"},{"@type":"Organization","@id":"https:\/\/iffartfilm.com\/en\/#organization","name":"ART FILM FEST, s.r.o.","url":"https:\/\/iffartfilm.com\/en\/","logo":{"@type":"ImageObject","inLanguage":"en-US","@id":"https:\/\/iffartfilm.com\/en\/#\/schema\/logo\/image\/","url":"https:\/\/iffartfilm.com\/wp-content\/uploads\/2024\/11\/aff-cinepass-2025.png","contentUrl":"https:\/\/iffartfilm.com\/wp-content\/uploads\/2024\/11\/aff-cinepass-2025.png","width":486,"height":215,"caption":"ART FILM FEST, s.r.o."},"image":{"@id":"https:\/\/iffartfilm.com\/en\/#\/schema\/logo\/image\/"},"sameAs":["https:\/\/www.facebook.com\/IFFArtFilmKosice","https:\/\/x.com\/ArtFilmFestSVK","https:\/\/www.instagram.com\/iffartfilmkosice\/","https:\/\/www.youtube.com\/user\/artfilmfest81\/","https:\/\/www.linkedin.com\/company\/international-film-festival-art-film"]}]}},"_links":{"self":[{"href":"https:\/\/iffartfilm.com\/en\/wp-json\/wp\/v2\/pages\/12103","targetHints":{"allow":["GET"]}}],"collection":[{"href":"https:\/\/iffartfilm.com\/en\/wp-json\/wp\/v2\/pages"}],"about":[{"href":"https:\/\/iffartfilm.com\/en\/wp-json\/wp\/v2\/types\/page"}],"author":[{"embeddable":true,"href":"https:\/\/iffartfilm.com\/en\/wp-json\/wp\/v2\/users\/2"}],"replies":[{"embeddable":true,"href":"https:\/\/iffartfilm.com\/en\/wp-json\/wp\/v2\/comments?post=12103"}],"version-history":[{"count":0,"href":"https:\/\/iffartfilm.com\/en\/wp-json\/wp\/v2\/pages\/12103\/revisions"}],"up":[{"embeddable":true,"href":"https:\/\/iffartfilm.com\/en\/wp-json\/wp\/v2\/pages\/8397"}],"wp:featuredmedia":[{"embeddable":true,"href":"https:\/\/iffartfilm.com\/en\/wp-json\/wp\/v2\/media\/20116"}],"wp:attachment":[{"href":"https:\/\/iffartfilm.com\/en\/wp-json\/wp\/v2\/media?parent=12103"}],"curies":[{"name":"wp","href":"https:\/\/api.w.org\/{rel}","templated":true}]}}