{"id":11991,"date":"2018-06-19T22:51:18","date_gmt":"2018-06-19T20:51:18","guid":{"rendered":"https:\/\/www.artfilmfest.sk\/?page_id=11991"},"modified":"2025-07-15T12:32:42","modified_gmt":"2025-07-15T10:32:42","slug":"programme","status":"publish","type":"page","link":"https:\/\/iffartfilm.com\/en\/current-edition\/programme\/","title":{"rendered":"Programme"},"content":{"rendered":"<div class=\"wpb-content-wrapper\"><p>[vc_row][vc_column][vc_column_text]<\/p>\n<p>[\/vc_column_text][\/vc_column][\/vc_row][vc_row][vc_column][vc_column_text css=&#8221;&#8221;]<\/p>\n<h1><em>IFF Art Film 2025<\/em> Programme<\/h1>\n<p>Clicking on the link below will redirect you to the MyCinepass reservation system, where you will find IFF Art Film complete selection of films, screenings and accompanying events.<\/p>\n<p>The online reservation system features comprehensive information on the programme, offers single-entry tickets for purchase and, if you register and log in, allows you to buy discount cinepasses which grant you unlimited entries to festival cinemas for the duration of their validity. Logging in activates various extended features that assist you in navigating the festival programme and managing your reservations.[\/vc_column_text][\/vc_column][\/vc_row][vc_row][vc_column][vc_btn title=&#8221;PROGRAMME (MyCinepass)&#8221; color=&#8221;juicy-pink&#8221; align=&#8221;center&#8221; i_align=&#8221;right&#8221; i_icon_fontawesome=&#8221;&#8221; button_block=&#8221;true&#8221; add_icon=&#8221;true&#8221; link=&#8221;url:https%3A%2F%2Faff.cinepass.sk%2Fen%2Ftickets%2F|target:_blank&#8221;][vc_empty_space height=&#8221;10px&#8221;][vc_btn title=&#8221;LIST OF FILMS (MyCinepass)&#8221; align=&#8221;center&#8221; i_align=&#8221;right&#8221; i_icon_fontawesome=&#8221;&#8221; button_block=&#8221;true&#8221; add_icon=&#8221;true&#8221; link=&#8221;url:https%3A%2F%2Faff.cinepass.sk%2Fen%2Fmovies%2F|target:_blank&#8221;][vc_empty_space height=&#8221;10px&#8221;][vc_btn title=&#8221;ACCOMPANYING EVENTS (MyCinepass)&#8221; align=&#8221;center&#8221; i_align=&#8221;right&#8221; i_icon_fontawesome=&#8221;&#8221; css=&#8221;&#8221; button_block=&#8221;true&#8221; add_icon=&#8221;true&#8221; link=&#8221;url:https%3A%2F%2Faff.cinepass.sk%2Fsk%2Faccompanying-events%2F|target:_blank&#8221;][vc_empty_space][vc_column_text]<strong>Additional info:<\/strong>[\/vc_column_text][vc_btn title=&#8221;Programme brochure (PDF) &#8211; 6Mb&#8221; align=&#8221;center&#8221; css=&#8221;&#8221; button_block=&#8221;true&#8221; link=&#8221;url:%2Fwp-content%2Fuploads%2F2025%2F07%2FIFF_Art_Film_25_bulletin-2025.pdf|target:_blank&#8221;][vc_empty_space height=&#8221;10px&#8221;][vc_btn title=&#8221;Film catalogue (PDF) &#8211; 35Mb&#8221; align=&#8221;center&#8221; css=&#8221;&#8221; button_block=&#8221;true&#8221; link=&#8221;url:%2Fwp-content%2Fuploads%2F2025%2F07%2FIFF_Art_Film_25_katalog-2025-v3.pdf|target:_blank&#8221;][vc_empty_space height=&#8221;10px&#8221;][vc_btn title=&#8221;Programme sections&#8221; align=&#8221;center&#8221; button_block=&#8221;true&#8221; link=&#8221;url:%2Fen%2Fcurrent-edition%2Fprogramme-sections%2F||target:%20_blank|&#8221;][vc_empty_space height=&#8221;10px&#8221;][\/vc_column][\/vc_row][vc_row disable_element=&#8221;yes&#8221;][vc_column][vc_message hide_element=&#8221;true&#8221;]The catalogue will also be published in printed form and will be available for purchase at any point of sale during the festival. Owners of CLASSIC, SENIOR and DISABLED CINEPASSES are entitled to receive the catalogue free of charge.[\/vc_message][\/vc_column][\/vc_row][vc_row][vc_column][\/vc_column][\/vc_row][vc_row][vc_column][vc_column_text]<\/p>\n<p>[\/vc_column_text][\/vc_column][\/vc_row]<\/p>\n<\/div>","protected":false},"excerpt":{"rendered":"<p>[vc_row][vc_column][vc_column_text] [\/vc_column_text][\/vc_column][\/vc_row][vc_row][vc_column][vc_column_text css=&#8221;&#8221;]","protected":false},"author":2,"featured_media":26081,"parent":8397,"menu_order":0,"comment_status":"closed","ping_status":"closed","template":"","meta":{"_acf_changed":false,"footnotes":""},"class_list":["post-11991","page","type-page","status-publish","has-post-thumbnail","hentry"],"acf":[],"yoast_head":"<!-- This site is optimized with the Yoast SEO Premium plugin v27.2 (Yoast SEO v27.4) - https:\/\/yoast.com\/product\/yoast-seo-premium-wordpress\/ -->\n<title>Programme &#8226; IFF ART FILM<\/title>\n<meta name=\"robots\" content=\"index, follow, max-snippet:-1, max-image-preview:large, max-video-preview:-1\" \/>\n<link rel=\"canonical\" href=\"https:\/\/iffartfilm.com\/en\/current-edition\/programme\/\" \/>\n<meta property=\"og:locale\" content=\"en_US\" \/>\n<meta property=\"og:type\" content=\"article\" \/>\n<meta property=\"og:title\" content=\"Programme\" \/>\n<meta property=\"og:description\" content=\"IFF Art Film 2025 Programme Clicking on the link below will redirect you to the MyCinepass reservation system, where you will find IFF Art Film complete\" \/>\n<meta property=\"og:url\" content=\"https:\/\/iffartfilm.com\/en\/current-edition\/programme\/\" \/>\n<meta property=\"og:site_name\" content=\"IFF ART FILM\" \/>\n<meta property=\"article:publisher\" content=\"https:\/\/www.facebook.com\/IFFArtFilmKosice\" \/>\n<meta property=\"article:modified_time\" content=\"2025-07-15T10:32:42+00:00\" \/>\n<meta property=\"og:image\" content=\"https:\/\/iffartfilm.com\/wp-content\/uploads\/2020\/02\/AFF_web_okienka_doplnenie07.jpg\" \/>\n\t<meta property=\"og:image:width\" content=\"800\" \/>\n\t<meta property=\"og:image:height\" content=\"400\" \/>\n\t<meta property=\"og:image:type\" content=\"image\/jpeg\" \/>\n<meta name=\"twitter:card\" content=\"summary_large_image\" \/>\n<meta name=\"twitter:site\" content=\"@ArtFilmFestSVK\" \/>\n<meta name=\"twitter:label1\" content=\"Est. reading time\" \/>\n\t<meta name=\"twitter:data1\" content=\"2 minutes\" \/>\n<script type=\"application\/ld+json\" class=\"yoast-schema-graph\">{\"@context\":\"https:\\\/\\\/schema.org\",\"@graph\":[{\"@type\":\"WebPage\",\"@id\":\"https:\\\/\\\/iffartfilm.com\\\/en\\\/current-edition\\\/programme\\\/\",\"url\":\"https:\\\/\\\/iffartfilm.com\\\/en\\\/current-edition\\\/programme\\\/\",\"name\":\"Programme &#8226; IFF ART FILM\",\"isPartOf\":{\"@id\":\"https:\\\/\\\/iffartfilm.com\\\/en\\\/#website\"},\"primaryImageOfPage\":{\"@id\":\"https:\\\/\\\/iffartfilm.com\\\/en\\\/current-edition\\\/programme\\\/#primaryimage\"},\"image\":{\"@id\":\"https:\\\/\\\/iffartfilm.com\\\/en\\\/current-edition\\\/programme\\\/#primaryimage\"},\"thumbnailUrl\":\"https:\\\/\\\/iffartfilm.com\\\/wp-content\\\/uploads\\\/2020\\\/02\\\/AFF_web_okienka_doplnenie07.jpg\",\"datePublished\":\"2018-06-19T20:51:18+00:00\",\"dateModified\":\"2025-07-15T10:32:42+00:00\",\"breadcrumb\":{\"@id\":\"https:\\\/\\\/iffartfilm.com\\\/en\\\/current-edition\\\/programme\\\/#breadcrumb\"},\"inLanguage\":\"en-US\",\"potentialAction\":[{\"@type\":\"ReadAction\",\"target\":[\"https:\\\/\\\/iffartfilm.com\\\/en\\\/current-edition\\\/programme\\\/\"]}]},{\"@type\":\"ImageObject\",\"inLanguage\":\"en-US\",\"@id\":\"https:\\\/\\\/iffartfilm.com\\\/en\\\/current-edition\\\/programme\\\/#primaryimage\",\"url\":\"https:\\\/\\\/iffartfilm.com\\\/wp-content\\\/uploads\\\/2020\\\/02\\\/AFF_web_okienka_doplnenie07.jpg\",\"contentUrl\":\"https:\\\/\\\/iffartfilm.com\\\/wp-content\\\/uploads\\\/2020\\\/02\\\/AFF_web_okienka_doplnenie07.jpg\",\"width\":800,\"height\":400},{\"@type\":\"BreadcrumbList\",\"@id\":\"https:\\\/\\\/iffartfilm.com\\\/en\\\/current-edition\\\/programme\\\/#breadcrumb\",\"itemListElement\":[{\"@type\":\"ListItem\",\"position\":1,\"name\":\"Dom\u00e1ca str\u00e1nka\",\"item\":\"https:\\\/\\\/iffartfilm.com\\\/en\\\/\"},{\"@type\":\"ListItem\",\"position\":2,\"name\":\"IFF ART FILM 2025\",\"item\":\"https:\\\/\\\/iffartfilm.com\\\/en\\\/current-edition\\\/\"},{\"@type\":\"ListItem\",\"position\":3,\"name\":\"Programme\"}]},{\"@type\":\"WebSite\",\"@id\":\"https:\\\/\\\/iffartfilm.com\\\/en\\\/#website\",\"url\":\"https:\\\/\\\/iffartfilm.com\\\/en\\\/\",\"name\":\"IFF ART FILM\",\"description\":\"Medzin\u00e1rodn\u00fd filmov\u00fd festival\",\"publisher\":{\"@id\":\"https:\\\/\\\/iffartfilm.com\\\/en\\\/#organization\"},\"alternateName\":\"Art Film\",\"potentialAction\":[{\"@type\":\"SearchAction\",\"target\":{\"@type\":\"EntryPoint\",\"urlTemplate\":\"https:\\\/\\\/iffartfilm.com\\\/en\\\/?s={search_term_string}\"},\"query-input\":{\"@type\":\"PropertyValueSpecification\",\"valueRequired\":true,\"valueName\":\"search_term_string\"}}],\"inLanguage\":\"en-US\"},{\"@type\":\"Organization\",\"@id\":\"https:\\\/\\\/iffartfilm.com\\\/en\\\/#organization\",\"name\":\"ART FILM FEST, s.r.o.\",\"url\":\"https:\\\/\\\/iffartfilm.com\\\/en\\\/\",\"logo\":{\"@type\":\"ImageObject\",\"inLanguage\":\"en-US\",\"@id\":\"https:\\\/\\\/iffartfilm.com\\\/en\\\/#\\\/schema\\\/logo\\\/image\\\/\",\"url\":\"https:\\\/\\\/iffartfilm.com\\\/wp-content\\\/uploads\\\/2024\\\/11\\\/aff-cinepass-2025.png\",\"contentUrl\":\"https:\\\/\\\/iffartfilm.com\\\/wp-content\\\/uploads\\\/2024\\\/11\\\/aff-cinepass-2025.png\",\"width\":486,\"height\":215,\"caption\":\"ART FILM FEST, s.r.o.\"},\"image\":{\"@id\":\"https:\\\/\\\/iffartfilm.com\\\/en\\\/#\\\/schema\\\/logo\\\/image\\\/\"},\"sameAs\":[\"https:\\\/\\\/www.facebook.com\\\/IFFArtFilmKosice\",\"https:\\\/\\\/x.com\\\/ArtFilmFestSVK\",\"https:\\\/\\\/www.instagram.com\\\/iffartfilmkosice\\\/\",\"https:\\\/\\\/www.youtube.com\\\/user\\\/artfilmfest81\\\/\",\"https:\\\/\\\/www.linkedin.com\\\/company\\\/international-film-festival-art-film\"]}]}<\/script>\n<!-- \/ Yoast SEO Premium plugin. -->","yoast_head_json":{"title":"Programme &#8226; IFF ART FILM","robots":{"index":"index","follow":"follow","max-snippet":"max-snippet:-1","max-image-preview":"max-image-preview:large","max-video-preview":"max-video-preview:-1"},"canonical":"https:\/\/iffartfilm.com\/en\/current-edition\/programme\/","og_locale":"en_US","og_type":"article","og_title":"Programme","og_description":"IFF Art Film 2025 Programme Clicking on the link below will redirect you to the MyCinepass reservation system, where you will find IFF Art Film complete","og_url":"https:\/\/iffartfilm.com\/en\/current-edition\/programme\/","og_site_name":"IFF ART FILM","article_publisher":"https:\/\/www.facebook.com\/IFFArtFilmKosice","article_modified_time":"2025-07-15T10:32:42+00:00","og_image":[{"width":800,"height":400,"url":"https:\/\/iffartfilm.com\/wp-content\/uploads\/2020\/02\/AFF_web_okienka_doplnenie07.jpg","type":"image\/jpeg"}],"twitter_card":"summary_large_image","twitter_site":"@ArtFilmFestSVK","twitter_misc":{"Est. reading time":"2 minutes"},"schema":{"@context":"https:\/\/schema.org","@graph":[{"@type":"WebPage","@id":"https:\/\/iffartfilm.com\/en\/current-edition\/programme\/","url":"https:\/\/iffartfilm.com\/en\/current-edition\/programme\/","name":"Programme &#8226; IFF ART FILM","isPartOf":{"@id":"https:\/\/iffartfilm.com\/en\/#website"},"primaryImageOfPage":{"@id":"https:\/\/iffartfilm.com\/en\/current-edition\/programme\/#primaryimage"},"image":{"@id":"https:\/\/iffartfilm.com\/en\/current-edition\/programme\/#primaryimage"},"thumbnailUrl":"https:\/\/iffartfilm.com\/wp-content\/uploads\/2020\/02\/AFF_web_okienka_doplnenie07.jpg","datePublished":"2018-06-19T20:51:18+00:00","dateModified":"2025-07-15T10:32:42+00:00","breadcrumb":{"@id":"https:\/\/iffartfilm.com\/en\/current-edition\/programme\/#breadcrumb"},"inLanguage":"en-US","potentialAction":[{"@type":"ReadAction","target":["https:\/\/iffartfilm.com\/en\/current-edition\/programme\/"]}]},{"@type":"ImageObject","inLanguage":"en-US","@id":"https:\/\/iffartfilm.com\/en\/current-edition\/programme\/#primaryimage","url":"https:\/\/iffartfilm.com\/wp-content\/uploads\/2020\/02\/AFF_web_okienka_doplnenie07.jpg","contentUrl":"https:\/\/iffartfilm.com\/wp-content\/uploads\/2020\/02\/AFF_web_okienka_doplnenie07.jpg","width":800,"height":400},{"@type":"BreadcrumbList","@id":"https:\/\/iffartfilm.com\/en\/current-edition\/programme\/#breadcrumb","itemListElement":[{"@type":"ListItem","position":1,"name":"Dom\u00e1ca str\u00e1nka","item":"https:\/\/iffartfilm.com\/en\/"},{"@type":"ListItem","position":2,"name":"IFF ART FILM 2025","item":"https:\/\/iffartfilm.com\/en\/current-edition\/"},{"@type":"ListItem","position":3,"name":"Programme"}]},{"@type":"WebSite","@id":"https:\/\/iffartfilm.com\/en\/#website","url":"https:\/\/iffartfilm.com\/en\/","name":"IFF ART FILM","description":"Medzin\u00e1rodn\u00fd filmov\u00fd festival","publisher":{"@id":"https:\/\/iffartfilm.com\/en\/#organization"},"alternateName":"Art Film","potentialAction":[{"@type":"SearchAction","target":{"@type":"EntryPoint","urlTemplate":"https:\/\/iffartfilm.com\/en\/?s={search_term_string}"},"query-input":{"@type":"PropertyValueSpecification","valueRequired":true,"valueName":"search_term_string"}}],"inLanguage":"en-US"},{"@type":"Organization","@id":"https:\/\/iffartfilm.com\/en\/#organization","name":"ART FILM FEST, s.r.o.","url":"https:\/\/iffartfilm.com\/en\/","logo":{"@type":"ImageObject","inLanguage":"en-US","@id":"https:\/\/iffartfilm.com\/en\/#\/schema\/logo\/image\/","url":"https:\/\/iffartfilm.com\/wp-content\/uploads\/2024\/11\/aff-cinepass-2025.png","contentUrl":"https:\/\/iffartfilm.com\/wp-content\/uploads\/2024\/11\/aff-cinepass-2025.png","width":486,"height":215,"caption":"ART FILM FEST, s.r.o."},"image":{"@id":"https:\/\/iffartfilm.com\/en\/#\/schema\/logo\/image\/"},"sameAs":["https:\/\/www.facebook.com\/IFFArtFilmKosice","https:\/\/x.com\/ArtFilmFestSVK","https:\/\/www.instagram.com\/iffartfilmkosice\/","https:\/\/www.youtube.com\/user\/artfilmfest81\/","https:\/\/www.linkedin.com\/company\/international-film-festival-art-film"]}]}},"_links":{"self":[{"href":"https:\/\/iffartfilm.com\/en\/wp-json\/wp\/v2\/pages\/11991","targetHints":{"allow":["GET"]}}],"collection":[{"href":"https:\/\/iffartfilm.com\/en\/wp-json\/wp\/v2\/pages"}],"about":[{"href":"https:\/\/iffartfilm.com\/en\/wp-json\/wp\/v2\/types\/page"}],"author":[{"embeddable":true,"href":"https:\/\/iffartfilm.com\/en\/wp-json\/wp\/v2\/users\/2"}],"replies":[{"embeddable":true,"href":"https:\/\/iffartfilm.com\/en\/wp-json\/wp\/v2\/comments?post=11991"}],"version-history":[{"count":0,"href":"https:\/\/iffartfilm.com\/en\/wp-json\/wp\/v2\/pages\/11991\/revisions"}],"up":[{"embeddable":true,"href":"https:\/\/iffartfilm.com\/en\/wp-json\/wp\/v2\/pages\/8397"}],"wp:featuredmedia":[{"embeddable":true,"href":"https:\/\/iffartfilm.com\/en\/wp-json\/wp\/v2\/media\/26081"}],"wp:attachment":[{"href":"https:\/\/iffartfilm.com\/en\/wp-json\/wp\/v2\/media?parent=11991"}],"curies":[{"name":"wp","href":"https:\/\/api.w.org\/{rel}","templated":true}]}}